{"id":2024,"date":"2026-04-07T20:27:21","date_gmt":"2026-04-07T20:27:21","guid":{"rendered":"https:\/\/sitiabeach.com\/restauration-restaurants\/"},"modified":"2026-05-11T17:15:45","modified_gmt":"2026-05-11T17:15:45","slug":"restauration-restaurants","status":"publish","type":"page","link":"https:\/\/sitiabeach.com\/fr\/restauration-restaurants\/","title":{"rendered":"RESTAURATION &#8211; RESTAURANTS"},"content":{"rendered":"<div class=\"et_pb_section_0 et_pb_section et_section_regular et_block_section\">\r\n<div class=\"et_pb_row_0 et_pb_row et_block_row\">\r\n<div class=\"et_pb_column_0 et_pb_column et_pb_column_4_4 et-last-child et_block_column et_pb_css_mix_blend_mode_passthrough\">\r\n<div class=\"et_pb_text_0 et_pb_text et_pb_bg_layout_light et_pb_module et_flex_module\"><div class=\"et_pb_text_inner\"><div class=\"ph-c\">\n<h1><span style=\"color: #ffffff;\">Restaurants<\/span><\/h1>\n<p>SAVEURS AUTHENTIQUES - H\u00c9RITAGE CR\u00c9TOIS - INGR\u00c9DIENTS FRAIS<\/p>\n<\/div>\n<\/div><\/div>\r\n<\/div>\r\n<\/div>\r\n<\/div>\r\n\r\n<div class=\"et_pb_section_1 et_pb_section et_section_regular et_flex_section\">\r\n<div class=\"et_pb_row_1 et_pb_row et_flex_row\">\r\n<div class=\"et_pb_column_1 et_pb_column et-last-child et_flex_column et_pb_css_mix_blend_mode_passthrough et_flex_column_24_24 et_flex_column_24_24_tablet et_flex_column_24_24_phone\">\r\n<div class=\"et_pb_text_1 et_pb_text et_pb_bg_layout_light et_pb_module et_flex_module\"><div class=\"et_pb_text_inner\"><div class=\"sl\" style=\"text-align: center;\">Le go\u00fbt<\/div>\n<h2 class=\"st\" style=\"text-align: center;\">Restaurants<\/h2>\n<p style=\"text-align: center; margin: 0 auto;\">Le Sitia Beach City Resort &amp; Spa dispose de deux restaurants, chacun offrant une exp\u00e9rience gastronomique distincte inspir\u00e9e par les riches saveurs et l'h\u00e9ritage culinaire de la Cr\u00e8te.<br \/>\nDu matin au soir, nos restaurants vous invitent \u00e0 savourer des saveurs authentiques, qu'il s'agisse de g\u00e9n\u00e9reux buffets pr\u00e9sentant des sp\u00e9cialit\u00e9s grecques et cr\u00e9toises ou de plats soigneusement pr\u00e9par\u00e9s \u00e0 partir d'ingr\u00e9dients frais et d'origine locale.<\/p>\n<p style=\"text-align: center; margin: 0 auto;\">Que vous commenciez votre journ\u00e9e par un petit d\u00e9jeuner traditionnel, que vous preniez un d\u00e9jeuner d\u00e9tendu ou que vous savouriez un d\u00eener m\u00e9morable, chaque repas est pr\u00e9par\u00e9 avec soin pour refl\u00e9ter l'essence de l'hospitalit\u00e9 cr\u00e9toise et du c\u00e9l\u00e8bre r\u00e9gime m\u00e9diterran\u00e9en.<\/p>\n<\/div><\/div>\r\n<\/div>\r\n<\/div>\r\n<\/div>\r\n\r\n<div class=\"et_pb_section_2 et_pb_section et_section_regular et_flex_section\" id=\"main-rest\">\r\n<div class=\"et_pb_row_2 et_pb_row et_flex_row\">\r\n<div class=\"et_pb_column_2 et_pb_column et-last-child et_flex_column et_pb_css_mix_blend_mode_passthrough et_flex_column_24_24 et_flex_column_24_24_tablet et_flex_column_24_24_phone\">\r\n<div class=\"et_pb_text_2 et_pb_text et_pb_bg_layout_light et_pb_module et_flex_module\"><div class=\"et_pb_text_inner\"><div class=\"ds\">\n<div class=\"di\"><img decoding=\"async\" src=\"https:\/\/sitiabeach.com\/wp-content\/uploads\/2026\/04\/Main-Restaurant.jpg\" alt=\"Restaurant principal\"><\/div>\n<div class=\"dc\">\n<div class=\"sl\">Restaurants<\/div>\n<h2 class=\"st\">Restaurant principal<\/h2>\n<p class=\"sx\" style=\"text-align: justify;\">Chaque journ\u00e9e commence par un copieux petit d\u00e9jeuner buffet traditionnel, qui vous permettra de d\u00e9couvrir les saveurs authentiques de la Cr\u00e8te. Au Cretan Corner, sp\u00e9cialement cr\u00e9\u00e9 pour l'occasion, vous pourrez d\u00e9guster une vari\u00e9t\u00e9 de plats grecs et de produits cr\u00e9tois raffin\u00e9s.<br \/>Pour le d\u00e9jeuner et le d\u00eener, le buffet du restaurant propose de d\u00e9licieux plats inspir\u00e9s des traditions culinaires grecques et cr\u00e9toises. Le chef s\u00e9lectionne chaque jour avec soin des ingr\u00e9dients frais et locaux pour cr\u00e9er des recettes exceptionnelles, dont beaucoup s'inspirent du r\u00e9gime cr\u00e9tois, mondialement connu pour ses bienfaits sur la sant\u00e9. Accompagnez votre repas d'un vin soigneusement choisi parmi notre vaste s\u00e9lection ou d\u00e9gustez une bi\u00e8re pression rafra\u00eechissante.   <\/p>\n<p class=\"sx\" style=\"text-align: justify;\"><strong>Avis important :<\/strong> L'eau, les boissons non alcoolis\u00e9es, la bi\u00e8re pression et les vins maison sont inclus dans notre programme tout compris.<\/p>\n<div class=\"ht\">\n<div class=\"hr\"><strong>Buffet petit-d\u00e9jeuner<\/strong><span>07:00 - 10:30<\/span><\/div>\n<div class=\"hr\"><strong>D\u00e9jeuner buffet<\/strong><span>12:30 - 14:30<\/span><\/div>\n<div class=\"hr\"><strong>D\u00eener buffet<\/strong><span>19:00 - 21:30<\/span><\/div>\n<\/div>\n<p>&nbsp;<\/p>\n<p><strong>Veuillez noter que<\/strong> la corbeille de fruits est disponible sur demande pour les clients All Inclusive.<\/p>\n<\/div>\n<\/div>\n<\/div><\/div>\r\n\r\n<div class=\"et_pb_gallery_0 et_pb_gallery et_pb_bg_layout_light et_pb_gallery_grid et_pb_module\" data-auto-rotate=\"off\" data-auto-rotate-speed=\"\"><div class=\"et_pb_gallery_items et_post_gallery clearfix et_grid_module\" data-per_page=\"10\"><div class=\"et_pb_gallery_item et_pb_grid_item et_pb_gallery_item_0_0\"><div class=\"et_pb_gallery_image landscape\" data-per_page=\"10\"><a href=\"https:\/\/sitiabeach.com\/wp-content\/uploads\/2026\/04\/Main-Restaurant-Terrace.jpg\" title=\"Main Restaurant Terrace\"><img loading=\"lazy\" decoding=\"async\" width=\"400\" height=\"284\" src=\"https:\/\/sitiabeach.com\/wp-content\/uploads\/2026\/04\/Main-Restaurant-Terrace-400x284.jpg\" alt=\"\" class=\"wp-image-1663\" srcset=\"https:\/\/sitiabeach.com\/wp-content\/uploads\/2026\/04\/Main-Restaurant-Terrace.jpg 479w, https:\/\/sitiabeach.com\/wp-content\/uploads\/2026\/04\/Main-Restaurant-Terrace-400x284.jpg 480w\" sizes=\"(max-width:479px) 479px, 100vw\" \/><span class=\"et_overlay\" data-icon=\"\" data-icon-tablet=\"\" data-icon-phone=\"\"><\/span><\/a><\/div><\/div><div class=\"et_pb_gallery_item et_pb_grid_item et_pb_gallery_item_0_1\"><div class=\"et_pb_gallery_image landscape\" data-per_page=\"10\"><a href=\"https:\/\/sitiabeach.com\/wp-content\/uploads\/2026\/04\/Main-Restaurant-1.jpg\" title=\"Main Restaurant\"><img loading=\"lazy\" decoding=\"async\" width=\"400\" height=\"284\" src=\"https:\/\/sitiabeach.com\/wp-content\/uploads\/2026\/04\/Main-Restaurant-1-400x284.jpg\" alt=\"\" class=\"wp-image-1665\" srcset=\"https:\/\/sitiabeach.com\/wp-content\/uploads\/2026\/04\/Main-Restaurant-1.jpg 479w, https:\/\/sitiabeach.com\/wp-content\/uploads\/2026\/04\/Main-Restaurant-1-400x284.jpg 480w\" sizes=\"(max-width:479px) 479px, 100vw\" \/><span class=\"et_overlay\" data-icon=\"\" data-icon-tablet=\"\" data-icon-phone=\"\"><\/span><\/a><\/div><\/div><div class=\"et_pb_gallery_item et_pb_grid_item et_pb_gallery_item_0_2\"><div class=\"et_pb_gallery_image landscape\" data-per_page=\"10\"><a href=\"https:\/\/sitiabeach.com\/wp-content\/uploads\/2026\/04\/Main-Restaurant-2.jpg\" title=\"Main Restaurant (2)\"><img loading=\"lazy\" decoding=\"async\" width=\"400\" height=\"284\" src=\"https:\/\/sitiabeach.com\/wp-content\/uploads\/2026\/04\/Main-Restaurant-2-400x284.jpg\" alt=\"\" class=\"wp-image-1667\" srcset=\"https:\/\/sitiabeach.com\/wp-content\/uploads\/2026\/04\/Main-Restaurant-2.jpg 479w, https:\/\/sitiabeach.com\/wp-content\/uploads\/2026\/04\/Main-Restaurant-2-400x284.jpg 480w\" sizes=\"(max-width:479px) 479px, 100vw\" \/><span class=\"et_overlay\" data-icon=\"\" data-icon-tablet=\"\" data-icon-phone=\"\"><\/span><\/a><\/div><\/div><div class=\"et_pb_gallery_item et_pb_grid_item et_pb_gallery_item_0_3\"><div class=\"et_pb_gallery_image landscape\" data-per_page=\"10\"><a href=\"https:\/\/sitiabeach.com\/wp-content\/uploads\/2026\/04\/Main-Restaurant-3.jpg\" title=\"Main Restaurant (3)\"><img loading=\"lazy\" decoding=\"async\" width=\"400\" height=\"284\" src=\"https:\/\/sitiabeach.com\/wp-content\/uploads\/2026\/04\/Main-Restaurant-3-400x284.jpg\" alt=\"\" class=\"wp-image-1669\" srcset=\"https:\/\/sitiabeach.com\/wp-content\/uploads\/2026\/04\/Main-Restaurant-3.jpg 479w, https:\/\/sitiabeach.com\/wp-content\/uploads\/2026\/04\/Main-Restaurant-3-400x284.jpg 480w\" sizes=\"(max-width:479px) 479px, 100vw\" \/><span class=\"et_overlay\" data-icon=\"\" data-icon-tablet=\"\" data-icon-phone=\"\"><\/span><\/a><\/div><\/div><div class=\"et_pb_gallery_item et_pb_grid_item et_pb_gallery_item_0_4\"><div class=\"et_pb_gallery_image landscape\" data-per_page=\"10\"><a href=\"https:\/\/sitiabeach.com\/wp-content\/uploads\/2026\/04\/Main-Restaurant-4.jpg\" title=\"Main Restaurant (4)\"><img loading=\"lazy\" decoding=\"async\" width=\"400\" height=\"284\" src=\"https:\/\/sitiabeach.com\/wp-content\/uploads\/2026\/04\/Main-Restaurant-4-400x284.jpg\" alt=\"\" class=\"wp-image-1671\" srcset=\"https:\/\/sitiabeach.com\/wp-content\/uploads\/2026\/04\/Main-Restaurant-4.jpg 479w, https:\/\/sitiabeach.com\/wp-content\/uploads\/2026\/04\/Main-Restaurant-4-400x284.jpg 480w\" sizes=\"(max-width:479px) 479px, 100vw\" \/><span class=\"et_overlay\" data-icon=\"\" data-icon-tablet=\"\" data-icon-phone=\"\"><\/span><\/a><\/div><\/div><div class=\"et_pb_gallery_item et_pb_grid_item et_pb_gallery_item_0_5\"><div class=\"et_pb_gallery_image landscape\" data-per_page=\"10\"><a href=\"https:\/\/sitiabeach.com\/wp-content\/uploads\/2026\/04\/Main-Restaurant-Entrance.jpg\" title=\"Main Restaurant Entrance\"><img loading=\"lazy\" decoding=\"async\" width=\"400\" height=\"284\" src=\"https:\/\/sitiabeach.com\/wp-content\/uploads\/2026\/04\/Main-Restaurant-Entrance-400x284.jpg\" alt=\"\" class=\"wp-image-1673\" srcset=\"https:\/\/sitiabeach.com\/wp-content\/uploads\/2026\/04\/Main-Restaurant-Entrance.jpg 479w, https:\/\/sitiabeach.com\/wp-content\/uploads\/2026\/04\/Main-Restaurant-Entrance-400x284.jpg 480w\" sizes=\"(max-width:479px) 479px, 100vw\" \/><span class=\"et_overlay\" data-icon=\"\" data-icon-tablet=\"\" data-icon-phone=\"\"><\/span><\/a><\/div><\/div><div class=\"et_pb_gallery_item et_pb_grid_item et_pb_gallery_item_0_6\"><div class=\"et_pb_gallery_image landscape\" data-per_page=\"10\"><a href=\"https:\/\/sitiabeach.com\/wp-content\/uploads\/2026\/04\/Main-Restaurant-Terrace-1.jpg\" title=\"Main Restaurant Terrace (1)\"><img loading=\"lazy\" decoding=\"async\" width=\"400\" height=\"284\" src=\"https:\/\/sitiabeach.com\/wp-content\/uploads\/2026\/04\/Main-Restaurant-Terrace-1-400x284.jpg\" alt=\"\" class=\"wp-image-1675\" srcset=\"https:\/\/sitiabeach.com\/wp-content\/uploads\/2026\/04\/Main-Restaurant-Terrace-1.jpg 479w, https:\/\/sitiabeach.com\/wp-content\/uploads\/2026\/04\/Main-Restaurant-Terrace-1-400x284.jpg 480w\" sizes=\"(max-width:479px) 479px, 100vw\" \/><span class=\"et_overlay\" data-icon=\"\" data-icon-tablet=\"\" data-icon-phone=\"\"><\/span><\/a><\/div><\/div><\/div><\/div>\r\n<\/div>\r\n<\/div>\r\n<\/div>\r\n\r\n<div class=\"et_pb_section_3 et_pb_section et_section_regular et_flex_section\" id=\"alacarte\">\r\n<div class=\"et_pb_row_3 et_pb_row et_flex_row\">\r\n<div class=\"et_pb_column_3 et_pb_column et-last-child et_flex_column et_pb_css_mix_blend_mode_passthrough et_flex_column_24_24 et_flex_column_24_24_tablet et_flex_column_24_24_phone\">\r\n<div class=\"et_pb_text_3 et_pb_text et_pb_bg_layout_light et_pb_module et_flex_module\"><div class=\"et_pb_text_inner\"><div class=\"ds\" style=\"direction: rtl;\">\n<div class=\"di\" style=\"direction: ltr;\"><img decoding=\"async\" src=\"https:\/\/sitiabeach.com\/wp-content\/uploads\/2026\/04\/A-La-Carte-4.jpg\" alt=\"Restaurant principal\"><\/div>\n<div class=\"dc\" style=\"direction: ltr; background: var(--white);\">\n<div class=\"sl\">RESTAURANTS<\/div>\n<h2 class=\"st\">Restaurant \u00e0 la carte<\/h2>\n<p class=\"sx\">Pour une exp\u00e9rience culinaire plus raffin\u00e9e, notre restaurant \u00e0 la carte propose un large \u00e9ventail de d\u00e9lices asiatiques. Des plats savamment \u00e9labor\u00e9s, des saveurs \u00e9quilibr\u00e9es et une pr\u00e9sentation \u00e9l\u00e9gante cr\u00e9ent un voyage culinaire m\u00e9morable, id\u00e9al pour ceux qui recherchent quelque chose de vraiment sp\u00e9cial pendant leur s\u00e9jour.<br \/>\nQue ce soit pour un d\u00e9jeuner d\u00e9contract\u00e9 ou un d\u00eener intime, chaque restaurant promet qualit\u00e9, vari\u00e9t\u00e9 et service attentif dans un cadre accueillant. <\/p>\n<p class=\"sx\" style=\"margin-top: 16px; font-style: italic; font-size: 12px; color: var(--grey);\"><strong>Veuillez noter que<\/strong> le restaurant \u00e0 la carte fonctionne de mani\u00e8re saisonni\u00e8re et qu'il est soumis aux conditions m\u00e9t\u00e9orologiques et aux disponibilit\u00e9s saisonni\u00e8res.<\/p>\n<\/div>\n<\/div>\n<\/div><\/div>\r\n\r\n<div class=\"et_pb_gallery_1 et_pb_gallery et_pb_bg_layout_light et_pb_gallery_grid et_pb_module\" data-auto-rotate=\"off\" data-auto-rotate-speed=\"\"><div class=\"et_pb_gallery_items et_post_gallery clearfix et_grid_module\" data-per_page=\"4\"><div class=\"et_pb_gallery_item et_pb_grid_item et_pb_gallery_item_1_0\"><div class=\"et_pb_gallery_image landscape\" data-per_page=\"4\"><a href=\"https:\/\/sitiabeach.com\/wp-content\/uploads\/2026\/04\/A-La-Carte-3.jpg\" title=\"A La Carte (3)\"><img loading=\"lazy\" decoding=\"async\" width=\"400\" height=\"284\" src=\"https:\/\/sitiabeach.com\/wp-content\/uploads\/2026\/04\/A-La-Carte-3-400x284.jpg\" alt=\"\" class=\"wp-image-1677\" srcset=\"https:\/\/sitiabeach.com\/wp-content\/uploads\/2026\/04\/A-La-Carte-3.jpg 479w, https:\/\/sitiabeach.com\/wp-content\/uploads\/2026\/04\/A-La-Carte-3-400x284.jpg 480w\" sizes=\"(max-width:479px) 479px, 100vw\" \/><span class=\"et_overlay\" data-icon=\"\" data-icon-tablet=\"\" data-icon-phone=\"\"><\/span><\/a><\/div><\/div><div class=\"et_pb_gallery_item et_pb_grid_item et_pb_gallery_item_1_1\"><div class=\"et_pb_gallery_image landscape\" data-per_page=\"4\"><a href=\"https:\/\/sitiabeach.com\/wp-content\/uploads\/2026\/04\/A-La-Carte-5.jpg\" title=\"A La Carte (5)\"><img loading=\"lazy\" decoding=\"async\" width=\"400\" height=\"284\" src=\"https:\/\/sitiabeach.com\/wp-content\/uploads\/2026\/04\/A-La-Carte-5-400x284.jpg\" alt=\"\" class=\"wp-image-1681\" srcset=\"https:\/\/sitiabeach.com\/wp-content\/uploads\/2026\/04\/A-La-Carte-5.jpg 479w, https:\/\/sitiabeach.com\/wp-content\/uploads\/2026\/04\/A-La-Carte-5-400x284.jpg 480w\" sizes=\"(max-width:479px) 479px, 100vw\" \/><span class=\"et_overlay\" data-icon=\"\" data-icon-tablet=\"\" data-icon-phone=\"\"><\/span><\/a><\/div><\/div><div class=\"et_pb_gallery_item et_pb_grid_item et_pb_gallery_item_1_2\"><div class=\"et_pb_gallery_image landscape\" data-per_page=\"4\"><a href=\"https:\/\/sitiabeach.com\/wp-content\/uploads\/2026\/04\/A-La-Carte_.jpg\" title=\"A La Carte_\"><img loading=\"lazy\" decoding=\"async\" width=\"400\" height=\"284\" src=\"https:\/\/sitiabeach.com\/wp-content\/uploads\/2026\/04\/A-La-Carte_-400x284.jpg\" alt=\"\" class=\"wp-image-1685\" srcset=\"https:\/\/sitiabeach.com\/wp-content\/uploads\/2026\/04\/A-La-Carte_.jpg 479w, https:\/\/sitiabeach.com\/wp-content\/uploads\/2026\/04\/A-La-Carte_-400x284.jpg 480w\" sizes=\"(max-width:479px) 479px, 100vw\" \/><span class=\"et_overlay\" data-icon=\"\" data-icon-tablet=\"\" data-icon-phone=\"\"><\/span><\/a><\/div><\/div><div class=\"et_pb_gallery_item et_pb_grid_item et_pb_gallery_item_1_3\"><div class=\"et_pb_gallery_image landscape\" data-per_page=\"4\"><a href=\"https:\/\/sitiabeach.com\/wp-content\/uploads\/2026\/04\/A-La-Carte-2-1.jpg\" title=\"A La Carte (2)\"><img loading=\"lazy\" decoding=\"async\" width=\"400\" height=\"284\" src=\"https:\/\/sitiabeach.com\/wp-content\/uploads\/2026\/04\/A-La-Carte-2-1-400x284.jpg\" alt=\"\" class=\"wp-image-1687\" srcset=\"https:\/\/sitiabeach.com\/wp-content\/uploads\/2026\/04\/A-La-Carte-2-1.jpg 479w, https:\/\/sitiabeach.com\/wp-content\/uploads\/2026\/04\/A-La-Carte-2-1-400x284.jpg 480w\" sizes=\"(max-width:479px) 479px, 100vw\" \/><span class=\"et_overlay\" data-icon=\"\" data-icon-tablet=\"\" data-icon-phone=\"\"><\/span><\/a><\/div><\/div><\/div><\/div>\r\n<\/div>\r\n<\/div>\r\n<\/div>\r\n\r\n<div class=\"et_pb_section_4 et_pb_section et_section_regular et_flex_section\">\r\n<div class=\"et_pb_row_4 et_pb_row et_flex_row\">\r\n<div class=\"et_pb_column_4 et_pb_column et-last-child et_flex_column et_pb_css_mix_blend_mode_passthrough et_flex_column_24_24 et_flex_column_24_24_tablet et_flex_column_24_24_phone\">\r\n<div class=\"et_pb_image_0 et_pb_image et_pb_module et_flex_module\"><span class=\"et_pb_image_wrap\"><img decoding=\"async\" src=\"data:image\/svg+xml;base64,PHN2ZyB3aWR0aD0iMTA4MCIgaGVpZ2h0PSI1NDAiIHZpZXdCb3g9IjAgMCAxMDgwIDU0MCIgeG1sbnM9Imh0dHA6Ly93d3cudzMub3JnLzIwMDAvc3ZnIj4KICAgIDxnIGZpbGw9Im5vbmUiIGZpbGwtcnVsZT0iZXZlbm9kZCI+CiAgICAgICAgPHBhdGggZmlsbD0iI0VCRUJFQiIgZD0iTTAgMGgxMDgwdjU0MEgweiIvPgogICAgICAgIDxwYXRoIGQ9Ik00NDUuNjQ5IDU0MGgtOTguOTk1TDE0NC42NDkgMzM3Ljk5NSAwIDQ4Mi42NDR2LTk4Ljk5NWwxMTYuMzY1LTExNi4zNjVjMTUuNjItMTUuNjIgNDAuOTQ3LTE1LjYyIDU2LjU2OCAwTDQ0NS42NSA1NDB6IiBmaWxsLW9wYWNpdHk9Ii4xIiBmaWxsPSIjMDAwIiBmaWxsLXJ1bGU9Im5vbnplcm8iLz4KICAgICAgICA8Y2lyY2xlIGZpbGwtb3BhY2l0eT0iLjA1IiBmaWxsPSIjMDAwIiBjeD0iMzMxIiBjeT0iMTQ4IiByPSI3MCIvPgogICAgICAgIDxwYXRoIGQ9Ik0xMDgwIDM3OXYxMTMuMTM3TDcyOC4xNjIgMTQwLjMgMzI4LjQ2MiA1NDBIMjE1LjMyNEw2OTkuODc4IDU1LjQ0NmMxNS42Mi0xNS42MiA0MC45NDgtMTUuNjIgNTYuNTY4IDBMMTA4MCAzNzl6IiBmaWxsLW9wYWNpdHk9Ii4yIiBmaWxsPSIjMDAwIiBmaWxsLXJ1bGU9Im5vbnplcm8iLz4KICAgIDwvZz4KPC9zdmc+Cg==\" title=\"Restaurant principal\" width=\"\" height=\"\" srcset=\"\" sizes=\"\" class=\"wp-image-1665\" \/><\/span><\/div>\r\n\r\n<div class=\"et_pb_text_4 et_pb_text et_pb_bg_layout_light et_pb_module et_flex_module\"><div class=\"et_pb_text_inner\" data-et-mv-hidden-phone=\"true\"><div class=\"ds\">\n<div class=\"di\"><img decoding=\"async\" src=\"https:\/\/sitiabeach.com\/wp-content\/uploads\/2026\/04\/Main-Restaurant.jpg\" alt=\"Restaurant principal\"><\/div>\n<div class=\"dc\">\n<div class=\"sl\">Restaurants<\/div>\n<h2 class=\"st\">Restaurant principal<\/h2>\n<p class=\"sx\">Chaque journ\u00e9e commence par un copieux petit d\u00e9jeuner buffet traditionnel aux saveurs cr\u00e9toises authentiques. Pour le d\u00e9jeuner et le d\u00eener, le buffet propose de d\u00e9licieux plats inspir\u00e9s des traditions culinaires grecques et cr\u00e9toises, pr\u00e9par\u00e9s \u00e0 partir d'ingr\u00e9dients frais provenant de la r\u00e9gion. <\/p>\n<div class=\"ht\">\n<div class=\"hr\"><strong>Buffet petit-d\u00e9jeuner<\/strong><span>07:00 - 10:30<\/span><\/div>\n<div class=\"hr\"><strong>D\u00e9jeuner buffet<\/strong><span>12:30 - 14:30<\/span><\/div>\n<div class=\"hr\"><strong>D\u00eener buffet<\/strong><span>19:00 - 21:30<\/span><\/div>\n<\/div>\n<\/div>\n<\/div>\n<\/div><\/div>\r\n<\/div>\r\n<\/div>\r\n<\/div>\r\n\r\n<div class=\"et_pb_section_5 et_pb_section et_section_regular et_flex_section\">\r\n<div class=\"et_pb_row_5 et_pb_row et_flex_row\">\r\n<div class=\"et_pb_column_5 et_pb_column et-last-child et_flex_column et_pb_css_mix_blend_mode_passthrough et_flex_column_24_24 et_flex_column_24_24_tablet et_flex_column_24_24_phone\">\r\n<div class=\"et_pb_image_1 et_pb_image et_pb_module et_flex_module\"><span class=\"et_pb_image_wrap\"><img decoding=\"async\" src=\"\" title=\"A la carte\" width=\"\" height=\"\" srcset=\"\" sizes=\"\" class=\"wp-image-1679\" \/><\/span><\/div>\r\n\r\n<div class=\"et_pb_text_5 et_pb_text et_pb_bg_layout_light et_pb_module et_flex_module\"><div class=\"et_pb_text_inner\" data-et-mv-hidden-phone=\"true\"><div class=\"ds\" style=\"direction: rtl;\">\n<div class=\"di\" style=\"direction: ltr;\"><img decoding=\"async\" src=\"https:\/\/sitiabeach.com\/wp-content\/uploads\/2026\/04\/A-La-Carte-4.jpg\" alt=\"Restaurant principal\"><\/div>\n<div class=\"dc\" style=\"direction: ltr; background: var(--white);\">\n<div class=\"sl\">Gastronomie<\/div>\n<h2 class=\"st\">Restaurant \u00e0 la carte<\/h2>\n<p class=\"sx\">Pour une exp\u00e9rience culinaire plus raffin\u00e9e, notre restaurant \u00e0 la carte propose un large \u00e9ventail de d\u00e9lices asiatiques. Des plats \u00e9labor\u00e9s par des experts, des saveurs \u00e9quilibr\u00e9es et une pr\u00e9sentation \u00e9l\u00e9gante cr\u00e9ent un voyage culinaire m\u00e9morable. <\/p>\n<p class=\"sx\" style=\"margin-top: 16px; font-style: italic; font-size: 12px; color: var(--grey);\">Le restaurant \u00e0 la carte fonctionne de mani\u00e8re saisonni\u00e8re et est soumis aux conditions m\u00e9t\u00e9orologiques.<\/p>\n<\/div>\n<\/div>\n<\/div><\/div>\r\n<\/div>\r\n<\/div>\r\n<\/div>\r\n\r\n<div class=\"et_pb_section_6 et_pb_section et_section_regular et_flex_section\">\r\n<div class=\"et_pb_row_6 et_pb_row et_flex_row\">\r\n<div class=\"et_pb_column_6 et_pb_column et-last-child et_flex_column et_pb_css_mix_blend_mode_passthrough et_flex_column_24_24 et_flex_column_24_24_tablet et_flex_column_24_24_phone\">\r\n<div class=\"et_pb_text_6 et_pb_text et_pb_bg_layout_light et_pb_module et_flex_module\"><div class=\"et_pb_text_inner\" data-et-mv-hidden-phone=\"true\"><div style=\"text-align: center;\">\n<div class=\"sl\" style=\"text-align: center;\">Barres<\/div>\n<h2 class=\"st\" style=\"text-align: center;\">D\u00e9tente et relaxation<\/h2>\n<\/div>\n<div class=\"bg\">\n<div class=\"bc\"><a href=\"https:\/\/sitiabeach.com\/fr\/bar-a-diner\/#lobbybar\"><img decoding=\"async\" src=\"https:\/\/sitiabeach.com\/wp-content\/uploads\/2026\/04\/Main-Bar-4.jpg\" alt=\"Bar du hall\"><\/a><\/p>\n<div class=\"bc-ov\">\n<h3><a href=\"https:\/\/sitiabeach.com\/fr\/bar-a-diner\/#lobbybar\"><span style=\"color: #ffffff;\">Bar du hall principal<\/span><\/a><\/h3>\n<p>Spiritueux locaux - Cocktails - Vue sur la mer<\/p>\n<\/div>\n<\/div>\n<div class=\"bc\"><a href=\"https:\/\/sitiabeach.com\/fr\/bar-a-diner\/#poolbar\"><img decoding=\"async\" src=\"https:\/\/sitiabeach.com\/wp-content\/uploads\/2026\/04\/pool-bar-2.jpg\" alt=\"Bar de la piscine\"><\/a><\/p>\n<div class=\"bc-ov\">\n<h3><a href=\"https:\/\/sitiabeach.com\/fr\/bar-a-diner\/#poolbar\"><span style=\"color: #ffffff;\">Bar de la piscine<\/span><\/a><\/h3>\n<p>Bouch\u00e9es l\u00e9g\u00e8res - Rafra\u00eechissements - Service au bord de la piscine<\/p>\n<\/div>\n<\/div>\n<\/div>\n<\/div><\/div>\r\n<\/div>\r\n<\/div>\r\n<\/div>","protected":false},"excerpt":{"rendered":"","protected":false},"author":1,"featured_media":0,"parent":0,"menu_order":0,"comment_status":"closed","ping_status":"closed","template":"","meta":{"footnotes":""},"class_list":["post-2024","page","type-page","status-publish","hentry"],"_links":{"self":[{"href":"https:\/\/sitiabeach.com\/fr\/wp-json\/wp\/v2\/pages\/2024","targetHints":{"allow":["GET"]}}],"collection":[{"href":"https:\/\/sitiabeach.com\/fr\/wp-json\/wp\/v2\/pages"}],"about":[{"href":"https:\/\/sitiabeach.com\/fr\/wp-json\/wp\/v2\/types\/page"}],"author":[{"embeddable":true,"href":"https:\/\/sitiabeach.com\/fr\/wp-json\/wp\/v2\/users\/1"}],"replies":[{"embeddable":true,"href":"https:\/\/sitiabeach.com\/fr\/wp-json\/wp\/v2\/comments?post=2024"}],"version-history":[{"count":5,"href":"https:\/\/sitiabeach.com\/fr\/wp-json\/wp\/v2\/pages\/2024\/revisions"}],"predecessor-version":[{"id":2031,"href":"https:\/\/sitiabeach.com\/fr\/wp-json\/wp\/v2\/pages\/2024\/revisions\/2031"}],"wp:attachment":[{"href":"https:\/\/sitiabeach.com\/fr\/wp-json\/wp\/v2\/media?parent=2024"}],"curies":[{"name":"wp","href":"https:\/\/api.w.org\/{rel}","templated":true}]}}