{"id":2020,"date":"2026-04-09T04:46:37","date_gmt":"2026-04-09T04:46:37","guid":{"rendered":"https:\/\/sitiabeach.com\/services-hotelliers\/"},"modified":"2026-05-11T17:15:39","modified_gmt":"2026-05-11T17:15:39","slug":"services-hotelliers","status":"publish","type":"page","link":"https:\/\/sitiabeach.com\/fr\/services-hotelliers\/","title":{"rendered":"SERVICES H\u00d4TELLIERS"},"content":{"rendered":"<div class=\"et_pb_section_0 et_pb_section et_section_regular et_block_section\">\n<div class=\"et_pb_row_0 et_pb_row et_block_row\">\n<div class=\"et_pb_column_0 et_pb_column et_pb_column_4_4 et-last-child et_block_column et_pb_css_mix_blend_mode_passthrough\">\n<div class=\"et_pb_text_0 et_pb_text et_pb_bg_layout_light et_pb_module et_flex_module\"><div class=\"et_pb_text_inner\"><div class=\"ph-c\">\n<h1>Services h\u00f4teliers<\/h1>\n<\/div>\n<p style=\"text-align: center;\">Faites l'exp\u00e9rience d'un s\u00e9jour confortable et agr\u00e9able<\/p>\n<\/div><\/div>\n<\/div>\n<\/div>\n<\/div>\n\n<div class=\"et_pb_section_1 et_pb_section et_section_regular et_flex_section\">\n<div class=\"et_pb_row_1 et_pb_row et_flex_row\">\n<div class=\"et_pb_column_1 et_pb_column et-last-child et_flex_column et_pb_css_mix_blend_mode_passthrough et_flex_column_24_24 et_flex_column_24_24_tablet et_flex_column_24_24_phone\">\n<div class=\"et_pb_text_1 et_pb_text et_pb_bg_layout_light et_pb_module et_flex_module\"><div class=\"et_pb_text_inner\"><div>\n<div class=\"sl\" style=\"text-align: center;\">Services h\u00f4teliers<\/div>\n<h2 class=\"st\" style=\"text-align: center;\">\u00c0 votre service<\/h2>\n<p style=\"text-align: center;\">\u00c0 Sitia Beach City Resort &amp; Spa,<br \/>, nous offrons une large gamme de services pour assurer un s\u00e9jour confortable et agr\u00e9able \u00e0 tous nos clients :<\/p>\n<\/div>\n<\/div><\/div>\n<\/div>\n<\/div>\n\n<div class=\"et_pb_row_2 et_pb_row et_flex_row\">\n<div class=\"et_pb_column_2 et_pb_column et_flex_column et_pb_css_mix_blend_mode_passthrough et_flex_column_6_24 et_flex_column_12_24_tablet et_flex_column_24_24_phone\">\n<div class=\"et_pb_text_2 et_pb_text et_pb_bg_layout_light et_pb_module et_flex_module\"><div class=\"et_pb_text_inner\"><ul>\n<li><strong>Wi-Fi gratuit<\/strong> dans les chambres et tous les espaces publics<\/li>\n<li><strong>Personnel de r\u00e9ception multilingue<\/strong><\/li>\n<li><strong>R\u00e9ception 24 heures sur 24<\/strong><\/li>\n<li><strong>Heure d'enregistrement : <\/strong>15:00<\/li>\n<li><strong>Heure de sortie : <\/strong>11h00<\/li>\n<li><strong>Enregistrement anticip\u00e9<\/strong> (sous r\u00e9serve de disponibilit\u00e9) et <strong>d\u00e9part express<\/strong><\/li>\n<li><strong>Service de navette<\/strong> vers\/depuis le port ou l'a\u00e9roport sur demande (des frais peuvent s'appliquer) ou informations sur les bus publics.<\/li>\n<li><strong>Services de location de voitures<\/strong> (payants)<\/li>\n<li><strong>Service de bagages<\/strong><\/li>\n<li><strong>Service de blanchisserie<\/strong> (payant)<\/li>\n<\/ul>\n<\/div><\/div>\n\n<div class=\"et_pb_text_3 et_pb_text et_pb_bg_layout_light et_pb_module et_flex_module\"><div class=\"et_pb_text_inner\"><p><strong>Note :<\/strong> Certains des services ci-dessus peuvent faire l'objet d'un suppl\u00e9ment. Veuillez nous contacter pour plus d'informations. <\/p>\n<\/div><\/div>\n<\/div>\n\n<div class=\"et_pb_column_3 et_pb_column et_flex_column et_pb_css_mix_blend_mode_passthrough et_flex_column_6_24 et_flex_column_12_24_tablet et_flex_column_24_24_phone\">\n<div class=\"et_pb_text_4 et_pb_text et_pb_bg_layout_light et_pb_module et_flex_module\"><div class=\"et_pb_text_inner\"><ul>\n<li><strong>Service de r\u00e9veil<\/strong><\/li>\n<li><strong>Parking gratuit<\/strong><\/li>\n<li><strong>Informations sur les visites organis\u00e9es et les activit\u00e9s locales<\/strong><\/li>\n<li><strong>Mini march\u00e9<\/strong> - tabac, sucreries, jouets, v\u00eatements d'\u00e9t\u00e9, produits de premi\u00e8re n\u00e9cessit\u00e9 et souvenirs.<\/li>\n<li><strong>Bouilloire \u00e9lectrique ou machine \u00e0 caf\u00e9<\/strong> disponibles sur demande<\/li>\n<li><strong>Deuxi\u00e8me service de nettoyage<\/strong> sur demande<\/li>\n<li>Possibilit\u00e9 de <strong>petit-d\u00e9jeuner matinal<\/strong> <\/li>\n<li><strong>Service en chambre<\/strong> (payant)<\/li>\n<li><strong>Corbeille de fruits disponible <\/strong>(pour les clients All Inclusive, sur demande)<\/li>\n<\/ul>\n<\/div><\/div>\n\n<div class=\"et_pb_text_5 et_pb_text et_pb_bg_layout_light et_pb_module et_flex_module\"><div class=\"et_pb_text_inner\"><p><strong>Note :<\/strong> Certains des services ci-dessus peuvent faire l'objet d'un suppl\u00e9ment. Veuillez nous contacter pour plus d'informations. <\/p>\n<\/div><\/div>\n<\/div>\n\n<div class=\"et_pb_column_4 et_pb_column et-last-child et_flex_column et_pb_css_mix_blend_mode_passthrough et_flex_column_12_24 et_flex_column_24_24_tablet et_flex_column_24_24_phone\">\n<div class=\"et_pb_image_0 et_pb_image et_pb_module et_flex_module\"><span class=\"et_pb_image_wrap\"><img loading=\"lazy\" decoding=\"async\" src=\"https:\/\/sitiabeach.com\/wp-content\/uploads\/2026\/04\/ATRIUM.jpg\" title=\"ATRIUM\" width=\"1920\" height=\"1440\" srcset=\"https:\/\/sitiabeach.com\/wp-content\/uploads\/2026\/04\/ATRIUM.jpg 1920w, https:\/\/sitiabeach.com\/wp-content\/uploads\/2026\/04\/ATRIUM-1280x960.jpg 1280w, https:\/\/sitiabeach.com\/wp-content\/uploads\/2026\/04\/ATRIUM-980x735.jpg 980w, https:\/\/sitiabeach.com\/wp-content\/uploads\/2026\/04\/ATRIUM-480x360.jpg 480w\" sizes=\"(min-width: 0px) and (max-width: 480px) 480px, (min-width: 481px) and (max-width: 980px) 980px, (min-width: 981px) and (max-width: 1280px) 1280px, (min-width: 1281px) 1920px, 100vw\" class=\"wp-image-1773\" \/><\/span><\/div>\n<\/div>\n<\/div>\n<\/div>","protected":false},"excerpt":{"rendered":"","protected":false},"author":1,"featured_media":0,"parent":0,"menu_order":0,"comment_status":"closed","ping_status":"closed","template":"","meta":{"footnotes":""},"class_list":["post-2020","page","type-page","status-publish","hentry"],"_links":{"self":[{"href":"https:\/\/sitiabeach.com\/fr\/wp-json\/wp\/v2\/pages\/2020","targetHints":{"allow":["GET"]}}],"collection":[{"href":"https:\/\/sitiabeach.com\/fr\/wp-json\/wp\/v2\/pages"}],"about":[{"href":"https:\/\/sitiabeach.com\/fr\/wp-json\/wp\/v2\/types\/page"}],"author":[{"embeddable":true,"href":"https:\/\/sitiabeach.com\/fr\/wp-json\/wp\/v2\/users\/1"}],"replies":[{"embeddable":true,"href":"https:\/\/sitiabeach.com\/fr\/wp-json\/wp\/v2\/comments?post=2020"}],"version-history":[{"count":2,"href":"https:\/\/sitiabeach.com\/fr\/wp-json\/wp\/v2\/pages\/2020\/revisions"}],"predecessor-version":[{"id":2026,"href":"https:\/\/sitiabeach.com\/fr\/wp-json\/wp\/v2\/pages\/2020\/revisions\/2026"}],"wp:attachment":[{"href":"https:\/\/sitiabeach.com\/fr\/wp-json\/wp\/v2\/media?parent=2020"}],"curies":[{"name":"wp","href":"https:\/\/api.w.org\/{rel}","templated":true}]}}