{"id":2017,"date":"2026-04-07T22:00:58","date_gmt":"2026-04-07T22:00:58","guid":{"rendered":"https:\/\/sitiabeach.com\/bar-a-diner\/"},"modified":"2026-05-11T17:57:35","modified_gmt":"2026-05-11T17:57:35","slug":"bar-a-diner","status":"publish","type":"page","link":"https:\/\/sitiabeach.com\/fr\/bar-a-diner\/","title":{"rendered":"BAR \u00c0 DINER"},"content":{"rendered":"<div class=\"et_pb_section_0 et_pb_section et_section_regular et_block_section\">\n<div class=\"et_pb_row_0 et_pb_row et_block_row\">\n<div class=\"et_pb_column_0 et_pb_column et_pb_column_4_4 et-last-child et_block_column et_pb_css_mix_blend_mode_passthrough\">\n<div class=\"et_pb_text_0 et_pb_text et_pb_bg_layout_light et_pb_module et_flex_module\"><div class=\"et_pb_text_inner\"><div class=\"ph-c\">\n<h1><span style=\"color: #ffffff;\">Barres  <\/span><\/h1>\n<p>COCKTAILS - VUE SUR LA SITIA - MOMENTS DE D\u00c9TENTE  <\/p>\n<\/div>\n<\/div><\/div>\n<\/div>\n<\/div>\n<\/div>\n\n<div class=\"et_pb_section_1 et_pb_section et_section_regular et_flex_section\" id=\"lobbybar\"><\/div>\n\n<div class=\"et_pb_section_2 et_pb_section et_section_regular et_flex_section\" id=\"lobbybar\">\n<div class=\"et_pb_row_1 et_pb_row et_flex_row\">\n<div class=\"et_pb_column_1 et_pb_column et-last-child et_flex_column et_pb_css_mix_blend_mode_passthrough et_flex_column_24_24 et_flex_column_24_24_tablet et_flex_column_24_24_phone\">\n<div class=\"et_pb_text_1 et_pb_text et_pb_bg_layout_light et_pb_module et_flex_module\"><div class=\"et_pb_text_inner\"><div class=\"ds\">\n<div class=\"di\"><img decoding=\"async\" src=\"https:\/\/sitiabeach.com\/wp-content\/uploads\/2026\/04\/Main-Bar-4-1.jpg\" alt=\"Restaurant principal\"><\/div>\n<div class=\"dc\">\n<div class=\"sl\">Barres<\/div>\n<h2 class=\"st\">Bar du hall principal<\/h2>\n<p class=\"sx\" style=\"text-align: justify;\">Une riche s\u00e9lection de spiritueux et de cocktails locaux et internationaux fait du bar du hall principal un lieu de pr\u00e9dilection pour les voyageurs qui appr\u00e9cient les boissons de qualit\u00e9. Vous y trouverez \u00e9galement du caf\u00e9, du th\u00e9, des jus de fruits frais et une vari\u00e9t\u00e9 de boissons chaudes et froides. D\u00e9gustez votre boisson dans le hall ou \u00e0 l'ext\u00e9rieur, pr\u00e8s des jardins avec vue sur la mer.  <\/p>\n<div class=\"ht\">\n<div class=\"hr\"><strong>Heures d'ouverture : <\/strong><span>17:30 - 01:00<\/span><\/div>\n<\/div>\n<p><\/p>\n<p> <a href=\"https:\/\/sitiabeach.com\/dining-restaurants\/#main-rest\" class=\"rl\" style=\"font-size: 12px; letter-spacing: 2.5px;\"><\/a><\/p>\n<\/div>\n<\/div>\n<\/div><\/div>\n\n<div class=\"et_pb_gallery_0 et_pb_gallery et_pb_bg_layout_light et_pb_gallery_grid et_pb_module\" data-auto-rotate=\"off\" data-auto-rotate-speed=\"\"><div class=\"et_pb_gallery_items et_post_gallery clearfix et_grid_module\" data-per_page=\"7\"><div class=\"et_pb_gallery_item et_pb_grid_item et_pb_gallery_item_0_0\"><div class=\"et_pb_gallery_image landscape\" data-per_page=\"7\"><a href=\"https:\/\/sitiabeach.com\/wp-content\/uploads\/2026\/04\/Main-Bar.jpg\" title=\"Main Bar\"><img loading=\"lazy\" decoding=\"async\" width=\"400\" height=\"284\" src=\"https:\/\/sitiabeach.com\/wp-content\/uploads\/2026\/04\/Main-Bar-400x284.jpg\" alt=\"\" class=\"wp-image-1693\" srcset=\"https:\/\/sitiabeach.com\/wp-content\/uploads\/2026\/04\/Main-Bar.jpg 479w, https:\/\/sitiabeach.com\/wp-content\/uploads\/2026\/04\/Main-Bar-400x284.jpg 480w\" sizes=\"(max-width:479px) 479px, 100vw\" \/><span class=\"et_overlay\" data-icon=\"\" data-icon-tablet=\"\" data-icon-phone=\"\"><\/span><\/a><\/div><\/div><div class=\"et_pb_gallery_item et_pb_grid_item et_pb_gallery_item_0_1\"><div class=\"et_pb_gallery_image landscape\" data-per_page=\"7\"><a href=\"https:\/\/sitiabeach.com\/wp-content\/uploads\/2026\/04\/Main-Bar-2.jpg\" title=\"Main Bar (2)\"><img loading=\"lazy\" decoding=\"async\" width=\"400\" height=\"284\" src=\"https:\/\/sitiabeach.com\/wp-content\/uploads\/2026\/04\/Main-Bar-2-400x284.jpg\" alt=\"\" class=\"wp-image-1695\" srcset=\"https:\/\/sitiabeach.com\/wp-content\/uploads\/2026\/04\/Main-Bar-2.jpg 479w, https:\/\/sitiabeach.com\/wp-content\/uploads\/2026\/04\/Main-Bar-2-400x284.jpg 480w\" sizes=\"(max-width:479px) 479px, 100vw\" \/><span class=\"et_overlay\" data-icon=\"\" data-icon-tablet=\"\" data-icon-phone=\"\"><\/span><\/a><\/div><\/div><div class=\"et_pb_gallery_item et_pb_grid_item et_pb_gallery_item_0_2\"><div class=\"et_pb_gallery_image landscape\" data-per_page=\"7\"><a href=\"https:\/\/sitiabeach.com\/wp-content\/uploads\/2026\/04\/Main-Bar-3.jpg\" title=\"Main Bar (3)\"><img loading=\"lazy\" decoding=\"async\" width=\"400\" height=\"284\" src=\"https:\/\/sitiabeach.com\/wp-content\/uploads\/2026\/04\/Main-Bar-3-400x284.jpg\" alt=\"\" class=\"wp-image-1697\" srcset=\"https:\/\/sitiabeach.com\/wp-content\/uploads\/2026\/04\/Main-Bar-3.jpg 479w, https:\/\/sitiabeach.com\/wp-content\/uploads\/2026\/04\/Main-Bar-3-400x284.jpg 480w\" sizes=\"(max-width:479px) 479px, 100vw\" \/><span class=\"et_overlay\" data-icon=\"\" data-icon-tablet=\"\" data-icon-phone=\"\"><\/span><\/a><\/div><\/div><div class=\"et_pb_gallery_item et_pb_grid_item et_pb_gallery_item_0_3\"><div class=\"et_pb_gallery_image landscape\" data-per_page=\"7\"><a href=\"https:\/\/sitiabeach.com\/wp-content\/uploads\/2026\/04\/Main-Bar-terrace-3.jpg\" title=\"Main Bar terrace (3)\"><img loading=\"lazy\" decoding=\"async\" width=\"400\" height=\"284\" src=\"https:\/\/sitiabeach.com\/wp-content\/uploads\/2026\/04\/Main-Bar-terrace-3-400x284.jpg\" alt=\"\" class=\"wp-image-1701\" srcset=\"https:\/\/sitiabeach.com\/wp-content\/uploads\/2026\/04\/Main-Bar-terrace-3.jpg 479w, https:\/\/sitiabeach.com\/wp-content\/uploads\/2026\/04\/Main-Bar-terrace-3-400x284.jpg 480w\" sizes=\"(max-width:479px) 479px, 100vw\" \/><span class=\"et_overlay\" data-icon=\"\" data-icon-tablet=\"\" data-icon-phone=\"\"><\/span><\/a><\/div><\/div><\/div><\/div>\n<\/div>\n<\/div>\n<\/div>\n\n<div class=\"et_pb_section_3 et_pb_section et_section_regular et_flex_section\" id=\"lobbybar\">\n<div class=\"et_pb_row_2 et_pb_row et_flex_row\">\n<div class=\"et_pb_column_2 et_pb_column et-last-child et_flex_column et_pb_css_mix_blend_mode_passthrough et_flex_column_24_24 et_flex_column_24_24_tablet et_flex_column_24_24_phone\">\n<div class=\"et_pb_image_0 et_pb_image et_pb_module et_flex_module\"><span class=\"et_pb_image_wrap\"><img decoding=\"async\" src=\"data:image\/svg+xml;base64,PHN2ZyB3aWR0aD0iMTA4MCIgaGVpZ2h0PSI1NDAiIHZpZXdCb3g9IjAgMCAxMDgwIDU0MCIgeG1sbnM9Imh0dHA6Ly93d3cudzMub3JnLzIwMDAvc3ZnIj4KICAgIDxnIGZpbGw9Im5vbmUiIGZpbGwtcnVsZT0iZXZlbm9kZCI+CiAgICAgICAgPHBhdGggZmlsbD0iI0VCRUJFQiIgZD0iTTAgMGgxMDgwdjU0MEgweiIvPgogICAgICAgIDxwYXRoIGQ9Ik00NDUuNjQ5IDU0MGgtOTguOTk1TDE0NC42NDkgMzM3Ljk5NSAwIDQ4Mi42NDR2LTk4Ljk5NWwxMTYuMzY1LTExNi4zNjVjMTUuNjItMTUuNjIgNDAuOTQ3LTE1LjYyIDU2LjU2OCAwTDQ0NS42NSA1NDB6IiBmaWxsLW9wYWNpdHk9Ii4xIiBmaWxsPSIjMDAwIiBmaWxsLXJ1bGU9Im5vbnplcm8iLz4KICAgICAgICA8Y2lyY2xlIGZpbGwtb3BhY2l0eT0iLjA1IiBmaWxsPSIjMDAwIiBjeD0iMzMxIiBjeT0iMTQ4IiByPSI3MCIvPgogICAgICAgIDxwYXRoIGQ9Ik0xMDgwIDM3OXYxMTMuMTM3TDcyOC4xNjIgMTQwLjMgMzI4LjQ2MiA1NDBIMjE1LjMyNEw2OTkuODc4IDU1LjQ0NmMxNS42Mi0xNS42MiA0MC45NDgtMTUuNjIgNTYuNTY4IDBMMTA4MCAzNzl6IiBmaWxsLW9wYWNpdHk9Ii4yIiBmaWxsPSIjMDAwIiBmaWxsLXJ1bGU9Im5vbnplcm8iLz4KICAgIDwvZz4KPC9zdmc+Cg==\" title=\"Bar principal\" width=\"\" height=\"\" srcset=\"\" sizes=\"\" class=\"wp-image-1693\" \/><\/span><\/div>\n\n<div class=\"et_pb_text_2 et_pb_text et_pb_bg_layout_light et_pb_module et_flex_module\"><div class=\"et_pb_text_inner\" data-et-mv-hidden-phone=\"true\"><div class=\"ds\" style=\"direction: rtl;\">\n<div class=\"di\" style=\"direction: ltr;\"><img decoding=\"async\" src=\"https:\/\/sitiabeach.com\/wp-content\/uploads\/2026\/04\/pool-bar-2.jpg\" alt=\"Restaurant principal\"><\/div>\n<div class=\"dc\" style=\"direction: ltr; background: var(--white);\">\n<div class=\"sl\">Barres<\/div>\n<h2 class=\"st\">Bar de la piscine<\/h2>\n<p class=\"sx\" style=\"text-align: justify;\">Une riche s\u00e9lection de spiritueux et de cocktails locaux et internationaux fait du bar du hall principal un lieu de pr\u00e9dilection pour les voyageurs qui appr\u00e9cient les boissons de qualit\u00e9. Vous y trouverez \u00e9galement du caf\u00e9, du th\u00e9, des jus de fruits frais et une vari\u00e9t\u00e9 de boissons chaudes et froides. D\u00e9gustez votre boisson dans le hall ou \u00e0 l'ext\u00e9rieur, pr\u00e8s des jardins avec vue sur la mer.  <\/p>\n<div class=\"ht\">\n<div class=\"hr\"><strong>Heures d'ouverture : <\/strong><span>10:00 - 17:30<\/span><\/div>\n<\/div>\n<p><a href=\"https:\/\/sitiabeach.com\/dining-restaurants\/#alacarte\" class=\"rl\" style=\"font-size: 12px; letter-spacing: 2.5px;\"><\/a><\/p>\n<\/div>\n<\/div>\n<\/div><\/div>\n<\/div>\n<\/div>\n<\/div>\n\n<div class=\"et_pb_section_4 et_pb_section et_section_regular et_flex_section\" id=\"poolbar\">\n<div class=\"et_pb_row_3 et_pb_row et_flex_row\">\n<div class=\"et_pb_column_3 et_pb_column et-last-child et_flex_column et_pb_css_mix_blend_mode_passthrough et_flex_column_24_24 et_flex_column_24_24_tablet et_flex_column_24_24_phone\">\n<div class=\"et_pb_image_1 et_pb_image et_pb_module et_flex_module\"><span class=\"et_pb_image_wrap\"><img decoding=\"async\" src=\"data:image\/svg+xml;base64,PHN2ZyB3aWR0aD0iMTA4MCIgaGVpZ2h0PSI1NDAiIHZpZXdCb3g9IjAgMCAxMDgwIDU0MCIgeG1sbnM9Imh0dHA6Ly93d3cudzMub3JnLzIwMDAvc3ZnIj4KICAgIDxnIGZpbGw9Im5vbmUiIGZpbGwtcnVsZT0iZXZlbm9kZCI+CiAgICAgICAgPHBhdGggZmlsbD0iI0VCRUJFQiIgZD0iTTAgMGgxMDgwdjU0MEgweiIvPgogICAgICAgIDxwYXRoIGQ9Ik00NDUuNjQ5IDU0MGgtOTguOTk1TDE0NC42NDkgMzM3Ljk5NSAwIDQ4Mi42NDR2LTk4Ljk5NWwxMTYuMzY1LTExNi4zNjVjMTUuNjItMTUuNjIgNDAuOTQ3LTE1LjYyIDU2LjU2OCAwTDQ0NS42NSA1NDB6IiBmaWxsLW9wYWNpdHk9Ii4xIiBmaWxsPSIjMDAwIiBmaWxsLXJ1bGU9Im5vbnplcm8iLz4KICAgICAgICA8Y2lyY2xlIGZpbGwtb3BhY2l0eT0iLjA1IiBmaWxsPSIjMDAwIiBjeD0iMzMxIiBjeT0iMTQ4IiByPSI3MCIvPgogICAgICAgIDxwYXRoIGQ9Ik0xMDgwIDM3OXYxMTMuMTM3TDcyOC4xNjIgMTQwLjMgMzI4LjQ2MiA1NDBIMjE1LjMyNEw2OTkuODc4IDU1LjQ0NmMxNS42Mi0xNS42MiA0MC45NDgtMTUuNjIgNTYuNTY4IDBMMTA4MCAzNzl6IiBmaWxsLW9wYWNpdHk9Ii4yIiBmaWxsPSIjMDAwIiBmaWxsLXJ1bGU9Im5vbnplcm8iLz4KICAgIDwvZz4KPC9zdmc+Cg==\" title=\"bar de la piscine (2)\" width=\"\" height=\"\" srcset=\"\" sizes=\"\" class=\"wp-image-1707\" \/><\/span><\/div>\n\n<div class=\"et_pb_text_3 et_pb_text et_pb_bg_layout_light et_pb_module et_flex_module\"><div class=\"et_pb_text_inner\" data-et-mv-hidden-phone=\"true\"><div class=\"ds\" style=\"direction: rtl;\">\n<div class=\"di\" style=\"direction: ltr;\"><img decoding=\"async\" src=\"https:\/\/sitiabeach.com\/wp-content\/uploads\/2026\/04\/pool-bar-2.jpg\" alt=\"Restaurant principal\"><\/div>\n<div class=\"dc\" style=\"direction: ltr; background: var(--white);\">\n<div class=\"sl\">Barres<\/div>\n<h2 class=\"st\">Bar de la piscine<\/h2>\n<p class=\"sx\" style=\"text-align: justify;\">Une riche s\u00e9lection de spiritueux et de cocktails locaux et internationaux fait du bar du hall principal un lieu de pr\u00e9dilection pour les voyageurs qui appr\u00e9cient les boissons de qualit\u00e9. Vous y trouverez \u00e9galement du caf\u00e9, du th\u00e9, des jus de fruits frais et une vari\u00e9t\u00e9 de boissons chaudes et froides. D\u00e9gustez votre boisson dans le hall ou \u00e0 l'ext\u00e9rieur, pr\u00e8s des jardins avec vue sur la mer.  <\/p>\n<div class=\"ht\">\n<div class=\"hr\"><strong>Heures d'ouverture : <\/strong><span>10:00 - 17:30<\/span><\/div>\n<\/div>\n<p><a href=\"https:\/\/sitiabeach.com\/dining-restaurants\/#alacarte\" class=\"rl\" style=\"font-size: 12px; letter-spacing: 2.5px;\"><\/a><\/p>\n<\/div>\n<\/div>\n<\/div><\/div>\n\n<div class=\"et_pb_gallery_1 et_pb_gallery et_pb_bg_layout_light et_pb_gallery_grid et_pb_module\" data-auto-rotate=\"off\" data-auto-rotate-speed=\"\"><div class=\"et_pb_gallery_items et_post_gallery clearfix et_grid_module\" data-per_page=\"4\"><div class=\"et_pb_gallery_item et_pb_grid_item et_pb_gallery_item_1_0\"><div class=\"et_pb_gallery_image landscape\" data-per_page=\"4\"><a href=\"https:\/\/sitiabeach.com\/wp-content\/uploads\/2026\/04\/pool-bar.jpg\" title=\"pool bar\"><img loading=\"lazy\" decoding=\"async\" width=\"400\" height=\"284\" src=\"https:\/\/sitiabeach.com\/wp-content\/uploads\/2026\/04\/pool-bar-400x284.jpg\" alt=\"\" class=\"wp-image-1705\" srcset=\"https:\/\/sitiabeach.com\/wp-content\/uploads\/2026\/04\/pool-bar.jpg 479w, https:\/\/sitiabeach.com\/wp-content\/uploads\/2026\/04\/pool-bar-400x284.jpg 480w\" sizes=\"(max-width:479px) 479px, 100vw\" \/><span class=\"et_overlay\" data-icon=\"\" data-icon-tablet=\"\" data-icon-phone=\"\"><\/span><\/a><\/div><\/div><div class=\"et_pb_gallery_item et_pb_grid_item et_pb_gallery_item_1_1\"><div class=\"et_pb_gallery_image landscape\" data-per_page=\"4\"><a href=\"https:\/\/sitiabeach.com\/wp-content\/uploads\/2026\/04\/pool-bar-2-1.jpg\" title=\"pool bar (2)\"><img loading=\"lazy\" decoding=\"async\" width=\"400\" height=\"284\" src=\"https:\/\/sitiabeach.com\/wp-content\/uploads\/2026\/04\/pool-bar-2-1-400x284.jpg\" alt=\"\" class=\"wp-image-1707\" srcset=\"https:\/\/sitiabeach.com\/wp-content\/uploads\/2026\/04\/pool-bar-2-1.jpg 479w, https:\/\/sitiabeach.com\/wp-content\/uploads\/2026\/04\/pool-bar-2-1-400x284.jpg 480w\" sizes=\"(max-width:479px) 479px, 100vw\" \/><span class=\"et_overlay\" data-icon=\"\" data-icon-tablet=\"\" data-icon-phone=\"\"><\/span><\/a><\/div><\/div><div class=\"et_pb_gallery_item et_pb_grid_item et_pb_gallery_item_1_2\"><div class=\"et_pb_gallery_image landscape\" data-per_page=\"4\"><a href=\"https:\/\/sitiabeach.com\/wp-content\/uploads\/2026\/04\/pool-bar-3.jpg\" title=\"pool bar (3)\"><img loading=\"lazy\" decoding=\"async\" width=\"400\" height=\"284\" src=\"https:\/\/sitiabeach.com\/wp-content\/uploads\/2026\/04\/pool-bar-3-400x284.jpg\" alt=\"\" class=\"wp-image-1709\" srcset=\"https:\/\/sitiabeach.com\/wp-content\/uploads\/2026\/04\/pool-bar-3.jpg 479w, https:\/\/sitiabeach.com\/wp-content\/uploads\/2026\/04\/pool-bar-3-400x284.jpg 480w\" sizes=\"(max-width:479px) 479px, 100vw\" \/><span class=\"et_overlay\" data-icon=\"\" data-icon-tablet=\"\" data-icon-phone=\"\"><\/span><\/a><\/div><\/div><div class=\"et_pb_gallery_item et_pb_grid_item et_pb_gallery_item_1_3\"><div class=\"et_pb_gallery_image landscape\" data-per_page=\"4\"><a href=\"https:\/\/sitiabeach.com\/wp-content\/uploads\/2026\/04\/pool-bar-4.jpg\" title=\"pool bar (4)\"><img loading=\"lazy\" decoding=\"async\" width=\"400\" height=\"284\" src=\"https:\/\/sitiabeach.com\/wp-content\/uploads\/2026\/04\/pool-bar-4-400x284.jpg\" alt=\"\" class=\"wp-image-1711\" srcset=\"https:\/\/sitiabeach.com\/wp-content\/uploads\/2026\/04\/pool-bar-4.jpg 479w, https:\/\/sitiabeach.com\/wp-content\/uploads\/2026\/04\/pool-bar-4-400x284.jpg 480w\" sizes=\"(max-width:479px) 479px, 100vw\" \/><span class=\"et_overlay\" data-icon=\"\" data-icon-tablet=\"\" data-icon-phone=\"\"><\/span><\/a><\/div><\/div><\/div><\/div>\n<\/div>\n<\/div>\n<\/div>\n\n<div class=\"et_pb_section_5 et_pb_section et_section_regular et_flex_section\">\n<div class=\"et_pb_row_4 et_pb_row et_flex_row\">\n<div class=\"et_pb_column_4 et_pb_column et-last-child et_flex_column et_pb_css_mix_blend_mode_passthrough et_flex_column_24_24 et_flex_column_24_24_tablet et_flex_column_24_24_phone\">\n<div class=\"et_pb_text_4 et_pb_text et_pb_bg_layout_light et_pb_module et_flex_module\"><div class=\"et_pb_text_inner\" data-et-mv-hidden-phone=\"true\"><div style=\"text-align: center;\">\n<div class=\"sl\" style=\"text-align: center;\">Restaurants<\/div>\n<h2 class=\"st\" style=\"text-align: center;\">Restauration<\/h2>\n<\/div>\n<div class=\"bg\">\n<div class=\"bc\"><a href=\"https:\/\/sitiabeach.com\/restaurant\/#main-rest\"><img decoding=\"async\" src=\"https:\/\/sitiabeach.com\/wp-content\/uploads\/2026\/04\/Main-Restaurant.jpg\" alt=\"Restaurant principal\" \/><\/a><\/p>\n<div class=\"bc-ov\">\n<h3><a href=\"https:\/\/sitiabeach.com\/fr\/restaurant\/#main-rest\"><span style=\"color: #ffffff;\">Restaurant principal<\/span><\/a><\/h3>\n<p>Petit-d\u00e9jeuner, d\u00e9jeuner et d\u00eener servis sous forme de buffet<\/p>\n<\/div>\n<\/div>\n<div class=\"bc\"><a href=\"https:\/\/sitiabeach.com\/fr\/bar-a-diner\/#poolbar\"><img decoding=\"async\" src=\"https:\/\/sitiabeach.com\/wp-content\/uploads\/2026\/04\/A-La-Carte-2-1.jpg\" alt=\"Bar de la piscine\" \/><\/a><\/p>\n<div class=\"bc-ov\">\n<h3><a href=\"https:\/\/sitiabeach.com\/fr\/restaurant\/#alacarte\"><span style=\"color: #ffffff;\">Restaurant \u00e0 la carte<\/span><\/a><\/h3>\n<p>Une cuisine d'inspiration asiatique pour un voyage culinaire m\u00e9morable<\/p>\n<\/div>\n<\/div>\n<\/div>\n<\/div><\/div>\n<\/div>\n<\/div>\n<\/div>","protected":false},"excerpt":{"rendered":"","protected":false},"author":1,"featured_media":0,"parent":0,"menu_order":0,"comment_status":"closed","ping_status":"closed","template":"","meta":{"footnotes":""},"class_list":["post-2017","page","type-page","status-publish","hentry"],"_links":{"self":[{"href":"https:\/\/sitiabeach.com\/fr\/wp-json\/wp\/v2\/pages\/2017","targetHints":{"allow":["GET"]}}],"collection":[{"href":"https:\/\/sitiabeach.com\/fr\/wp-json\/wp\/v2\/pages"}],"about":[{"href":"https:\/\/sitiabeach.com\/fr\/wp-json\/wp\/v2\/types\/page"}],"author":[{"embeddable":true,"href":"https:\/\/sitiabeach.com\/fr\/wp-json\/wp\/v2\/users\/1"}],"replies":[{"embeddable":true,"href":"https:\/\/sitiabeach.com\/fr\/wp-json\/wp\/v2\/comments?post=2017"}],"version-history":[{"count":4,"href":"https:\/\/sitiabeach.com\/fr\/wp-json\/wp\/v2\/pages\/2017\/revisions"}],"predecessor-version":[{"id":2051,"href":"https:\/\/sitiabeach.com\/fr\/wp-json\/wp\/v2\/pages\/2017\/revisions\/2051"}],"wp:attachment":[{"href":"https:\/\/sitiabeach.com\/fr\/wp-json\/wp\/v2\/media?parent=2017"}],"curies":[{"name":"wp","href":"https:\/\/api.w.org\/{rel}","templated":true}]}}