{"id":1982,"date":"2026-04-08T21:09:25","date_gmt":"2026-04-08T21:09:25","guid":{"rendered":"https:\/\/sitiabeach.com\/piscines\/"},"modified":"2026-05-11T17:14:26","modified_gmt":"2026-05-11T17:14:26","slug":"piscines","status":"publish","type":"page","link":"https:\/\/sitiabeach.com\/fr\/piscines\/","title":{"rendered":"PISCINES"},"content":{"rendered":"<div class=\"et_pb_section_0 et_pb_section et_section_regular et_block_section\">\n<div class=\"et_pb_row_0 et_pb_row et_block_row\">\n<div class=\"et_pb_column_0 et_pb_column et_pb_column_4_4 et-last-child et_block_column et_pb_css_mix_blend_mode_passthrough\">\n<div class=\"et_pb_text_0 et_pb_text et_pb_bg_layout_light et_pb_module et_flex_module\"><div class=\"et_pb_text_inner\"><div class=\"ph-c\">\n<h1>Piscines<\/h1>\n<\/div>\n<p style=\"text-align: center;\">Plongez dans trois piscines et une pataugeoire pour les enfants.<\/p>\n<\/div><\/div>\n<\/div>\n<\/div>\n<\/div>\n\n<div class=\"et_pb_section_1 et_pb_section et_section_regular et_flex_section\">\n<div class=\"et_pb_row_1 et_pb_row et_flex_row\">\n<div class=\"et_pb_column_1 et_pb_column et-last-child et_flex_column et_pb_css_mix_blend_mode_passthrough et_flex_column_24_24 et_flex_column_24_24_tablet et_flex_column_24_24_phone\">\n<div class=\"et_pb_text_1 et_pb_text et_pb_bg_layout_light et_pb_module et_flex_module\"><div class=\"et_pb_text_inner\"><div style=\"text-align: center; max-width: 720px; margin: 0 auto; padding: 60px 40px 80px;\">\n<div class=\"sl\" style=\"text-align: center;\">Piscines<\/div>\n<h2 class=\"st\" style=\"text-align: center;\">Trois bassins d'eau douce<\/h2>\n<\/div>\n<\/div><\/div>\n<\/div>\n<\/div>\n<\/div>\n\n<div class=\"et_pb_section_2 et_pb_section et_section_regular et_flex_section\">\n<div class=\"et_pb_row_2 et_pb_row et-vb-row--no-module et_flex_row\">\n<div class=\"et_pb_column_2 et_pb_column et-last-child et_flex_column et_pb_column_empty et_pb_css_mix_blend_mode_passthrough et_flex_column_24_24 et_flex_column_24_24_tablet et_flex_column_24_24_phone\"><\/div>\n<\/div>\n<\/div>\n\n<div class=\"et_pb_section_3 et_pb_section et_section_regular et_flex_section\">\n<div class=\"et_pb_row_3 et_pb_row et_flex_row\">\n<div class=\"et_pb_column_3 et_pb_column et-last-child et_flex_column et_pb_css_mix_blend_mode_passthrough et_flex_column_24_24 et_flex_column_24_24_tablet et_flex_column_24_24_phone\">\n<div class=\"et_pb_text_2 et_pb_text et_pb_bg_layout_light et_pb_module et_flex_module\"><div class=\"et_pb_text_inner\"><div style=\"text-align: center; max-width: 900px; margin: 0 auto; padding: 60px 40px 80px;\">\n<div class=\"sl\" style=\"text-align: center;\">Piscines<\/div>\n<h2 class=\"st\" style=\"text-align: center;\">Votre lieu de d\u00e9tente, de jeu et de relaxation au bord de la piscine<\/h2>\n<p><strong>Piscine principale<\/strong><\/p>\n<p>Situ\u00e9e en face du restaurant et du Lobby Bar, cette piscine est id\u00e9ale pour s'amuser et se d\u00e9tendre. Entour\u00e9e d'une v\u00e9g\u00e9tation luxuriante, elle offre une atmosph\u00e8re sereine que l'on trouve rarement dans les h\u00f4tels urbains. Le service du <strong>bar de la piscine <\/strong>vous permet de vous rafra\u00eechir gr\u00e2ce \u00e0 une grande vari\u00e9t\u00e9 de boissons, de cocktails et de plats chauds ou froids.  <\/p>\n<p><strong>Piscine sud<\/strong><\/p>\n<p>Une piscine plus petite et plus paisible sur le c\u00f4t\u00e9 sud de l'h\u00f4tel, id\u00e9ale pour ceux qui recherchent le calme et la d\u00e9tente.<\/p>\n<p><strong>Baby Paddle Pool<\/strong><\/p>\n<p>Un bassin peu profond d\u00e9di\u00e9, id\u00e9al pour que les petits puissent s'\u00e9clabousser et jouer en toute s\u00e9curit\u00e9.<\/p>\n<p><strong>Piscine d'entr\u00e9e<\/strong><\/p>\n<p>Nich\u00e9 dans un jardin suspendu luxuriant pr\u00e8s de l'entr\u00e9e de l'h\u00f4tel, ce joyau cach\u00e9 est un lieu de pr\u00e9dilection pour les clients qui reviennent. Il est id\u00e9al pour se rafra\u00eechir et prendre des photos m\u00e9morables. <\/p>\n<\/div>\n<\/div><\/div>\n<\/div>\n<\/div>\n<\/div>\n\n<div class=\"et_pb_section_4 et_pb_section et_section_regular et_flex_section\">\n<div class=\"et_pb_row_4 et_pb_row et_flex_row\">\n<div class=\"et_pb_column_4 et_pb_column et-last-child et_flex_column et_pb_css_mix_blend_mode_passthrough et_flex_column_24_24 et_flex_column_24_24_tablet et_flex_column_24_24_phone\">\n<div class=\"et_pb_gallery_0 et_pb_gallery et_pb_bg_layout_light et_pb_gallery_grid et_pb_module\" data-auto-rotate=\"off\" data-auto-rotate-speed=\"\"><div class=\"et_pb_gallery_items et_post_gallery clearfix et_grid_module\" data-per_page=\"12\"><div class=\"et_pb_gallery_item et_pb_grid_item et_pb_gallery_item_0_0\"><div class=\"et_pb_gallery_image landscape\" data-per_page=\"12\"><a href=\"https:\/\/sitiabeach.com\/wp-content\/uploads\/2026\/04\/Sitia-Beach0812.jpg\" title=\"Sitia Beach0812\"><img loading=\"lazy\" decoding=\"async\" width=\"400\" height=\"284\" src=\"https:\/\/sitiabeach.com\/wp-content\/uploads\/2026\/04\/Sitia-Beach0812-400x284.jpg\" alt=\"\" class=\"wp-image-1717\" srcset=\"https:\/\/sitiabeach.com\/wp-content\/uploads\/2026\/04\/Sitia-Beach0812.jpg 479w, https:\/\/sitiabeach.com\/wp-content\/uploads\/2026\/04\/Sitia-Beach0812-400x284.jpg 480w\" sizes=\"(max-width:479px) 479px, 100vw\" \/><span class=\"et_overlay\" data-icon=\"\" data-icon-tablet=\"\" data-icon-phone=\"\"><\/span><\/a><\/div><\/div><div class=\"et_pb_gallery_item et_pb_grid_item et_pb_gallery_item_0_1\"><div class=\"et_pb_gallery_image landscape\" data-per_page=\"12\"><a href=\"https:\/\/sitiabeach.com\/wp-content\/uploads\/2026\/04\/Sitia-Beach0823-1.jpg\" title=\"Sitia Beach0823 1\"><img loading=\"lazy\" decoding=\"async\" width=\"400\" height=\"284\" src=\"https:\/\/sitiabeach.com\/wp-content\/uploads\/2026\/04\/Sitia-Beach0823-1-400x284.jpg\" alt=\"\" class=\"wp-image-1719\" srcset=\"https:\/\/sitiabeach.com\/wp-content\/uploads\/2026\/04\/Sitia-Beach0823-1.jpg 479w, https:\/\/sitiabeach.com\/wp-content\/uploads\/2026\/04\/Sitia-Beach0823-1-400x284.jpg 480w\" sizes=\"(max-width:479px) 479px, 100vw\" \/><span class=\"et_overlay\" data-icon=\"\" data-icon-tablet=\"\" data-icon-phone=\"\"><\/span><\/a><\/div><\/div><div class=\"et_pb_gallery_item et_pb_grid_item et_pb_gallery_item_0_2\"><div class=\"et_pb_gallery_image landscape\" data-per_page=\"12\"><a href=\"https:\/\/sitiabeach.com\/wp-content\/uploads\/2026\/04\/Sitia-Beach0847-1.jpg\" title=\"Sitia Beach0847 1\"><img loading=\"lazy\" decoding=\"async\" width=\"400\" height=\"284\" src=\"https:\/\/sitiabeach.com\/wp-content\/uploads\/2026\/04\/Sitia-Beach0847-1-400x284.jpg\" alt=\"\" class=\"wp-image-1721\" srcset=\"https:\/\/sitiabeach.com\/wp-content\/uploads\/2026\/04\/Sitia-Beach0847-1.jpg 479w, https:\/\/sitiabeach.com\/wp-content\/uploads\/2026\/04\/Sitia-Beach0847-1-400x284.jpg 480w\" sizes=\"(max-width:479px) 479px, 100vw\" \/><span class=\"et_overlay\" data-icon=\"\" data-icon-tablet=\"\" data-icon-phone=\"\"><\/span><\/a><\/div><\/div><div class=\"et_pb_gallery_item et_pb_grid_item et_pb_gallery_item_0_3\"><div class=\"et_pb_gallery_image landscape\" data-per_page=\"12\"><a href=\"https:\/\/sitiabeach.com\/wp-content\/uploads\/2026\/04\/Kids-Pool.jpg\" title=\"Kids Pool\"><img loading=\"lazy\" decoding=\"async\" width=\"400\" height=\"284\" src=\"https:\/\/sitiabeach.com\/wp-content\/uploads\/2026\/04\/Kids-Pool-400x284.jpg\" alt=\"\" class=\"wp-image-1723\" srcset=\"https:\/\/sitiabeach.com\/wp-content\/uploads\/2026\/04\/Kids-Pool.jpg 479w, https:\/\/sitiabeach.com\/wp-content\/uploads\/2026\/04\/Kids-Pool-400x284.jpg 480w\" sizes=\"(max-width:479px) 479px, 100vw\" \/><span class=\"et_overlay\" data-icon=\"\" data-icon-tablet=\"\" data-icon-phone=\"\"><\/span><\/a><\/div><\/div><div class=\"et_pb_gallery_item et_pb_grid_item et_pb_gallery_item_0_4\"><div class=\"et_pb_gallery_image landscape\" data-per_page=\"12\"><a href=\"https:\/\/sitiabeach.com\/wp-content\/uploads\/2026\/04\/Main-Pool.jpg\" title=\"Main Pool\"><img loading=\"lazy\" decoding=\"async\" width=\"400\" height=\"284\" src=\"https:\/\/sitiabeach.com\/wp-content\/uploads\/2026\/04\/Main-Pool-400x284.jpg\" alt=\"\" class=\"wp-image-1725\" srcset=\"https:\/\/sitiabeach.com\/wp-content\/uploads\/2026\/04\/Main-Pool.jpg 479w, https:\/\/sitiabeach.com\/wp-content\/uploads\/2026\/04\/Main-Pool-400x284.jpg 480w\" sizes=\"(max-width:479px) 479px, 100vw\" \/><span class=\"et_overlay\" data-icon=\"\" data-icon-tablet=\"\" data-icon-phone=\"\"><\/span><\/a><\/div><\/div><div class=\"et_pb_gallery_item et_pb_grid_item et_pb_gallery_item_0_5\"><div class=\"et_pb_gallery_image landscape\" data-per_page=\"12\"><a href=\"https:\/\/sitiabeach.com\/wp-content\/uploads\/2026\/04\/POOL-2.jpg\" title=\"POOL (2)\"><img loading=\"lazy\" decoding=\"async\" width=\"400\" height=\"284\" src=\"https:\/\/sitiabeach.com\/wp-content\/uploads\/2026\/04\/POOL-2-400x284.jpg\" alt=\"\" class=\"wp-image-1727\" srcset=\"https:\/\/sitiabeach.com\/wp-content\/uploads\/2026\/04\/POOL-2.jpg 479w, https:\/\/sitiabeach.com\/wp-content\/uploads\/2026\/04\/POOL-2-400x284.jpg 480w\" sizes=\"(max-width:479px) 479px, 100vw\" \/><span class=\"et_overlay\" data-icon=\"\" data-icon-tablet=\"\" data-icon-phone=\"\"><\/span><\/a><\/div><\/div><div class=\"et_pb_gallery_item et_pb_grid_item et_pb_gallery_item_0_6\"><div class=\"et_pb_gallery_image landscape\" data-per_page=\"12\"><a href=\"https:\/\/sitiabeach.com\/wp-content\/uploads\/2026\/04\/POOL-3.jpg\" title=\"POOL (3)\"><img loading=\"lazy\" decoding=\"async\" width=\"400\" height=\"284\" src=\"https:\/\/sitiabeach.com\/wp-content\/uploads\/2026\/04\/POOL-3-400x284.jpg\" alt=\"\" class=\"wp-image-1729\" srcset=\"https:\/\/sitiabeach.com\/wp-content\/uploads\/2026\/04\/POOL-3.jpg 479w, https:\/\/sitiabeach.com\/wp-content\/uploads\/2026\/04\/POOL-3-400x284.jpg 480w\" sizes=\"(max-width:479px) 479px, 100vw\" \/><span class=\"et_overlay\" data-icon=\"\" data-icon-tablet=\"\" data-icon-phone=\"\"><\/span><\/a><\/div><\/div><div class=\"et_pb_gallery_item et_pb_grid_item et_pb_gallery_item_0_7\"><div class=\"et_pb_gallery_image landscape\" data-per_page=\"12\"><a href=\"https:\/\/sitiabeach.com\/wp-content\/uploads\/2026\/04\/POOL-4.jpg\" title=\"POOL (4)\"><img loading=\"lazy\" decoding=\"async\" width=\"400\" height=\"284\" src=\"https:\/\/sitiabeach.com\/wp-content\/uploads\/2026\/04\/POOL-4-400x284.jpg\" alt=\"\" class=\"wp-image-1731\" srcset=\"https:\/\/sitiabeach.com\/wp-content\/uploads\/2026\/04\/POOL-4.jpg 479w, https:\/\/sitiabeach.com\/wp-content\/uploads\/2026\/04\/POOL-4-400x284.jpg 480w\" sizes=\"(max-width:479px) 479px, 100vw\" \/><span class=\"et_overlay\" data-icon=\"\" data-icon-tablet=\"\" data-icon-phone=\"\"><\/span><\/a><\/div><\/div><div class=\"et_pb_gallery_item et_pb_grid_item et_pb_gallery_item_0_8\"><div class=\"et_pb_gallery_image landscape\" data-per_page=\"12\"><a href=\"https:\/\/sitiabeach.com\/wp-content\/uploads\/2026\/04\/POOL-5.jpg\" title=\"POOL (5)\"><img loading=\"lazy\" decoding=\"async\" width=\"400\" height=\"284\" src=\"https:\/\/sitiabeach.com\/wp-content\/uploads\/2026\/04\/POOL-5-400x284.jpg\" alt=\"\" class=\"wp-image-1733\" srcset=\"https:\/\/sitiabeach.com\/wp-content\/uploads\/2026\/04\/POOL-5.jpg 479w, https:\/\/sitiabeach.com\/wp-content\/uploads\/2026\/04\/POOL-5-400x284.jpg 480w\" sizes=\"(max-width:479px) 479px, 100vw\" \/><span class=\"et_overlay\" data-icon=\"\" data-icon-tablet=\"\" data-icon-phone=\"\"><\/span><\/a><\/div><\/div><div class=\"et_pb_gallery_item et_pb_grid_item et_pb_gallery_item_0_9\"><div class=\"et_pb_gallery_image landscape\" data-per_page=\"12\"><a href=\"https:\/\/sitiabeach.com\/wp-content\/uploads\/2026\/04\/pool-7.jpg\" title=\"pool (7)\"><img loading=\"lazy\" decoding=\"async\" width=\"400\" height=\"284\" src=\"https:\/\/sitiabeach.com\/wp-content\/uploads\/2026\/04\/pool-7-400x284.jpg\" alt=\"\" class=\"wp-image-1737\" srcset=\"https:\/\/sitiabeach.com\/wp-content\/uploads\/2026\/04\/pool-7.jpg 479w, https:\/\/sitiabeach.com\/wp-content\/uploads\/2026\/04\/pool-7-400x284.jpg 480w\" sizes=\"(max-width:479px) 479px, 100vw\" \/><span class=\"et_overlay\" data-icon=\"\" data-icon-tablet=\"\" data-icon-phone=\"\"><\/span><\/a><\/div><\/div><div class=\"et_pb_gallery_item et_pb_grid_item et_pb_gallery_item_0_10\"><div class=\"et_pb_gallery_image landscape\" data-per_page=\"12\"><a href=\"https:\/\/sitiabeach.com\/wp-content\/uploads\/2026\/04\/POOL.jpg\" title=\"POOL\"><img loading=\"lazy\" decoding=\"async\" width=\"400\" height=\"284\" src=\"https:\/\/sitiabeach.com\/wp-content\/uploads\/2026\/04\/POOL-400x284.jpg\" alt=\"\" class=\"wp-image-1739\" srcset=\"https:\/\/sitiabeach.com\/wp-content\/uploads\/2026\/04\/POOL.jpg 479w, https:\/\/sitiabeach.com\/wp-content\/uploads\/2026\/04\/POOL-400x284.jpg 480w\" sizes=\"(max-width:479px) 479px, 100vw\" \/><span class=\"et_overlay\" data-icon=\"\" data-icon-tablet=\"\" data-icon-phone=\"\"><\/span><\/a><\/div><\/div><div class=\"et_pb_gallery_item et_pb_grid_item et_pb_gallery_item_0_11\"><div class=\"et_pb_gallery_image landscape\" data-per_page=\"12\"><a href=\"https:\/\/sitiabeach.com\/wp-content\/uploads\/2026\/04\/POOL-6.jpg\" title=\"POOL (6)\"><img loading=\"lazy\" decoding=\"async\" width=\"400\" height=\"284\" src=\"https:\/\/sitiabeach.com\/wp-content\/uploads\/2026\/04\/POOL-6-400x284.jpg\" alt=\"\" class=\"wp-image-1735\" srcset=\"https:\/\/sitiabeach.com\/wp-content\/uploads\/2026\/04\/POOL-6.jpg 479w, https:\/\/sitiabeach.com\/wp-content\/uploads\/2026\/04\/POOL-6-400x284.jpg 480w\" sizes=\"(max-width:479px) 479px, 100vw\" \/><span class=\"et_overlay\" data-icon=\"\" data-icon-tablet=\"\" data-icon-phone=\"\"><\/span><\/a><\/div><\/div><\/div><\/div>\n<\/div>\n<\/div>\n<\/div>","protected":false},"excerpt":{"rendered":"","protected":false},"author":1,"featured_media":0,"parent":0,"menu_order":0,"comment_status":"closed","ping_status":"closed","template":"","meta":{"footnotes":""},"class_list":["post-1982","page","type-page","status-publish","hentry"],"_links":{"self":[{"href":"https:\/\/sitiabeach.com\/fr\/wp-json\/wp\/v2\/pages\/1982","targetHints":{"allow":["GET"]}}],"collection":[{"href":"https:\/\/sitiabeach.com\/fr\/wp-json\/wp\/v2\/pages"}],"about":[{"href":"https:\/\/sitiabeach.com\/fr\/wp-json\/wp\/v2\/types\/page"}],"author":[{"embeddable":true,"href":"https:\/\/sitiabeach.com\/fr\/wp-json\/wp\/v2\/users\/1"}],"replies":[{"embeddable":true,"href":"https:\/\/sitiabeach.com\/fr\/wp-json\/wp\/v2\/comments?post=1982"}],"version-history":[{"count":5,"href":"https:\/\/sitiabeach.com\/fr\/wp-json\/wp\/v2\/pages\/1982\/revisions"}],"predecessor-version":[{"id":1988,"href":"https:\/\/sitiabeach.com\/fr\/wp-json\/wp\/v2\/pages\/1982\/revisions\/1988"}],"wp:attachment":[{"href":"https:\/\/sitiabeach.com\/fr\/wp-json\/wp\/v2\/media?parent=1982"}],"curies":[{"name":"wp","href":"https:\/\/api.w.org\/{rel}","templated":true}]}}