{"id":1980,"date":"2026-04-08T21:50:35","date_gmt":"2026-04-08T21:50:35","guid":{"rendered":"https:\/\/sitiabeach.com\/plage\/"},"modified":"2026-05-11T17:14:18","modified_gmt":"2026-05-11T17:14:18","slug":"plage","status":"publish","type":"page","link":"https:\/\/sitiabeach.com\/fr\/plage\/","title":{"rendered":"PLAGE"},"content":{"rendered":"<div class=\"et_pb_section_0 et_pb_section et_section_regular et_block_section\">\n<div class=\"et_pb_row_0 et_pb_row et_block_row\">\n<div class=\"et_pb_column_0 et_pb_column et_pb_column_4_4 et-last-child et_block_column et_pb_css_mix_blend_mode_passthrough\">\n<div class=\"et_pb_text_0 et_pb_text et_pb_bg_layout_light et_pb_module et_flex_module\"><div class=\"et_pb_text_inner\"><div class=\"ph-c\">\n<h1><span style=\"color: #ffffff;\"><\/p>\n<h1>Plage<\/h1>\n<\/div>\n<p style=\"text-align: center;\">Nagez dans les eaux cristallines de Cr\u00e8te.<\/p>\n<\/div><\/div>\n<\/div>\n<\/div>\n<\/div>\n\n<div class=\"et_pb_section_1 et_pb_section et_section_regular et_flex_section\">\n<div class=\"et_pb_row_1 et_pb_row et_flex_row\">\n<div class=\"et_pb_column_1 et_pb_column et-last-child et_flex_column et_pb_css_mix_blend_mode_passthrough et_flex_column_24_24 et_flex_column_24_24_tablet et_flex_column_24_24_phone\">\n<div class=\"et_pb_text_1 et_pb_text et_pb_bg_layout_light et_pb_module et_flex_module\"><div class=\"et_pb_text_inner\"><div style=\"text-align: center; max-width: 720px; margin: 0 auto; padding: 60px 40px 80px;\">\n<div class=\"sl\" style=\"text-align: center;\">Plage<\/div>\n<h2 class=\"st\" style=\"text-align: center;\">Plage r\u00e9compens\u00e9e par le drapeau bleu  <\/h2>\n<\/div>\n<\/div><\/div>\n<\/div>\n<\/div>\n<\/div>\n\n<div class=\"et_pb_section_2 et_pb_section et_section_regular et_flex_section\">\n<div class=\"et_pb_row_2 et_pb_row et-vb-row--no-module et_flex_row\">\n<div class=\"et_pb_column_2 et_pb_column et-last-child et_flex_column et_pb_column_empty et_pb_css_mix_blend_mode_passthrough et_flex_column_24_24 et_flex_column_24_24_tablet et_flex_column_24_24_phone\"><\/div>\n<\/div>\n<\/div>\n\n<div class=\"et_pb_section_3 et_pb_section et_section_regular et_flex_section\">\n<div class=\"et_pb_row_3 et_pb_row et_flex_row\">\n<div class=\"et_pb_column_3 et_pb_column et-last-child et_flex_column et_pb_css_mix_blend_mode_passthrough et_flex_column_24_24 et_flex_column_24_24_tablet et_flex_column_24_24_phone\">\n<div class=\"et_pb_text_2 et_pb_text et_pb_bg_layout_light et_pb_module et_flex_module\"><div class=\"et_pb_text_inner\" data-et-mv-hidden-phone=\"true\"><div style=\"text-align: center; max-width: 900px; margin: 0 auto; padding: 60px 40px 80px;\">\n<div class=\"sl\" style=\"text-align: center;\">PLAGE<\/div>\n<h2 class=\"st\" style=\"text-align: center;\">Magnifique plage de sable, juste en face du Sitia Beach City Resort &amp; Spa.<\/h2>\n<p>Quelques pas en face du Sitia Beach City Resort &amp; Spa vous m\u00e8nent \u00e0 une magnifique plage r\u00e9compens\u00e9e par un drapeau bleu, o\u00f9 vous pourrez vous baigner dans les eaux cristallines de Cr\u00e8te sous le chaud soleil de la M\u00e9diterran\u00e9e. Le rivage sablonneux est id\u00e9al pour les enfants, pour les sports nautiques et pour courir le long de la c\u00f4te. <\/p>\n<p>Des serviettes de plage sont disponibles \u00e0 la r\u00e9ception, et des chaises longues et des parasols sont mis gratuitement \u00e0 la disposition des clients de l'h\u00f4tel.<\/p>\n<\/div>\n<\/div><\/div>\n<\/div>\n<\/div>\n<\/div>\n\n<div class=\"et_pb_section_4 et_pb_section et_section_regular et_flex_section\">\n<div class=\"et_pb_row_4 et_pb_row et_flex_row\">\n<div class=\"et_pb_column_4 et_pb_column et-last-child et_flex_column et_pb_css_mix_blend_mode_passthrough et_flex_column_24_24 et_flex_column_24_24_tablet et_flex_column_24_24_phone\">\n<div class=\"et_pb_gallery_0 et_pb_gallery et_pb_bg_layout_light et_pb_gallery_grid et_pb_module\" data-auto-rotate=\"off\" data-auto-rotate-speed=\"\"><div class=\"et_pb_gallery_items et_post_gallery clearfix et_grid_module\" data-per_page=\"4\"><div class=\"et_pb_gallery_item et_pb_grid_item et_pb_gallery_item_0_0\"><div class=\"et_pb_gallery_image landscape\" data-per_page=\"4\"><a href=\"https:\/\/sitiabeach.com\/wp-content\/uploads\/2026\/04\/Beach-4.jpg\" title=\"Beach (4)\"><img loading=\"lazy\" decoding=\"async\" width=\"400\" height=\"284\" src=\"https:\/\/sitiabeach.com\/wp-content\/uploads\/2026\/04\/Beach-4-400x284.jpg\" alt=\"\" class=\"wp-image-1745\" srcset=\"https:\/\/sitiabeach.com\/wp-content\/uploads\/2026\/04\/Beach-4.jpg 479w, https:\/\/sitiabeach.com\/wp-content\/uploads\/2026\/04\/Beach-4-400x284.jpg 480w\" sizes=\"(max-width:479px) 479px, 100vw\" \/><span class=\"et_overlay\" data-icon=\"\" data-icon-tablet=\"\" data-icon-phone=\"\"><\/span><\/a><\/div><\/div><div class=\"et_pb_gallery_item et_pb_grid_item et_pb_gallery_item_0_1\"><div class=\"et_pb_gallery_image landscape\" data-per_page=\"4\"><a href=\"https:\/\/sitiabeach.com\/wp-content\/uploads\/2026\/04\/Beach-3.jpg\" title=\"Beach (3)\"><img loading=\"lazy\" decoding=\"async\" width=\"400\" height=\"284\" src=\"https:\/\/sitiabeach.com\/wp-content\/uploads\/2026\/04\/Beach-3-400x284.jpg\" alt=\"\" class=\"wp-image-1747\" srcset=\"https:\/\/sitiabeach.com\/wp-content\/uploads\/2026\/04\/Beach-3.jpg 479w, https:\/\/sitiabeach.com\/wp-content\/uploads\/2026\/04\/Beach-3-400x284.jpg 480w\" sizes=\"(max-width:479px) 479px, 100vw\" \/><span class=\"et_overlay\" data-icon=\"\" data-icon-tablet=\"\" data-icon-phone=\"\"><\/span><\/a><\/div><\/div><div class=\"et_pb_gallery_item et_pb_grid_item et_pb_gallery_item_0_2\"><div class=\"et_pb_gallery_image landscape\" data-per_page=\"4\"><a href=\"https:\/\/sitiabeach.com\/wp-content\/uploads\/2026\/04\/Beach.jpg\" title=\"Beach\"><img loading=\"lazy\" decoding=\"async\" width=\"400\" height=\"284\" src=\"https:\/\/sitiabeach.com\/wp-content\/uploads\/2026\/04\/Beach-400x284.jpg\" alt=\"\" class=\"wp-image-1743\" srcset=\"https:\/\/sitiabeach.com\/wp-content\/uploads\/2026\/04\/Beach.jpg 479w, https:\/\/sitiabeach.com\/wp-content\/uploads\/2026\/04\/Beach-400x284.jpg 480w\" sizes=\"(max-width:479px) 479px, 100vw\" \/><span class=\"et_overlay\" data-icon=\"\" data-icon-tablet=\"\" data-icon-phone=\"\"><\/span><\/a><\/div><\/div><div class=\"et_pb_gallery_item et_pb_grid_item et_pb_gallery_item_0_3\"><div class=\"et_pb_gallery_image landscape\" data-per_page=\"4\"><a href=\"https:\/\/sitiabeach.com\/wp-content\/uploads\/2026\/04\/Beach-5.jpg\" title=\"Beach (5)\"><img loading=\"lazy\" decoding=\"async\" width=\"400\" height=\"284\" src=\"https:\/\/sitiabeach.com\/wp-content\/uploads\/2026\/04\/Beach-5-400x284.jpg\" alt=\"\" class=\"wp-image-1741\" srcset=\"https:\/\/sitiabeach.com\/wp-content\/uploads\/2026\/04\/Beach-5.jpg 479w, https:\/\/sitiabeach.com\/wp-content\/uploads\/2026\/04\/Beach-5-400x284.jpg 480w\" sizes=\"(max-width:479px) 479px, 100vw\" \/><span class=\"et_overlay\" data-icon=\"\" data-icon-tablet=\"\" data-icon-phone=\"\"><\/span><\/a><\/div><\/div><\/div><\/div>\n<\/div>\n<\/div>\n<\/div>","protected":false},"excerpt":{"rendered":"","protected":false},"author":1,"featured_media":0,"parent":0,"menu_order":0,"comment_status":"closed","ping_status":"closed","template":"","meta":{"footnotes":""},"class_list":["post-1980","page","type-page","status-publish","hentry"],"_links":{"self":[{"href":"https:\/\/sitiabeach.com\/fr\/wp-json\/wp\/v2\/pages\/1980","targetHints":{"allow":["GET"]}}],"collection":[{"href":"https:\/\/sitiabeach.com\/fr\/wp-json\/wp\/v2\/pages"}],"about":[{"href":"https:\/\/sitiabeach.com\/fr\/wp-json\/wp\/v2\/types\/page"}],"author":[{"embeddable":true,"href":"https:\/\/sitiabeach.com\/fr\/wp-json\/wp\/v2\/users\/1"}],"replies":[{"embeddable":true,"href":"https:\/\/sitiabeach.com\/fr\/wp-json\/wp\/v2\/comments?post=1980"}],"version-history":[{"count":2,"href":"https:\/\/sitiabeach.com\/fr\/wp-json\/wp\/v2\/pages\/1980\/revisions"}],"predecessor-version":[{"id":1983,"href":"https:\/\/sitiabeach.com\/fr\/wp-json\/wp\/v2\/pages\/1980\/revisions\/1983"}],"wp:attachment":[{"href":"https:\/\/sitiabeach.com\/fr\/wp-json\/wp\/v2\/media?parent=1980"}],"curies":[{"name":"wp","href":"https:\/\/api.w.org\/{rel}","templated":true}]}}