{"id":1975,"date":"2026-04-09T20:58:25","date_gmt":"2026-04-09T20:58:25","guid":{"rendered":"https:\/\/sitiabeach.com\/info-utile\/"},"modified":"2026-05-11T17:14:08","modified_gmt":"2026-05-11T17:14:08","slug":"info-utile","status":"publish","type":"page","link":"https:\/\/sitiabeach.com\/fr\/info-utile\/","title":{"rendered":"INFO UTILE"},"content":{"rendered":"<div class=\"et_pb_section_0 et_pb_section et_section_regular et_block_section\">\n<div class=\"et_pb_row_0 et_pb_row et_block_row\">\n<div class=\"et_pb_column_0 et_pb_column et_pb_column_4_4 et-last-child et_block_column et_pb_css_mix_blend_mode_passthrough\">\n<div class=\"et_pb_text_0 et_pb_text et_pb_bg_layout_light et_pb_module et_flex_module\"><div class=\"et_pb_text_inner\"><div class=\"ph\">\n<div class=\"ph-c\">\n<h1><span style=\"color: #ffffff;\">Informations utiles  <\/span><\/h1>\n<p>Guide A - Z<\/p>\n<\/div>\n<\/div>\n<\/div><\/div>\n<\/div>\n<\/div>\n<\/div>\n\n<div class=\"et_pb_section_1 et_pb_section et_section_regular et_flex_section\">\n<div class=\"et_pb_row_1 et_pb_row et_flex_row\">\n<div class=\"et_pb_column_1 et_pb_column et-last-child et_flex_column et_pb_css_mix_blend_mode_passthrough et_flex_column_24_24 et_flex_column_24_24_tablet et_flex_column_24_24_phone\">\n<div class=\"et_pb_text_1 et_pb_text et_pb_bg_layout_light et_pb_module et_flex_module\"><div class=\"et_pb_text_inner\"><div class=\"sl\"><\/div>\n<div class=\"sl\"><\/div>\n<div class=\"sl\">INFO UTILE<\/div>\n<h2 class=\"st\">Guide A - Z<\/h2>\n<h3>Arriv\u00e9e<\/h3>\n<p>Pour assurer un nettoyage complet de votre chambre, l'<strong>enregistrement<\/strong> est possible \u00e0 partir de<strong> 15h00<\/strong> au plus t\u00f4t.<\/p>\n<p><strong><\/strong><\/p>\n<h3>Barres<\/h3>\n<ul>\n<li><strong>Les clients en formule tout compris :<\/strong> Profitez du caf\u00e9 et des boissons locales propos\u00e9es par la carte des boissons en formule tout compris.<\/li>\n<li><strong>Invit\u00e9s \u00e0 la demi-pension :<\/strong> Des boissons peuvent \u00eatre choisies sur notre liste \u00e0 la carte moyennant un suppl\u00e9ment.<\/li>\n<\/ul>\n<h3><strong><\/strong><\/h3>\n<h3>Heures d'ouverture<\/h3>\n<ul>\n<li><strong>Bar du hall principal :<\/strong> 18h00 - 01h00<\/li>\n<li><strong>Service tout compris :<\/strong> 10h00 - 23h00<\/li>\n<li><strong>Pool Snack Bar :<\/strong> 10:00 - 18:00 (derni\u00e8res commandes \u00e0 17:00)<br \/><em>Le Pool Bar fonctionne selon les conditions m\u00e9t\u00e9orologiques, de mai \u00e0 septembre.<\/em><\/li>\n<\/ul>\n<p><strong> <\/strong><\/p>\n<h3>Plage<\/h3>\n<ul>\n<li><strong>Plage r\u00e9compens\u00e9e par le drapeau bleu<\/strong><\/li>\n<li>La <strong>baignade en mer<\/strong> n'est autoris\u00e9e que lorsqu'un sauveteur est en service, de <strong>10h00 \u00e0 18h00<\/strong> (juin \u00e0 septembre).<\/li>\n<li>Veuillez suivre les instructions des sauveteurs et respecter les drapeaux de s\u00e9curit\u00e9 de la plage :<\/li>\n<ul>\n<li><strong>Jaune :<\/strong> Nagez avec prudence<\/li>\n<li><strong>Rouge :<\/strong> Danger, la baignade est interdite<\/li>\n<\/ul>\n<li><strong>Avis de s\u00e9curit\u00e9 :<\/strong> Il est interdit de se baigner dans la piscine ou la mer apr\u00e8s avoir mang\u00e9 ou consomm\u00e9 de l'alcool.<\/li>\n<\/ul>\n<p><strong> <\/strong><\/p>\n<h3>Bracelet<\/h3>\n<ul>\n<li>\u00c0 votre arriv\u00e9e, vous recevrez un <strong>bracelet<\/strong> qui vous servira de cl\u00e9 de chambre et vous identifiera en tant que <strong>client All-Inclusive ou demi-pensionnaire.<\/strong><\/li>\n<li>Ce bracelet est votre \"passeport\" pour tous les <strong>\u00e9tablissements All-Inclusive<\/strong>.<\/li>\n<li>Ne retirez pas le bracelet avant votre d\u00e9part, car il deviendra invalide une fois coup\u00e9.<\/li>\n<li>Le bracelet est antiallergique et \u00e9tanche pour votre confort.<\/li>\n<li>Le jour de votre d\u00e9part, veuillez remettre le bracelet \u00e0 la r\u00e9ception.<\/li>\n<\/ul>\n<p><strong> <\/strong><\/p>\n<h3>D\u00e9part<\/h3>\n<ul>\n<li>Le <strong>jour de votre d\u00e9part<\/strong>, veuillez quitter votre chambre avant <strong>11h00<\/strong>.<\/li>\n<li>Si vous avez besoin d'une <strong>assistance pour vos bagages<\/strong>, veuillez en informer la r\u00e9ception <strong>un jour \u00e0 l'avance<\/strong>.<\/li>\n<\/ul>\n<p><strong> <\/strong><\/p>\n<h3>Corbeille de fruits<\/h3>\n<p><strong>(uniquement pour les clients All-Inclusive)<\/strong><\/p>\n<p>Des corbeilles de fruits sont disponibles exclusivement pour les clients All-Inclusive. Veuillez les commander \u00e0 la r\u00e9ception avant 18h00 la veille. <\/p>\n<p><strong> <\/strong><\/p>\n<h3>Chaises longues Parapluies<\/h3>\n<ul>\n<li>L'h\u00f4tel met \u00e0 votre disposition un nombre limit\u00e9 de chaises longues et de parasols autour des piscines.<\/li>\n<li>Des endroits calmes et ombrag\u00e9s sont disponibles dans le bosquet de tamaris sur la plage et dans notre grand parc sous les arbres.<\/li>\n<li>Si vous souhaitez une chaise longue dans ces zones, veuillez contacter le personnel de la piscine \u00e0 tout moment.<\/li>\n<li>Remarque : pour des raisons de s\u00e9curit\u00e9 et de l\u00e9gislation, une distance minimale doit \u00eatre respect\u00e9e entre les transats.<\/li>\n<\/ul>\n<p><strong> <\/strong><\/p>\n<h3>Piscine<\/h3>\n<ul>\n<li>Ouvert tous les jours de <strong>09h00 \u00e0 18h00<\/strong>.<\/li>\n<li>Pour des raisons de s\u00e9curit\u00e9, la piscine ne peut \u00eatre utilis\u00e9e que pendant les heures d'ouverture et lorsqu'un <strong>sauveteur<\/strong> est en service<strong>(11h00 \u00e0 18h00<\/strong>).<\/li>\n<li>Les <strong>parents sont responsables de leurs enfants<\/strong> et les instructions des ma\u00eetres-nageurs doivent toujours \u00eatre suivies.<\/li>\n<li>Le <strong>personnel de la piscine nettoie les abords de la piscine et la plage de 6h30 \u00e0 8h30.<\/strong><\/li>\n<li><strong>Les transats<\/strong> autour de la piscine et sur la plage ne doivent pas \u00eatre occup\u00e9s avant <strong>08h30<\/strong>.<\/li>\n<li>L'h\u00f4tel <strong>n'est pas responsable de la perte de serviettes ou d'objets personnels.<\/strong><\/li>\n<li>Pour \u00e9viter les blessures dues aux bris de verre, veuillez utiliser uniquement les gobelets en polycarbonate r\u00e9utilisables mis \u00e0 votre disposition dans nos bars et les rapporter apr\u00e8s usage.<\/li>\n<\/ul>\n<p>&nbsp;<\/p>\n<h3>Snack-bar de la piscine<\/h3>\n<ul>\n<li>Ouvert tous les jours de <strong>10h00 \u00e0 17h30<\/strong> (derni\u00e8res commandes \u00e0 17h00).<\/li>\n<li>Veuillez noter que le bar de la piscine est ouvert de mai \u00e0 septembre, en fonction des conditions m\u00e9t\u00e9orologiques.<\/li>\n<\/ul>\n<h3><strong><\/strong><\/h3>\n<h3>Restaurant<\/h3>\n<p><strong>Heures d'ouverture du restaurant principal :<\/strong><\/p>\n<ul>\n<li><strong>Petit d\u00e9jeuner :<\/strong> 07h00 - 10h00<\/li>\n<li><strong>D\u00e9jeuner :<\/strong> 12h30 - 14h30<\/li>\n<li><strong>D\u00eener :<\/strong> 19:00 - 21:30<\/li>\n<\/ul>\n<p><strong><\/strong><\/p>\n<h3>Invit\u00e9s \u00e0 la demi-pension<\/h3>\n<ul>\n<li>La demi-pension comprend le <strong>petit-d\u00e9jeuner et le d\u00eener<\/strong> au restaurant principal.<\/li>\n<li>Les boissons, les repas suppl\u00e9mentaires et les collations sont <strong>factur\u00e9s s\u00e9par\u00e9ment.<\/strong><\/li>\n<\/ul>\n<h3><strong><\/strong><\/h3>\n<h3>H\u00f4tes tout compris<\/h3>\n<ul>\n<li>Les clients All-Inclusive peuvent commander une boisson \u00e0 la fois, et chaque membre de la famille doit commander individuellement. Les commandes group\u00e9es ne sont pas autoris\u00e9es. <\/li>\n<li>Le service tout compris est disponible tous les jours de 10h00 \u00e0 23h00.<\/li>\n<\/ul>\n<p>&nbsp;<\/p>\n<h3>Tous les invit\u00e9s<\/h3>\n<ul>\n<li>Veuillez montrer votre bracelet avant de passer commande.<\/li>\n<li>Nous vous demandons de porter une tenue appropri\u00e9e pendant le d\u00eener.<\/li>\n<\/ul>\n<p><strong> <\/strong><\/p>\n<h3>Informations sur la s\u00e9curit\u00e9<\/h3>\n<ul>\n<li>Veuillez lire les consignes de s\u00e9curit\u00e9 figurant au dos de la porte de votre chambre.<\/li>\n<li>L'h\u00f4tel n'assume aucune responsabilit\u00e9 pour les accidents caus\u00e9s par le non-respect de ces r\u00e8gles.<\/li>\n<\/ul>\n<p><strong> <\/strong><\/p>\n<h3>Centre de spa et de bien-\u00eatre (T\u00e9l. 523)<\/h3>\n<ul>\n<li>Ouvert tous les jours de <strong>10h00 \u00e0 18h00<\/strong>.<\/li>\n<li>Des soins de spa et des massages sont disponibles sur demande aupr\u00e8s du personnel de l'Aegeo Spa.<\/li>\n<\/ul>\n<p><strong> <\/strong><\/p>\n<h3>Politique relative aux animaux de compagnie<\/h3>\n<ul>\n<li>Nous accueillons les <strong>chiens et les chats jusqu'\u00e0 5 kg.<\/strong><\/li>\n<li>Un certificat de vaccination en cours de validit\u00e9 est exig\u00e9 et des <strong>dispositions pr\u00e9alables doivent \u00eatre prises avec le service des r\u00e9servations<\/strong>.<\/li>\n<li>Chaque chambre ne peut accueillir qu'un (1) seul animal de compagnie.<\/li>\n<li>Les animaux doivent \u00eatre surveill\u00e9s en permanence et les chiens doivent \u00eatre tenus en laisse dans les zones publiques du centre de vill\u00e9giature.<\/li>\n<li>Les animaux de compagnie ne sont pas admis dans les points de vente d'aliments et de boissons, dans le centre de bien-\u00eatre ou autour des piscines.<\/li>\n<\/ul>\n<p><strong> <\/strong><\/p>\n<h3>Appels t\u00e9l\u00e9phoniques<\/h3>\n<ul>\n<li><strong>R\u00e9ception :<\/strong> Composez le 0 ou le 502<\/li>\n<li><strong>De chambre \u00e0 chambre :<\/strong> Composez le num\u00e9ro de la chambre<\/li>\n<ul>\n<li>Chambres avec lettres :<\/li>\n<ul>\n<li><strong>A :<\/strong> 19 + num\u00e9ro de la chambre (par exemple A2 = 192)<\/li>\n<li><strong>B :<\/strong> 39 + num\u00e9ro de la chambre (par exemple B1 = 391)<\/li>\n<li><strong>O :<\/strong> 29 + num\u00e9ro de la chambre (ex : O1 = 291)<\/li>\n<\/ul>\n<\/ul>\n<\/ul>\n<h3>Appels internationaux<\/h3>\n<p><strong>Composez 9 + code du pays<\/strong><\/p>\n<ul>\n<li><strong>France : <\/strong>0033<\/li>\n<li><strong>Su\u00e8de : <\/strong>0046<\/li>\n<li><strong>Norv\u00e8ge :<\/strong> 0047<\/li>\n<li><strong>Danemark : 0045<\/strong><\/li>\n<li><strong>Grande-Bretagne : <\/strong>0044<\/li>\n<li><strong>\u00c9TATS-UNIS : <\/strong>001<\/li>\n<\/ul>\n<p><strong> <\/strong><\/p>\n<h3>Contactez nous<\/h3>\n<p>Notre \u00e9quipe est heureuse de vous aider. Pour toute question, n'h\u00e9sitez pas \u00e0 nous contacter : <\/p>\n<ul>\n<li><strong>T\u00e9l\u00e9phone : +30 28430 28821<\/strong> +30 28430 28821<\/li>\n<li><strong>Courriel :<\/strong> <a href=\"mailto:reservations@sitiabeach.com\">reservations@sitiabeach.com<\/a> (pour des informations sur l'accessibilit\u00e9)<\/li>\n<\/ul>\n<p>&nbsp;<\/p>\n<p>&nbsp;<\/p>\n<\/div><\/div>\n<\/div>\n<\/div>\n<\/div>","protected":false},"excerpt":{"rendered":"","protected":false},"author":1,"featured_media":0,"parent":0,"menu_order":0,"comment_status":"closed","ping_status":"closed","template":"","meta":{"footnotes":""},"class_list":["post-1975","page","type-page","status-publish","hentry"],"_links":{"self":[{"href":"https:\/\/sitiabeach.com\/fr\/wp-json\/wp\/v2\/pages\/1975","targetHints":{"allow":["GET"]}}],"collection":[{"href":"https:\/\/sitiabeach.com\/fr\/wp-json\/wp\/v2\/pages"}],"about":[{"href":"https:\/\/sitiabeach.com\/fr\/wp-json\/wp\/v2\/types\/page"}],"author":[{"embeddable":true,"href":"https:\/\/sitiabeach.com\/fr\/wp-json\/wp\/v2\/users\/1"}],"replies":[{"embeddable":true,"href":"https:\/\/sitiabeach.com\/fr\/wp-json\/wp\/v2\/comments?post=1975"}],"version-history":[{"count":1,"href":"https:\/\/sitiabeach.com\/fr\/wp-json\/wp\/v2\/pages\/1975\/revisions"}],"predecessor-version":[{"id":1978,"href":"https:\/\/sitiabeach.com\/fr\/wp-json\/wp\/v2\/pages\/1975\/revisions\/1978"}],"wp:attachment":[{"href":"https:\/\/sitiabeach.com\/fr\/wp-json\/wp\/v2\/media?parent=1975"}],"curies":[{"name":"wp","href":"https:\/\/api.w.org\/{rel}","templated":true}]}}