{"id":1973,"date":"2026-04-09T16:53:17","date_gmt":"2026-04-09T16:53:17","guid":{"rendered":"https:\/\/sitiabeach.com\/durabilite\/"},"modified":"2026-05-11T17:14:11","modified_gmt":"2026-05-11T17:14:11","slug":"durabilite","status":"publish","type":"page","link":"https:\/\/sitiabeach.com\/fr\/durabilite\/","title":{"rendered":"DURABILIT\u00c9"},"content":{"rendered":"<div class=\"et_pb_section_0 et_pb_section et_section_regular et_block_section\">\n<div class=\"et_pb_row_0 et_pb_row et_block_row\">\n<div class=\"et_pb_column_0 et_pb_column et_pb_column_4_4 et-last-child et_block_column et_pb_css_mix_blend_mode_passthrough\">\n<div class=\"et_pb_text_0 et_pb_text et_pb_bg_layout_light et_pb_module et_flex_module\"><div class=\"et_pb_text_inner\"><div class=\"ph-c\">\n<h1>Durabilit\u00e9<\/h1>\n<\/div>\n<p style=\"text-align: center;\">Nous prenons soin des gens, de notre lieu de vie et de l'avenir<\/p>\n<\/div><\/div>\n<\/div>\n<\/div>\n<\/div>\n\n<div class=\"et_pb_section_1 et_pb_section et_section_regular et_flex_section\">\n<div class=\"et_pb_row_1 et_pb_row et_flex_row\">\n<div class=\"et_pb_column_1 et_pb_column et_flex_column et_pb_css_mix_blend_mode_passthrough et_flex_column_8_24 et_flex_column_8_24_tablet et_flex_column_24_24_phone\">\n<div class=\"et_pb_text_1 et_pb_text et_pb_bg_layout_light et_clickable et_pb_module et_flex_module\"><div class=\"et_pb_text_inner\"><p><strong>Responsabilit\u00e9 sociale<\/strong><\/p>\n<\/div><\/div>\n<\/div>\n\n<div class=\"et_pb_column_2 et_pb_column et_flex_column et_pb_css_mix_blend_mode_passthrough et_flex_column_8_24 et_flex_column_8_24_tablet et_flex_column_24_24_phone\">\n<div class=\"et_pb_text_2 et_pb_text et_pb_bg_layout_light et_clickable et_pb_module et_flex_module\"><div class=\"et_pb_text_inner\"><p><strong>Culture du d\u00e9veloppement durable dans l'entreprise<\/strong><\/p>\n<\/div><\/div>\n<\/div>\n\n<div class=\"et_pb_column_3 et_pb_column et-last-child et_flex_column et_pb_css_mix_blend_mode_passthrough et_flex_column_8_24 et_flex_column_8_24_tablet et_flex_column_24_24_phone\">\n<div class=\"et_pb_text_3 et_pb_text et_pb_bg_layout_light et_clickable et_pb_module et_flex_module\"><div class=\"et_pb_text_inner\"><p><strong>Politique de qualit\u00e9<\/strong><\/p>\n<\/div><\/div>\n<\/div>\n<\/div>\n<\/div>\n\n<div class=\"et_pb_section_2 et_pb_section et_section_regular et_flex_section\" id=\"sustainability\">\n<div class=\"et_pb_row_2 et_pb_row et-vb-row--no-module et_flex_row\">\n<div class=\"et_pb_column_4 et_pb_column et-last-child et_flex_column et_pb_column_empty et_pb_css_mix_blend_mode_passthrough et_flex_column_24_24 et_flex_column_24_24_tablet et_flex_column_24_24_phone\"><\/div>\n<\/div>\n<\/div>\n\n<div class=\"et_pb_section_3 et_pb_section et_section_regular et_flex_section\">\n<div class=\"et_pb_row_3 et_pb_row et_flex_row\">\n<div class=\"et_pb_column_5 et_pb_column et-last-child et_flex_column et_pb_css_mix_blend_mode_passthrough et_flex_column_24_24 et_flex_column_24_24_tablet et_flex_column_24_24_phone\">\n<div class=\"et_pb_text_4 et_pb_text et_pb_bg_layout_light et_pb_module et_flex_module\"><div class=\"et_pb_text_inner\"><div class=\"sl\"><\/div>\n<div class=\"sl\"><\/div>\n<div class=\"sl\">Entreprise<\/div>\n<h2 class=\"st\">Culture de la durabilit\u00e9<\/h2>\n<p>La direction de Sitia Beach City Resort &amp; Spa met en \u0153uvre la CULTURE DE LA DURABILIT\u00c9, c'est-\u00e0-dire l'engagement constant en faveur d'un comportement \u00e9thique et la contribution au d\u00e9veloppement \u00e9conomique, tout en am\u00e9liorant la qualit\u00e9 de vie de ses employ\u00e9s ainsi que des communaut\u00e9s locales et de la soci\u00e9t\u00e9 en g\u00e9n\u00e9ral :<\/p>\n<p>&nbsp;<\/p>\n<p><strong>La protection de l'ENVIRONNEMENT par :<\/strong><\/p>\n<p>- Se soumettre \u00e0 toute exigence de la loi ou d'autres personnes en rapport avec les activit\u00e9s environnementales<\/p>\n<p>- \u00e9valuer les effets de ces activit\u00e9s sur l'environnement en vue de r\u00e9duire, voire d'\u00e9liminer, ces effets n\u00e9gatifs<\/p>\n<p>- Devenir actif par tous les moyens possibles pour la protection de l'environnement et la pr\u00e9vention de la pollution<\/p>\n<p>- Fixer des objectifs en vue d'une am\u00e9lioration continue<\/p>\n<p>- Maintien de la qualit\u00e9 de l'air<\/p>\n<p>- Protection de la plage et de la qualit\u00e9 de l'eau de mer<\/p>\n<p>- Coop\u00e9ration avec les autorit\u00e9s locales pour la pr\u00e9servation des beaut\u00e9s naturelles de la r\u00e9gionInformation de toutes les autorit\u00e9s locales sur les activit\u00e9s environnementales de l'h\u00f4tel afin de les sensibiliser aux questions environnementales.<\/p>\n<p>- La r\u00e9alisation d'activit\u00e9s li\u00e9es aux mesures d'\u00e9conomie d'\u00e9nergie, \u00e0 la r\u00e9duction de la consommation d'eau, \u00e0 la bonne gestion et \u00e0 la r\u00e9duction des d\u00e9chets et des eaux us\u00e9es.<\/p>\n<p>- Coop\u00e9ration avec les universit\u00e9s internationales pour le suivi de la gestion des d\u00e9chets alimentaires<\/p>\n<p>- Nous veillons \u00e0 acheter de plus en plus de produits recyclables, d'origine locale et emball\u00e9s dans le respect de l'environnement.<\/p>\n<p>&nbsp;<\/p>\n<p><strong>La protection de ses EMPLOY\u00c9S et de ses DROITS HUMAINS par :<\/strong><\/p>\n<p>- Former et faire participer le personnel de l'h\u00f4tel au syst\u00e8me de gestion de l'environnement.<\/p>\n<p>- Mener les activit\u00e9s de l'entreprise d'une mani\u00e8re et dans un environnement qui garantissent, dans la mesure du possible, la s\u00e9curit\u00e9 et la sant\u00e9 de ses employ\u00e9s, l'environnement et les autres personnes concern\u00e9es au sein des installations de l'entreprise.<\/p>\n<p>- Respecter toutes les lois et r\u00e9glementations pertinentes concernant la s\u00e9curit\u00e9 et la sant\u00e9 sur le lieu de travail et les autres exigences auxquelles l'entreprise souscrit. De m\u00eame, pour le d\u00e9veloppement du syst\u00e8me de gestion, afin de se conformer aux changements juridiques et op\u00e9rationnels. <\/p>\n<p>- Fournir les ressources n\u00e9cessaires pour permettre la mise en \u0153uvre de cette politique<\/p>\n<p>- Am\u00e9liorer continuellement ce syst\u00e8me<\/p>\n<p>- Dans notre pays, nous respectons toutes les lois et r\u00e9glementations du travail applicables. Nous suivons de pr\u00e8s tous les changements li\u00e9s au travail et offrons une formation continue \u00e0 nos employ\u00e9s d\u00e8s leur entr\u00e9e en fonction et tout au long de leur carri\u00e8re dans nos h\u00f4tels.<\/p>\n<p>- Nous consid\u00e9rons nos employ\u00e9s et les traitons de mani\u00e8re \u00e9gale et respectueuse, en veillant \u00e0 ce que personne ne fasse l'objet d'une discrimination fond\u00e9e sur l'\u00e2ge, l'orientation sexuelle, le sexe, l'origine ethnique, la religion, la culture, la situation familiale, les convictions personnelles ou un handicap.<\/p>\n<p>&nbsp;<\/p>\n<p><strong>Soutenez la COMMUNAUT\u00c9 LOCALE en :<\/strong><\/p>\n<p>- Nous pr\u00e9f\u00e9rons acheter des aliments, des biens et des services aupr\u00e8s de fournisseurs locaux<br \/>- Promouvoir le caract\u00e8re unique et la responsabilit\u00e9 de l'hospitalit\u00e9<\/p>\n<p>- Offrir des services qui promeuvent la culture et la gastronomie locales<\/p>\n<p>- Employer des personnes issues de la communaut\u00e9 locale dans la mesure du possible<\/p>\n<p>- Soutenir les institutions locales en organisant des dons<\/p>\n<p>- Inviter les \u00e9coles locales et les jardins d'enfants \u00e0 participer \u00e0 nos actions environnementales<\/p>\n<p>- Encourager nos employ\u00e9s \u00e0 participer \u00e0 des activit\u00e9s organis\u00e9es par les communaut\u00e9s locales<\/p>\n<p>- Prot\u00e9ger le droit des enfants \u00e0 grandir en toute s\u00e9curit\u00e9, \u00e0 l'abri de l'exploitation et des abus.<\/p>\n<p>- Nous promouvons les traditions et les coutumes locales ainsi que les sites historiques et arch\u00e9ologiques.<\/p>\n<p>- Nous informons nos h\u00f4tes de la mani\u00e8re dont ils doivent respecter les populations locales et leur culture. Un \"Kalimera\" ou un \"Jia sas\" amical est une cl\u00e9 importante pour entrer en contact avec eux.<\/p>\n<\/div><\/div>\n<\/div>\n<\/div>\n<\/div>\n\n<div class=\"et_pb_section_4 et_pb_section et_section_regular et_flex_section\" id=\"social\">\n<div class=\"et_pb_row_4 et_pb_row et-vb-row--no-module et_flex_row\">\n<div class=\"et_pb_column_6 et_pb_column et-last-child et_flex_column et_pb_column_empty et_pb_css_mix_blend_mode_passthrough et_flex_column_24_24 et_flex_column_24_24_tablet et_flex_column_24_24_phone\"><\/div>\n<\/div>\n<\/div>\n\n<div class=\"et_pb_section_5 et_pb_section et_section_regular et_flex_section\">\n<div class=\"et_pb_row_5 et_pb_row et_flex_row\">\n<div class=\"et_pb_column_7 et_pb_column et-last-child et_flex_column et_pb_css_mix_blend_mode_passthrough et_flex_column_24_24 et_flex_column_24_24_tablet et_flex_column_24_24_phone\">\n<div class=\"et_pb_text_5 et_pb_text et_pb_bg_layout_light et_pb_module et_flex_module\"><div class=\"et_pb_text_inner\"><div class=\"sl\"><\/div>\n<div class=\"sl\"><\/div>\n<div class=\"sl\">Politique environnementale<\/div>\n<h2 class=\"st\">Responsabilit\u00e9 sociale<\/h2>\n<p><strong>Politique environnementale<\/strong><\/p>\n<p>Conscients de l'importance de la protection de l'environnement en g\u00e9n\u00e9ral et du d\u00e9veloppement durable du tourisme, la direction et le personnel du Sitia Beach Hotel ont \u00e9labor\u00e9 et mis en \u0153uvre un syst\u00e8me de gestion de l'environnement, conform\u00e9ment aux crit\u00e8res de la norme internationale ISO 14001:2004.<br \/>Le syst\u00e8me de gestion de l'environnement couvre toutes les activit\u00e9s de l'h\u00f4tel, en accordant une attention particuli\u00e8re aux services d'h\u00e9bergement et de restauration. Sur la base de ces meilleures pratiques, la direction de l'h\u00f4tel s'engage \u00e0 respecter les points suivants : <\/p>\n<p>- Communiquer avec toutes les autorit\u00e9s locales sur les mesures environnementales prises par notre h\u00f4tel.<\/p>\n<p>- Former et impliquer le personnel de l'h\u00f4tel dans le syst\u00e8me de gestion de l'environnement.<\/p>\n<p>- Informer les clients des pratiques et activit\u00e9s environnementales de l'h\u00f4tel et les encourager \u00e0 participer \u00e0 nos initiatives.<\/p>\n<p>&nbsp;<\/p>\n<p><strong>Nos activit\u00e9s environnementales comprennent<\/strong><\/p>\n<p>- Nettoyez le Med &gt; <a href=\"https:\/\/ecotourism-greece.com\/providers\/clean-up-the-med\/\" target=\"_blank\" rel=\"noopener\">Plus d'informations<\/a><\/p>\n<p>- Nettoyez le monde &gt; <a href=\"https:\/\/sdgs.un.org\/partnerships\/clean-world-activities-globally-clean-fix-and-conserve-environment\" target=\"_blank\" rel=\"noopener\">Plus d'informations<\/a><\/p>\n<p>- Hands Across the Sands &gt; <a href=\"http:\/\/www.handsacrossthesand.com\/\" target=\"_blank\" rel=\"noopener\">Plus d'informations<\/a><\/p>\n<p>- Journ\u00e9e mondiale de l'environnement &gt; <a href=\"https:\/\/www.worldenvironmentday.global\/\" target=\"_blank\" rel=\"noopener\">Plus d'informations<\/a><\/p>\n<p>- Visite hebdomadaire de nos jardins luxuriants, informant nos h\u00f4tes sur la nature et les diff\u00e9rentes questions et actions environnementales.<\/p>\n<\/div><\/div>\n<\/div>\n<\/div>\n<\/div>\n\n<div class=\"et_pb_section_6 et_pb_section et_section_regular et_flex_section\" id=\"quality_pol\">\n<div class=\"et_pb_row_6 et_pb_row et-vb-row--no-module et_flex_row\">\n<div class=\"et_pb_column_8 et_pb_column et-last-child et_flex_column et_pb_column_empty et_pb_css_mix_blend_mode_passthrough et_flex_column_24_24 et_flex_column_24_24_tablet et_flex_column_24_24_phone\"><\/div>\n<\/div>\n<\/div>\n\n<div class=\"et_pb_section_7 et_pb_section et_section_regular et_flex_section\">\n<div class=\"et_pb_row_7 et_pb_row et_flex_row\">\n<div class=\"et_pb_column_9 et_pb_column et-last-child et_flex_column et_pb_css_mix_blend_mode_passthrough et_flex_column_24_24 et_flex_column_24_24_tablet et_flex_column_24_24_phone\">\n<div class=\"et_pb_text_6 et_pb_text et_pb_bg_layout_light et_pb_module et_flex_module\"><div class=\"et_pb_text_inner\"><div class=\"sl\"><\/div>\n<div class=\"sl\"><\/div>\n<div class=\"sl\">Politique<\/div>\n<h2 class=\"st\">Politique de qualit\u00e9<\/h2>\n<p>Notre vision est de rester fid\u00e8le \u00e0 la tradition de l'hospitalit\u00e9 grecque et de nous baser sur les normes op\u00e9rationnelles d\u00e9finies ISO 22000:2018 dans toutes nos activit\u00e9s, afin d'offrir \u00e0 nos clients des services de qualit\u00e9 et s\u00fbrs avec notre personnel professionnel et amical, qui sont en constante \u00e9volution et d\u00e9veloppement, et qui prot\u00e8gent l'environnement.<\/p>\n<p>&nbsp;<\/p>\n<p><strong>Plus pr\u00e9cis\u00e9ment, la politique de qualit\u00e9 vise \u00e0 :<\/strong><\/p>\n<p>- Satisfaire pleinement et continuellement les clients des services et des produits offerts.<\/p>\n<p>- assurer la sant\u00e9 et la s\u00e9curit\u00e9 de nos clients, tant qu'ils s\u00e9journent dans notre h\u00f4tel<\/p>\n<p>- en \u00e9valuant l'impact environnemental de nos activit\u00e9s afin de le r\u00e9duire ou de l'\u00e9liminer<\/p>\n<p>- Agir par tous les moyens possibles pour prot\u00e9ger l'environnement et pr\u00e9venir la pollution<\/p>\n<p>- Traiter le client de mani\u00e8re fiable, pr\u00e9cise et professionnelle<\/p>\n<p>- Am\u00e9liorer constamment la qualit\u00e9 des services et des produits que nous fournissons<\/p>\n<p>- Satisfaire le client, afin qu'il devienne \"notre ambassadeur\" en n'exprimant que des commentaires positifs sur notre activit\u00e9.<\/p>\n<p>- Pour vous assurer un h\u00e9bergement confortable et tranquille dans notre h\u00f4tel<\/p>\n<p>- Cr\u00e9er un climat d'amiti\u00e9 et de compr\u00e9hension r\u00e9ciproque avec nos clients.<\/p>\n<p>- R\u00e9pondre directement et volontairement aux demandes de nos clients<\/p>\n<p>- Pour maintenir l'excellent \u00e9tat de nos installations et la fonctionnalit\u00e9 de nos \u00e9quipements<br \/>Nous tous : la direction et les employ\u00e9s, car nous croyons en l'am\u00e9lioration continue, nous nous engageons \u00e0 respecter ce qui suit, qui constitue la Qualit\u00e9.<\/p>\n<p>&nbsp;<\/p>\n<p><strong>Politique de l'entreprise :<\/strong><\/p>\n<p>- Afin de l'appliquer fid\u00e8lement et de l'am\u00e9liorer constamment, le syst\u00e8me d'assurance qualit\u00e9 ISO 22000 : 2018<\/p>\n<p>- Suivre strictement les consignes d'hygi\u00e8ne et de s\u00e9curit\u00e9 des aliments et des boissons conform\u00e9ment \u00e0 l'\u00e9tude HACCP qui suit les principes du Codex Alimentarius.<\/p>\n<p>- Agir de mani\u00e8re \u00e0 \u00e9conomiser l'\u00e9nergie, \u00e0 r\u00e9duire la consommation d'eau, \u00e0 g\u00e9rer correctement les eaux us\u00e9es produites et \u00e0 r\u00e9duire et g\u00e9rer correctement les d\u00e9chets solides.<\/p>\n<p>- Maintenir une bonne qualit\u00e9 de l'air atmosph\u00e9rique<\/p>\n<p>- Prot\u00e9ger la plage et la qualit\u00e9 de l'eau<\/p>\n<p>- se conformer \u00e0 toute loi ou autre exigence li\u00e9e aux activit\u00e9s de notre entreprise<\/p>\n<p>&nbsp;<\/p>\n<p><strong>Pour atteindre tous ces objectifs :<\/strong><\/p>\n<p>- Nous collaborons avec les institutions voisines afin de pr\u00e9server la beaut\u00e9 naturelle de la r\u00e9gion,<\/p>\n<p>- Nous informons tous les acteurs de la r\u00e9gion des actions environnementales men\u00e9es par notre h\u00f4tel afin d'accro\u00eetre la sensibilisation et la participation,<\/p>\n<p>- Nous formons chaque ann\u00e9e le personnel de l'h\u00f4tel \u00e0 participer activement au syst\u00e8me de gestion de l'environnement et \u00e0 l'application correcte de l'HACCP.<\/p>\n<p>- Nous informons nos clients des effets de l'h\u00f4tel sur l'environnement afin d'encourager une participation active.<\/p>\n<p>- Nous n'utilisons que des mati\u00e8res premi\u00e8res de haute qualit\u00e9 et nous \u00e9valuons nos fournisseurs.<\/p>\n<p>- Nous maintenons les installations et les \u00e9quipements en bon \u00e9tat et nous pr\u00e9venons les probl\u00e8mes.<\/p>\n<p>&nbsp;<\/p>\n<p>Notre priorit\u00e9 est de cr\u00e9er un environnement de travail et de r\u00e9sidence confortable, agr\u00e9able et s\u00fbr.<br \/>Sitia Beach City Resort &amp; Spa invite ses clients, sa communaut\u00e9 et son personnel \u00e0 lui faire part de leurs commentaires sur les efforts que nous d\u00e9ployons pour am\u00e9liorer notre impact environnemental et social, ainsi que de leurs suggestions sur la mani\u00e8re dont nous pouvons nous am\u00e9liorer. Veuillez envoyer vos commentaires ou vos id\u00e9es par courriel \u00e0 <span style=\"color: #0000ff;\"><strong>reservations@sitiabeach.com<\/strong><\/span> <\/p>\n<\/div><\/div>\n<\/div>\n<\/div>\n<\/div>\n\n<div class=\"et_pb_section_8 et_pb_section et_section_regular et_flex_section\">\n<div class=\"et_pb_row_8 et_pb_row et_flex_row\">\n<div class=\"et_pb_column_10 et_pb_column et_flex_column et_pb_css_mix_blend_mode_passthrough et_flex_column_8_24 et_flex_column_8_24_tablet et_flex_column_24_24_phone\">\n<div class=\"et_pb_image_0 et_pb_image et_pb_module et_flex_module\"><a href=\"https:\/\/books.emd.systems\/flipbook\/sitia-beach-sustainability-report-2025-en\/\" target=\"_blank\"><span class=\"et_pb_image_wrap\"><img loading=\"lazy\" decoding=\"async\" src=\"https:\/\/sitiabeach.com\/wp-content\/uploads\/2026\/04\/SUSTAINABILITY-REPORT.png\" title=\"RAPPORT SUR LE D\u00c9VELOPPEMENT DURABLE\" width=\"681\" height=\"911\" srcset=\"https:\/\/sitiabeach.com\/wp-content\/uploads\/2026\/04\/SUSTAINABILITY-REPORT.png 681w, https:\/\/sitiabeach.com\/wp-content\/uploads\/2026\/04\/SUSTAINABILITY-REPORT-480x642.png 480w\" sizes=\"(min-width: 0px) and (max-width: 480px) 480px, (min-width: 481px) 681px, 100vw\" class=\"wp-image-1815\" \/><\/span><\/a><\/div>\n<\/div>\n\n<div class=\"et_pb_column_11 et_pb_column et_flex_column et_pb_css_mix_blend_mode_passthrough et_flex_column_8_24 et_flex_column_8_24_tablet et_flex_column_24_24_phone\">\n<div class=\"et_pb_image_1 et_pb_image et_pb_module et_flex_module\"><a href=\"https:\/\/books.emd.systems\/flipbook\/sitia-beach-environmental-report-2025\/\" target=\"_blank\"><span class=\"et_pb_image_wrap\"><img loading=\"lazy\" decoding=\"async\" src=\"https:\/\/sitiabeach.com\/wp-content\/uploads\/2026\/04\/ENVORONMENTAL-POLICY.png\" title=\"POLITIQUE ENVIRONNEMENTALE\" width=\"681\" height=\"911\" srcset=\"https:\/\/sitiabeach.com\/wp-content\/uploads\/2026\/04\/ENVORONMENTAL-POLICY.png 681w, https:\/\/sitiabeach.com\/wp-content\/uploads\/2026\/04\/ENVORONMENTAL-POLICY-480x642.png 480w\" sizes=\"(min-width: 0px) and (max-width: 480px) 480px, (min-width: 481px) 681px, 100vw\" class=\"wp-image-1817\" \/><\/span><\/a><\/div>\n<\/div>\n\n<div class=\"et_pb_column_12 et_pb_column et-last-child et_flex_column et_pb_css_mix_blend_mode_passthrough et_flex_column_8_24 et_flex_column_8_24_tablet et_flex_column_24_24_phone\">\n<div class=\"et_pb_image_2 et_pb_image et_pb_module et_flex_module\"><a href=\"https:\/\/books.emd.systems\/flipbook\/%CF%80%CE%BF%CE%BB%CE%B9%CF%84%CE%B9%CE%BA%CE%B7-%CE%B1%CE%B5%CE%B9%CF%86%CE%BF%CF%81%CE%B9%CE%B1%CF%83-2025\/\" target=\"_blank\"><span class=\"et_pb_image_wrap\"><img loading=\"lazy\" decoding=\"async\" src=\"https:\/\/sitiabeach.com\/wp-content\/uploads\/2026\/04\/SUSTAINABILITY-POLICY.png\" title=\"POLITIQUE DE D\u00c9VELOPPEMENT DURABLE\" width=\"681\" height=\"911\" srcset=\"https:\/\/sitiabeach.com\/wp-content\/uploads\/2026\/04\/SUSTAINABILITY-POLICY.png 681w, https:\/\/sitiabeach.com\/wp-content\/uploads\/2026\/04\/SUSTAINABILITY-POLICY-480x642.png 480w\" sizes=\"(min-width: 0px) and (max-width: 480px) 480px, (min-width: 481px) 681px, 100vw\" class=\"wp-image-1819\" \/><\/span><\/a><\/div>\n<\/div>\n<\/div>\n<\/div>","protected":false},"excerpt":{"rendered":"","protected":false},"author":1,"featured_media":0,"parent":0,"menu_order":0,"comment_status":"closed","ping_status":"closed","template":"","meta":{"footnotes":""},"class_list":["post-1973","page","type-page","status-publish","hentry"],"_links":{"self":[{"href":"https:\/\/sitiabeach.com\/fr\/wp-json\/wp\/v2\/pages\/1973","targetHints":{"allow":["GET"]}}],"collection":[{"href":"https:\/\/sitiabeach.com\/fr\/wp-json\/wp\/v2\/pages"}],"about":[{"href":"https:\/\/sitiabeach.com\/fr\/wp-json\/wp\/v2\/types\/page"}],"author":[{"embeddable":true,"href":"https:\/\/sitiabeach.com\/fr\/wp-json\/wp\/v2\/users\/1"}],"replies":[{"embeddable":true,"href":"https:\/\/sitiabeach.com\/fr\/wp-json\/wp\/v2\/comments?post=1973"}],"version-history":[{"count":2,"href":"https:\/\/sitiabeach.com\/fr\/wp-json\/wp\/v2\/pages\/1973\/revisions"}],"predecessor-version":[{"id":1979,"href":"https:\/\/sitiabeach.com\/fr\/wp-json\/wp\/v2\/pages\/1973\/revisions\/1979"}],"wp:attachment":[{"href":"https:\/\/sitiabeach.com\/fr\/wp-json\/wp\/v2\/media?parent=1973"}],"curies":[{"name":"wp","href":"https:\/\/api.w.org\/{rel}","templated":true}]}}