{"id":1970,"date":"2026-04-09T05:38:05","date_gmt":"2026-04-09T05:38:05","guid":{"rendered":"https:\/\/sitiabeach.com\/pour-les-enfants\/"},"modified":"2026-05-11T17:14:02","modified_gmt":"2026-05-11T17:14:02","slug":"pour-les-enfants","status":"publish","type":"page","link":"https:\/\/sitiabeach.com\/fr\/pour-les-enfants\/","title":{"rendered":"POUR LES ENFANTS"},"content":{"rendered":"<div class=\"et_pb_section_0 et_pb_section et_section_regular et_block_section\">\n<div class=\"et_pb_row_0 et_pb_row et_block_row\">\n<div class=\"et_pb_column_0 et_pb_column et_pb_column_4_4 et-last-child et_block_column et_pb_css_mix_blend_mode_passthrough\">\n<div class=\"et_pb_text_0 et_pb_text et_pb_bg_layout_light et_pb_module et_flex_module\"><div class=\"et_pb_text_inner\"><div class=\"ph-c\">\n<h1>Pour les enfants<\/h1>\n<\/div>\n<p style=\"text-align: center;\">Nous aimons accueillir nos plus jeunes invit\u00e9s<\/p>\n<\/div><\/div>\n<\/div>\n<\/div>\n<\/div>\n\n<div class=\"et_pb_section_1 et_pb_section et_section_regular et_flex_section\">\n<div class=\"et_pb_row_1 et_pb_row et_flex_row\">\n<div class=\"et_pb_column_1 et_pb_column et-last-child et_flex_column et_pb_css_mix_blend_mode_passthrough et_flex_column_24_24 et_flex_column_24_24_tablet et_flex_column_24_24_phone\">\n<div class=\"et_pb_text_1 et_pb_text et_pb_bg_layout_light et_pb_module et_flex_module\"><div class=\"et_pb_text_inner\"><div>\n<div class=\"sl\" style=\"text-align: left;\">Services h\u00f4teliers<\/div>\n<h2 class=\"st\" style=\"text-align: left;\">pour les plus jeunes<\/h2>\n<p style=\"text-align: left;\">Au Sitia Beach City Resort &amp; Spa, nous aimons accueillir nos plus jeunes clients. Pour rendre leur s\u00e9jour aussi agr\u00e9able que possible, nous vous proposons.. : <\/p>\n<p style=\"text-align: left;\">\n<\/div>\n<ul>\n<li><strong>Repas sp\u00e9ciaux pour les enfants<\/strong> (disponibles sur demande au restaurant)<\/li>\n<li><strong>Si\u00e8ges pour enfants<\/strong> (dans le restaurant)<\/li>\n<\/ul>\n<p>En outre, les articles suivants sont disponibles <strong>gratuitement<\/strong> sur demande \u00e0 la r\u00e9ception :<\/p>\n<ul>\n<li><strong>Cots<\/strong><\/li>\n<li><strong>Interphones b\u00e9b\u00e9<\/strong><\/li>\n<li><strong>Poussettes<\/strong><\/li>\n<li><strong>Bouilloires \u00e9lectriques<\/strong><\/li>\n<\/ul>\n<p>Des <strong>services de baby-sitting<\/strong> sont \u00e9galement disponibles moyennant un <strong>suppl\u00e9ment<\/strong>.<\/p>\n<p>Une <strong>piscine Baby Paddle<\/strong> est \u00e9galement disponible. Elle est peu profonde et sp\u00e9cialement con\u00e7ue pour que les petits puissent s'\u00e9clabousser, jouer et prendre confiance en eux dans l'eau. Avec sa profondeur s\u00fbre et son environnement adapt\u00e9 aux enfants, elle constitue l'espace id\u00e9al pour que les jeunes enfants puissent profiter d'activit\u00e9s aquatiques amusantes et supervis\u00e9es. <\/p>\n<\/div><\/div>\n<\/div>\n<\/div>\n<\/div>","protected":false},"excerpt":{"rendered":"","protected":false},"author":1,"featured_media":0,"parent":0,"menu_order":0,"comment_status":"closed","ping_status":"closed","template":"","meta":{"footnotes":""},"class_list":["post-1970","page","type-page","status-publish","hentry"],"_links":{"self":[{"href":"https:\/\/sitiabeach.com\/fr\/wp-json\/wp\/v2\/pages\/1970","targetHints":{"allow":["GET"]}}],"collection":[{"href":"https:\/\/sitiabeach.com\/fr\/wp-json\/wp\/v2\/pages"}],"about":[{"href":"https:\/\/sitiabeach.com\/fr\/wp-json\/wp\/v2\/types\/page"}],"author":[{"embeddable":true,"href":"https:\/\/sitiabeach.com\/fr\/wp-json\/wp\/v2\/users\/1"}],"replies":[{"embeddable":true,"href":"https:\/\/sitiabeach.com\/fr\/wp-json\/wp\/v2\/comments?post=1970"}],"version-history":[{"count":2,"href":"https:\/\/sitiabeach.com\/fr\/wp-json\/wp\/v2\/pages\/1970\/revisions"}],"predecessor-version":[{"id":1972,"href":"https:\/\/sitiabeach.com\/fr\/wp-json\/wp\/v2\/pages\/1970\/revisions\/1972"}],"wp:attachment":[{"href":"https:\/\/sitiabeach.com\/fr\/wp-json\/wp\/v2\/media?parent=1970"}],"curies":[{"name":"wp","href":"https:\/\/api.w.org\/{rel}","templated":true}]}}