{"id":1967,"date":"2026-04-16T23:19:20","date_gmt":"2026-04-16T23:19:20","guid":{"rendered":"https:\/\/sitiabeach.com\/centre-spa\/"},"modified":"2026-05-11T17:13:53","modified_gmt":"2026-05-11T17:13:53","slug":"centre-spa","status":"publish","type":"page","link":"https:\/\/sitiabeach.com\/fr\/centre-spa\/","title":{"rendered":"CENTRE SPA"},"content":{"rendered":"<div class=\"et_pb_section_0 et_pb_section et_section_regular et_block_section\">\n<div class=\"et_pb_row_0 et_pb_row et_block_row\">\n<div class=\"et_pb_column_0 et_pb_column et_pb_column_4_4 et-last-child et_block_column et_pb_css_mix_blend_mode_passthrough\">\n<div class=\"et_pb_text_0 et_pb_text et_pb_bg_layout_light et_pb_module et_flex_module\"><div class=\"et_pb_text_inner\"><div class=\"ph-c\">\n<h1>Centre thermal<\/h1>\n<\/div>\n<p style=\"text-align: center;\">Votre voyage vers la d\u00e9tente et le rajeunissement commence ici<\/p>\n<\/div><\/div>\n<\/div>\n<\/div>\n<\/div>\n\n<div class=\"et_pb_section_1 et_pb_section et_section_regular et_flex_section\">\n<div class=\"et_pb_row_1 et_pb_row et_flex_row\">\n<div class=\"et_pb_column_1 et_pb_column et-last-child et_flex_column et_pb_css_mix_blend_mode_passthrough et_flex_column_24_24 et_flex_column_24_24_tablet et_flex_column_24_24_phone\">\n<div class=\"et_pb_text_1 et_pb_text et_pb_bg_layout_light et_pb_module et_flex_module\"><div class=\"et_pb_text_inner\"><div class=\"sl\" style=\"text-align: center;\">Bien-\u00eatre<\/div>\n<h2 class=\"st\" style=\"text-align: center;\">Centre thermal<\/h2>\n<\/div><\/div>\n<\/div>\n<\/div>\n<\/div>\n\n<div class=\"et_pb_section_2 et_pb_section et_section_regular et_flex_section\">\n<div class=\"et_pb_row_2 et_pb_row et_flex_row\">\n<div class=\"et_pb_column_2 et_pb_column et-last-child et_flex_column et_pb_css_mix_blend_mode_passthrough et_flex_column_24_24 et_flex_column_24_24_tablet et_flex_column_24_24_phone\">\n<div class=\"et_pb_text_2 et_pb_text et_pb_bg_layout_light et_pb_module et_flex_module\"><div class=\"et_pb_text_inner\" data-et-mv-hidden-phone=\"true\"><div style=\"text-align: center; max-width: 900px; margin: 0 auto; padding: 60px 40px 80px;\">Au centre de spa, vous pouvez vous immerger dans une vari\u00e9t\u00e9 de traitements con\u00e7us pour apaiser votre corps et calmer votre esprit. Entrez dans votre salle de soins priv\u00e9e pour un massage personnalis\u00e9 ou une th\u00e9rapie de bien-\u00eatre, rafra\u00eechissez-vous dans le bain de vapeur traditionnel du hammam, ou d\u00e9tendez-vous et d\u00e9sintoxiquez-vous dans le sauna serein. Pour la beaut\u00e9 et les soins personnels, notre centre de beaut\u00e9 expert propose des traitements professionnels de la peau, des services esth\u00e9tiques et des soins personnels adapt\u00e9s \u00e0 vos besoins.<br \/>Spa ouvert tous les jours de 10h00 \u00e0 18h00 (avec suppl\u00e9ment).  <\/div>\n<\/div><\/div>\n\n<div class=\"et_pb_module et_pb_button_module_wrapper et_pb_button_0_wrapper\"><a class=\"et_pb_button_0 et_pb_button et_pb_bg_layout_light et_pb_module et_flex_module\" href=\"https:\/\/hotels.aegeospas.gr\/sitia-beach\" target=\"_blank\">MENU SPA<\/a><\/div>\n<\/div>\n<\/div>\n<\/div>\n\n<div class=\"et_pb_section_3 et_pb_section et_section_regular et_flex_section\">\n<div class=\"et_pb_row_3 et_pb_row et_flex_row\">\n<div class=\"et_pb_column_3 et_pb_column et-last-child et_flex_column et_pb_css_mix_blend_mode_passthrough et_flex_column_24_24 et_flex_column_24_24_tablet et_flex_column_24_24_phone\">\n<div class=\"et_pb_gallery_0 et_pb_gallery et_pb_bg_layout_light et_pb_gallery_grid et_pb_module\" data-auto-rotate=\"off\" data-auto-rotate-speed=\"\"><div class=\"et_pb_gallery_items et_post_gallery clearfix et_grid_module\" data-per_page=\"9\"><div class=\"et_pb_gallery_item et_pb_grid_item et_pb_gallery_item_0_0\"><div class=\"et_pb_gallery_image landscape\" data-per_page=\"9\"><a href=\"https:\/\/sitiabeach.com\/wp-content\/uploads\/2026\/04\/Spa.jpg\" title=\"Spa\"><img loading=\"lazy\" decoding=\"async\" width=\"400\" height=\"284\" src=\"https:\/\/sitiabeach.com\/wp-content\/uploads\/2026\/04\/Spa-400x284.jpg\" alt=\"\" class=\"wp-image-1755\" srcset=\"https:\/\/sitiabeach.com\/wp-content\/uploads\/2026\/04\/Spa.jpg 479w, https:\/\/sitiabeach.com\/wp-content\/uploads\/2026\/04\/Spa-400x284.jpg 480w\" sizes=\"(max-width:479px) 479px, 100vw\" \/><span class=\"et_overlay\" data-icon=\"\" data-icon-tablet=\"\" data-icon-phone=\"\"><\/span><\/a><\/div><\/div><div class=\"et_pb_gallery_item et_pb_grid_item et_pb_gallery_item_0_1\"><div class=\"et_pb_gallery_image landscape\" data-per_page=\"9\"><a href=\"https:\/\/sitiabeach.com\/wp-content\/uploads\/2026\/04\/SPA-3.jpg\" title=\"SPA (3)\"><img loading=\"lazy\" decoding=\"async\" width=\"400\" height=\"284\" src=\"https:\/\/sitiabeach.com\/wp-content\/uploads\/2026\/04\/SPA-3-400x284.jpg\" alt=\"\" class=\"wp-image-1759\" srcset=\"https:\/\/sitiabeach.com\/wp-content\/uploads\/2026\/04\/SPA-3.jpg 479w, https:\/\/sitiabeach.com\/wp-content\/uploads\/2026\/04\/SPA-3-400x284.jpg 480w\" sizes=\"(max-width:479px) 479px, 100vw\" \/><span class=\"et_overlay\" data-icon=\"\" data-icon-tablet=\"\" data-icon-phone=\"\"><\/span><\/a><\/div><\/div><div class=\"et_pb_gallery_item et_pb_grid_item et_pb_gallery_item_0_2\"><div class=\"et_pb_gallery_image landscape\" data-per_page=\"9\"><a href=\"https:\/\/sitiabeach.com\/wp-content\/uploads\/2026\/04\/Spa-Hot-Chairs-2-1.jpg\" title=\"Spa Hot Chairs (2)\"><img loading=\"lazy\" decoding=\"async\" width=\"400\" height=\"284\" src=\"https:\/\/sitiabeach.com\/wp-content\/uploads\/2026\/04\/Spa-Hot-Chairs-2-1-400x284.jpg\" alt=\"\" class=\"wp-image-1761\" srcset=\"https:\/\/sitiabeach.com\/wp-content\/uploads\/2026\/04\/Spa-Hot-Chairs-2-1.jpg 479w, https:\/\/sitiabeach.com\/wp-content\/uploads\/2026\/04\/Spa-Hot-Chairs-2-1-400x284.jpg 480w\" sizes=\"(max-width:479px) 479px, 100vw\" \/><span class=\"et_overlay\" data-icon=\"\" data-icon-tablet=\"\" data-icon-phone=\"\"><\/span><\/a><\/div><\/div><div class=\"et_pb_gallery_item et_pb_grid_item et_pb_gallery_item_0_3\"><div class=\"et_pb_gallery_image landscape\" data-per_page=\"9\"><a href=\"https:\/\/sitiabeach.com\/wp-content\/uploads\/2026\/04\/Spa-Reception.jpg\" title=\"Spa Reception\"><img loading=\"lazy\" decoding=\"async\" width=\"400\" height=\"284\" src=\"https:\/\/sitiabeach.com\/wp-content\/uploads\/2026\/04\/Spa-Reception-400x284.jpg\" alt=\"\" class=\"wp-image-1763\" srcset=\"https:\/\/sitiabeach.com\/wp-content\/uploads\/2026\/04\/Spa-Reception.jpg 479w, https:\/\/sitiabeach.com\/wp-content\/uploads\/2026\/04\/Spa-Reception-400x284.jpg 480w\" sizes=\"(max-width:479px) 479px, 100vw\" \/><span class=\"et_overlay\" data-icon=\"\" data-icon-tablet=\"\" data-icon-phone=\"\"><\/span><\/a><\/div><\/div><div class=\"et_pb_gallery_item et_pb_grid_item et_pb_gallery_item_0_4\"><div class=\"et_pb_gallery_image landscape\" data-per_page=\"9\"><a href=\"https:\/\/sitiabeach.com\/wp-content\/uploads\/2026\/04\/SPA-SAUNA.jpg\" title=\"SPA SAUNA\"><img loading=\"lazy\" decoding=\"async\" width=\"400\" height=\"284\" src=\"https:\/\/sitiabeach.com\/wp-content\/uploads\/2026\/04\/SPA-SAUNA-400x284.jpg\" alt=\"\" class=\"wp-image-1765\" srcset=\"https:\/\/sitiabeach.com\/wp-content\/uploads\/2026\/04\/SPA-SAUNA.jpg 479w, https:\/\/sitiabeach.com\/wp-content\/uploads\/2026\/04\/SPA-SAUNA-400x284.jpg 480w\" sizes=\"(max-width:479px) 479px, 100vw\" \/><span class=\"et_overlay\" data-icon=\"\" data-icon-tablet=\"\" data-icon-phone=\"\"><\/span><\/a><\/div><\/div><div class=\"et_pb_gallery_item et_pb_grid_item et_pb_gallery_item_0_5\"><div class=\"et_pb_gallery_image landscape\" data-per_page=\"9\"><a href=\"https:\/\/sitiabeach.com\/wp-content\/uploads\/2026\/04\/SPA-STEAM-BATH.jpg\" title=\"SPA STEAM BATH\"><img loading=\"lazy\" decoding=\"async\" width=\"400\" height=\"284\" src=\"https:\/\/sitiabeach.com\/wp-content\/uploads\/2026\/04\/SPA-STEAM-BATH-400x284.jpg\" alt=\"\" class=\"wp-image-1767\" srcset=\"https:\/\/sitiabeach.com\/wp-content\/uploads\/2026\/04\/SPA-STEAM-BATH.jpg 479w, https:\/\/sitiabeach.com\/wp-content\/uploads\/2026\/04\/SPA-STEAM-BATH-400x284.jpg 480w\" sizes=\"(max-width:479px) 479px, 100vw\" \/><span class=\"et_overlay\" data-icon=\"\" data-icon-tablet=\"\" data-icon-phone=\"\"><\/span><\/a><\/div><\/div><div class=\"et_pb_gallery_item et_pb_grid_item et_pb_gallery_item_0_6\"><div class=\"et_pb_gallery_image landscape\" data-per_page=\"9\"><a href=\"https:\/\/sitiabeach.com\/wp-content\/uploads\/2026\/04\/SPA-Hot-Chairs.jpg\" title=\"SPA Hot Chairs\"><img loading=\"lazy\" decoding=\"async\" width=\"400\" height=\"284\" src=\"https:\/\/sitiabeach.com\/wp-content\/uploads\/2026\/04\/SPA-Hot-Chairs-400x284.jpg\" alt=\"\" class=\"wp-image-1769\" srcset=\"https:\/\/sitiabeach.com\/wp-content\/uploads\/2026\/04\/SPA-Hot-Chairs.jpg 479w, https:\/\/sitiabeach.com\/wp-content\/uploads\/2026\/04\/SPA-Hot-Chairs-400x284.jpg 480w\" sizes=\"(max-width:479px) 479px, 100vw\" \/><span class=\"et_overlay\" data-icon=\"\" data-icon-tablet=\"\" data-icon-phone=\"\"><\/span><\/a><\/div><\/div><div class=\"et_pb_gallery_item et_pb_grid_item et_pb_gallery_item_0_7\"><div class=\"et_pb_gallery_image landscape\" data-per_page=\"9\"><a href=\"https:\/\/sitiabeach.com\/wp-content\/uploads\/2026\/04\/SPA-5.jpg\" title=\"SPA (5)\"><img loading=\"lazy\" decoding=\"async\" width=\"400\" height=\"284\" src=\"https:\/\/sitiabeach.com\/wp-content\/uploads\/2026\/04\/SPA-5-400x284.jpg\" alt=\"\" class=\"wp-image-1753\" srcset=\"https:\/\/sitiabeach.com\/wp-content\/uploads\/2026\/04\/SPA-5.jpg 479w, https:\/\/sitiabeach.com\/wp-content\/uploads\/2026\/04\/SPA-5-400x284.jpg 480w\" sizes=\"(max-width:479px) 479px, 100vw\" \/><span class=\"et_overlay\" data-icon=\"\" data-icon-tablet=\"\" data-icon-phone=\"\"><\/span><\/a><\/div><\/div><div class=\"et_pb_gallery_item et_pb_grid_item et_pb_gallery_item_0_8\"><div class=\"et_pb_gallery_image landscape\" data-per_page=\"9\"><a href=\"https:\/\/sitiabeach.com\/wp-content\/uploads\/2026\/04\/SPA-4.jpg\" title=\"SPA (4)\"><img loading=\"lazy\" decoding=\"async\" width=\"400\" height=\"284\" src=\"https:\/\/sitiabeach.com\/wp-content\/uploads\/2026\/04\/SPA-4-400x284.jpg\" alt=\"\" class=\"wp-image-1751\" srcset=\"https:\/\/sitiabeach.com\/wp-content\/uploads\/2026\/04\/SPA-4.jpg 479w, https:\/\/sitiabeach.com\/wp-content\/uploads\/2026\/04\/SPA-4-400x284.jpg 480w\" sizes=\"(max-width:479px) 479px, 100vw\" \/><span class=\"et_overlay\" data-icon=\"\" data-icon-tablet=\"\" data-icon-phone=\"\"><\/span><\/a><\/div><\/div><\/div><\/div>\n<\/div>\n<\/div>\n<\/div>","protected":false},"excerpt":{"rendered":"","protected":false},"author":1,"featured_media":0,"parent":0,"menu_order":0,"comment_status":"closed","ping_status":"closed","template":"","meta":{"footnotes":""},"class_list":["post-1967","page","type-page","status-publish","hentry"],"_links":{"self":[{"href":"https:\/\/sitiabeach.com\/fr\/wp-json\/wp\/v2\/pages\/1967","targetHints":{"allow":["GET"]}}],"collection":[{"href":"https:\/\/sitiabeach.com\/fr\/wp-json\/wp\/v2\/pages"}],"about":[{"href":"https:\/\/sitiabeach.com\/fr\/wp-json\/wp\/v2\/types\/page"}],"author":[{"embeddable":true,"href":"https:\/\/sitiabeach.com\/fr\/wp-json\/wp\/v2\/users\/1"}],"replies":[{"embeddable":true,"href":"https:\/\/sitiabeach.com\/fr\/wp-json\/wp\/v2\/comments?post=1967"}],"version-history":[{"count":2,"href":"https:\/\/sitiabeach.com\/fr\/wp-json\/wp\/v2\/pages\/1967\/revisions"}],"predecessor-version":[{"id":1969,"href":"https:\/\/sitiabeach.com\/fr\/wp-json\/wp\/v2\/pages\/1967\/revisions\/1969"}],"wp:attachment":[{"href":"https:\/\/sitiabeach.com\/fr\/wp-json\/wp\/v2\/media?parent=1967"}],"curies":[{"name":"wp","href":"https:\/\/api.w.org\/{rel}","templated":true}]}}