{"id":1957,"date":"2026-04-09T07:18:50","date_gmt":"2026-04-09T07:18:50","guid":{"rendered":"https:\/\/sitiabeach.com\/reunions-et-incentives\/"},"modified":"2026-05-11T17:13:42","modified_gmt":"2026-05-11T17:13:42","slug":"reunions-et-incentives","status":"publish","type":"page","link":"https:\/\/sitiabeach.com\/fr\/reunions-et-incentives\/","title":{"rendered":"R\u00c9UNIONS ET INCENTIVES"},"content":{"rendered":"<div class=\"et_pb_section_0 et_pb_section et_section_regular et_block_section\">\n<div class=\"et_pb_row_0 et_pb_row et_block_row\">\n<div class=\"et_pb_column_0 et_pb_column et_pb_column_4_4 et-last-child et_block_column et_pb_css_mix_blend_mode_passthrough\">\n<div class=\"et_pb_text_0 et_pb_text et_pb_bg_layout_light et_pb_module et_flex_module\"><div class=\"et_pb_text_inner\"><div class=\"ph-c\">\n<h1><span style=\"color: #ffffff;\"><\/p>\n<h1>R\u00e9unions et incentives  <\/h1>\n<\/div>\n<p style=\"text-align: center;\">Des \u00e9v\u00e9nements inspirants avec un sens du lieu<\/p>\n<\/div><\/div>\n<\/div>\n<\/div>\n<\/div>\n\n<div class=\"et_pb_section_1 et_pb_section et_section_regular et_flex_section\"><\/div>\n\n<div class=\"et_pb_section_2 et_pb_section et_section_regular et_flex_section\">\n<div class=\"et_pb_row_1 et_pb_row et_flex_row\">\n<div class=\"et_pb_column_1 et_pb_column et-last-child et_flex_column et_pb_css_mix_blend_mode_passthrough et_flex_column_24_24 et_flex_column_24_24_tablet et_flex_column_24_24_phone\">\n<div class=\"et_pb_text_1 et_pb_text et_pb_bg_layout_light et_pb_module et_flex_module\"><div class=\"et_pb_text_inner\" data-et-mv-hidden-phone=\"true\"><div class=\"sl\" style=\"text-align: center;\">conf\u00e9rences<\/div>\n<h2 class=\"st\" style=\"text-align: center;\">Salle de conf\u00e9rence<\/h2>\n<p>Au Sitia Beach City Resort &amp; Spa, notre <strong>salle de conf\u00e9rence<\/strong> \u00e9l\u00e9gamment am\u00e9nag\u00e9e (325 m\u00b2) offre un cadre sophistiqu\u00e9 pour les r\u00e9unions professionnelles. La salle peut accueillir jusqu'\u00e0 250 participants, en fonction de la disposition choisie, et a \u00e9t\u00e9 con\u00e7ue dans un souci de polyvalence. Elle est id\u00e9ale pour les conf\u00e9rences, les s\u00e9minaires et les \u00e9v\u00e9nements d'entreprise exclusifs. <\/p>\n<p>\u00c9quip\u00e9 d'une technologie audiovisuelle de pointe et soutenu par une \u00e9quipe d'experts d\u00e9vou\u00e9s, chaque \u00e9v\u00e9nement est ex\u00e9cut\u00e9 selon les normes d'excellence les plus \u00e9lev\u00e9es.<\/p>\n<p>Pour plus de flexibilit\u00e9, la salle de conf\u00e9rence peut \u00eatre <strong>divis\u00e9e en deux espaces plus petits<\/strong>, id\u00e9aux pour des sessions en petits groupes ou des r\u00e9unions plus intimes. Elle convient parfaitement aux conf\u00e9rences scientifiques ou commerciales, ainsi qu'aux petites et grandes r\u00e9unions d'entreprises, d'associations et d'autres organisations. <\/p>\n<p>&nbsp;<\/p>\n<p style=\"text-align: center;\"><strong><span>Les installations comprennent<\/span><\/strong><\/p>\n<p style=\"text-align: center;\"><span>Projecteurs<\/span><\/p>\n<p style=\"text-align: center;\"><span>Tableaux \u00e0 feuilles mobiles<\/span><\/p>\n<p style=\"text-align: center;\"><span>Microphones<\/span><\/p>\n<p style=\"text-align: center;\"><span>Podium<\/span><\/p>\n<p style=\"text-align: center;\"><span>Syst\u00e8mes audiovisuels<\/span><\/p>\n<p style=\"text-align: center;\"><span><\/span><\/p>\n<\/div><\/div>\n<\/div>\n<\/div>\n<\/div>\n\n<div class=\"et_pb_section_3 et_pb_section et_section_regular et_flex_section\">\n<div class=\"et_pb_row_2 et_pb_row et-vb-row--no-module et_flex_row\">\n<div class=\"et_pb_column_2 et_pb_column et-last-child et_flex_column et_pb_column_empty et_pb_css_mix_blend_mode_passthrough et_flex_column_24_24 et_flex_column_24_24_tablet et_flex_column_24_24_phone\"><\/div>\n<\/div>\n<\/div>\n\n<div class=\"et_pb_section_4 et_pb_section et_section_regular et_flex_section\">\n<div class=\"et_pb_row_3 et_pb_row et_flex_row\">\n<div class=\"et_pb_column_3 et_pb_column et-last-child et_flex_column et_pb_css_mix_blend_mode_passthrough et_flex_column_24_24 et_flex_column_24_24_tablet et_flex_column_24_24_phone\">\n<div class=\"et_pb_gallery_0 et_pb_gallery et_pb_bg_layout_light et_pb_gallery_grid et_pb_module\" data-auto-rotate=\"off\" data-auto-rotate-speed=\"\"><div class=\"et_pb_gallery_items et_post_gallery clearfix et_grid_module\" data-per_page=\"5\"><div class=\"et_pb_gallery_item et_pb_grid_item et_pb_gallery_item_0_0\"><div class=\"et_pb_gallery_image landscape\" data-per_page=\"5\"><a href=\"https:\/\/sitiabeach.com\/wp-content\/uploads\/2026\/04\/CONFERENCE-4.jpg\" title=\"CONFERENCE (4)\"><img loading=\"lazy\" decoding=\"async\" width=\"400\" height=\"284\" src=\"https:\/\/sitiabeach.com\/wp-content\/uploads\/2026\/04\/CONFERENCE-4-400x284.jpg\" alt=\"\" class=\"wp-image-1795\" srcset=\"https:\/\/sitiabeach.com\/wp-content\/uploads\/2026\/04\/CONFERENCE-4.jpg 479w, https:\/\/sitiabeach.com\/wp-content\/uploads\/2026\/04\/CONFERENCE-4-400x284.jpg 480w\" sizes=\"(max-width:479px) 479px, 100vw\" \/><span class=\"et_overlay\" data-icon=\"\" data-icon-tablet=\"\" data-icon-phone=\"\"><\/span><\/a><\/div><\/div><div class=\"et_pb_gallery_item et_pb_grid_item et_pb_gallery_item_0_1\"><div class=\"et_pb_gallery_image landscape\" data-per_page=\"5\"><a href=\"https:\/\/sitiabeach.com\/wp-content\/uploads\/2026\/04\/CONFERENCE-5.jpg\" title=\"CONFERENCE (5)\"><img loading=\"lazy\" decoding=\"async\" width=\"400\" height=\"284\" src=\"https:\/\/sitiabeach.com\/wp-content\/uploads\/2026\/04\/CONFERENCE-5-400x284.jpg\" alt=\"\" class=\"wp-image-1797\" srcset=\"https:\/\/sitiabeach.com\/wp-content\/uploads\/2026\/04\/CONFERENCE-5.jpg 479w, https:\/\/sitiabeach.com\/wp-content\/uploads\/2026\/04\/CONFERENCE-5-400x284.jpg 480w\" sizes=\"(max-width:479px) 479px, 100vw\" \/><span class=\"et_overlay\" data-icon=\"\" data-icon-tablet=\"\" data-icon-phone=\"\"><\/span><\/a><\/div><\/div><div class=\"et_pb_gallery_item et_pb_grid_item et_pb_gallery_item_0_2\"><div class=\"et_pb_gallery_image landscape\" data-per_page=\"5\"><a href=\"https:\/\/sitiabeach.com\/wp-content\/uploads\/2026\/04\/conference.jpg\" title=\"conference\"><img loading=\"lazy\" decoding=\"async\" width=\"400\" height=\"284\" src=\"https:\/\/sitiabeach.com\/wp-content\/uploads\/2026\/04\/conference-400x284.jpg\" alt=\"\" class=\"wp-image-1801\" srcset=\"https:\/\/sitiabeach.com\/wp-content\/uploads\/2026\/04\/conference.jpg 479w, https:\/\/sitiabeach.com\/wp-content\/uploads\/2026\/04\/conference-400x284.jpg 480w\" sizes=\"(max-width:479px) 479px, 100vw\" \/><span class=\"et_overlay\" data-icon=\"\" data-icon-tablet=\"\" data-icon-phone=\"\"><\/span><\/a><\/div><\/div><div class=\"et_pb_gallery_item et_pb_grid_item et_pb_gallery_item_0_3\"><div class=\"et_pb_gallery_image landscape\" data-per_page=\"5\"><a href=\"https:\/\/sitiabeach.com\/wp-content\/uploads\/2026\/04\/conference-2.jpg\" title=\"conference (2)\"><img loading=\"lazy\" decoding=\"async\" width=\"400\" height=\"284\" src=\"https:\/\/sitiabeach.com\/wp-content\/uploads\/2026\/04\/conference-2-400x284.jpg\" alt=\"\" class=\"wp-image-1803\" srcset=\"https:\/\/sitiabeach.com\/wp-content\/uploads\/2026\/04\/conference-2.jpg 479w, https:\/\/sitiabeach.com\/wp-content\/uploads\/2026\/04\/conference-2-400x284.jpg 480w\" sizes=\"(max-width:479px) 479px, 100vw\" \/><span class=\"et_overlay\" data-icon=\"\" data-icon-tablet=\"\" data-icon-phone=\"\"><\/span><\/a><\/div><\/div><div class=\"et_pb_gallery_item et_pb_grid_item et_pb_gallery_item_0_4\"><div class=\"et_pb_gallery_image landscape\" data-per_page=\"5\"><a href=\"https:\/\/sitiabeach.com\/wp-content\/uploads\/2026\/04\/conference-3.jpg\" title=\"conference (3)\"><img loading=\"lazy\" decoding=\"async\" width=\"400\" height=\"284\" src=\"https:\/\/sitiabeach.com\/wp-content\/uploads\/2026\/04\/conference-3-400x284.jpg\" alt=\"\" class=\"wp-image-1805\" srcset=\"https:\/\/sitiabeach.com\/wp-content\/uploads\/2026\/04\/conference-3.jpg 479w, https:\/\/sitiabeach.com\/wp-content\/uploads\/2026\/04\/conference-3-400x284.jpg 480w\" sizes=\"(max-width:479px) 479px, 100vw\" \/><span class=\"et_overlay\" data-icon=\"\" data-icon-tablet=\"\" data-icon-phone=\"\"><\/span><\/a><\/div><\/div><\/div><\/div>\n<\/div>\n<\/div>\n<\/div>","protected":false},"excerpt":{"rendered":"","protected":false},"author":1,"featured_media":0,"parent":0,"menu_order":0,"comment_status":"closed","ping_status":"closed","template":"","meta":{"footnotes":""},"class_list":["post-1957","page","type-page","status-publish","hentry"],"_links":{"self":[{"href":"https:\/\/sitiabeach.com\/fr\/wp-json\/wp\/v2\/pages\/1957","targetHints":{"allow":["GET"]}}],"collection":[{"href":"https:\/\/sitiabeach.com\/fr\/wp-json\/wp\/v2\/pages"}],"about":[{"href":"https:\/\/sitiabeach.com\/fr\/wp-json\/wp\/v2\/types\/page"}],"author":[{"embeddable":true,"href":"https:\/\/sitiabeach.com\/fr\/wp-json\/wp\/v2\/users\/1"}],"replies":[{"embeddable":true,"href":"https:\/\/sitiabeach.com\/fr\/wp-json\/wp\/v2\/comments?post=1957"}],"version-history":[{"count":2,"href":"https:\/\/sitiabeach.com\/fr\/wp-json\/wp\/v2\/pages\/1957\/revisions"}],"predecessor-version":[{"id":1963,"href":"https:\/\/sitiabeach.com\/fr\/wp-json\/wp\/v2\/pages\/1957\/revisions\/1963"}],"wp:attachment":[{"href":"https:\/\/sitiabeach.com\/fr\/wp-json\/wp\/v2\/media?parent=1957"}],"curies":[{"name":"wp","href":"https:\/\/api.w.org\/{rel}","templated":true}]}}