{"id":1956,"date":"2026-04-16T23:27:23","date_gmt":"2026-04-16T23:27:23","guid":{"rendered":"https:\/\/sitiabeach.com\/salle-de-fitness\/"},"modified":"2026-05-11T17:13:42","modified_gmt":"2026-05-11T17:13:42","slug":"salle-de-fitness","status":"publish","type":"page","link":"https:\/\/sitiabeach.com\/fr\/salle-de-fitness\/","title":{"rendered":"SALLE DE FITNESS"},"content":{"rendered":"<div class=\"et_pb_section_0 et_pb_section et_section_regular et_block_section\">\n<div class=\"et_pb_row_0 et_pb_row et_block_row\">\n<div class=\"et_pb_column_0 et_pb_column et_pb_column_4_4 et-last-child et_block_column et_pb_css_mix_blend_mode_passthrough\">\n<div class=\"et_pb_text_0 et_pb_text et_pb_bg_layout_light et_pb_module et_flex_module\"><div class=\"et_pb_text_inner\"><div class=\"ph-c\">\n<h1>Salle de sport<\/h1>\n<\/div>\n<p style=\"text-align: center;\">Gardez la forme dans notre espace d'entra\u00eenement moderne<\/p>\n<\/div><\/div>\n<\/div>\n<\/div>\n<\/div>\n\n<div class=\"et_pb_section_1 et_pb_section et_section_regular et_flex_section\">\n<div class=\"et_pb_row_1 et_pb_row et_flex_row\">\n<div class=\"et_pb_column_1 et_pb_column et-last-child et_flex_column et_pb_css_mix_blend_mode_passthrough et_flex_column_24_24 et_flex_column_24_24_tablet et_flex_column_24_24_phone\">\n<div class=\"et_pb_text_1 et_pb_text et_pb_bg_layout_light et_pb_module et_flex_module\"><div class=\"et_pb_text_inner\" data-et-mv-hidden-phone=\"true\"><div style=\"text-align: center; max-width: 900px; margin: 0 auto; padding: 60px 40px 80px;\">\n<div class=\"sl\" style=\"text-align: center;\">Bien-\u00eatre<\/div>\n<h2 class=\"st\" style=\"text-align: center;\">Salle de sport<\/h2>\n<p>Si vous pr\u00e9f\u00e9rez rester actif, notre salle de remise en forme est ouverte tous les jours gratuitement. Vous y trouverez tout ce dont vous avez besoin pour faire du cardio, de la musculation et de l'assouplissement, depuis les tapis de course et les v\u00e9los d'appartement jusqu'aux tapis de yoga et \u00e0 une s\u00e9lection d'halt\u00e8res. Que vous soyez \u00e0 la recherche d'une relaxation compl\u00e8te, d'une revitalisation ou d'une s\u00e9ance d'entra\u00eenement \u00e9nergisante, nos installations de bien-\u00eatre sont votre sanctuaire pour le corps et l'esprit.  <\/p>\n<p>Salle de fitness ouverte tous les jours : 10:00 - 16:00 (sans suppl\u00e9ment, r\u00e9servation obligatoire)<\/p>\n<\/div>\n<\/div><\/div>\n<\/div>\n<\/div>\n\n<div class=\"et_pb_row_2 et_pb_row et_flex_row\">\n<div class=\"et_pb_column_2 et_pb_column et_flex_column et_pb_css_mix_blend_mode_passthrough et_flex_column_12_24 et_flex_column_12_24_tablet et_flex_column_24_24_phone\">\n<div class=\"et_pb_image_0 et_pb_image et_pb_module et_flex_module\"><a href=\"https:\/\/sitiabeach.com\/wp-content\/uploads\/2026\/04\/GYM-2.jpg\" class=\"et_pb_lightbox_image\"><span class=\"et_pb_image_wrap\"><img loading=\"lazy\" decoding=\"async\" src=\"https:\/\/sitiabeach.com\/wp-content\/uploads\/2026\/04\/GYM-2.jpg\" title=\"GYM (2)\" width=\"1920\" height=\"1440\" srcset=\"https:\/\/sitiabeach.com\/wp-content\/uploads\/2026\/04\/GYM-2.jpg 1920w, https:\/\/sitiabeach.com\/wp-content\/uploads\/2026\/04\/GYM-2-1280x960.jpg 1280w, https:\/\/sitiabeach.com\/wp-content\/uploads\/2026\/04\/GYM-2-980x735.jpg 980w, https:\/\/sitiabeach.com\/wp-content\/uploads\/2026\/04\/GYM-2-480x360.jpg 480w\" sizes=\"(min-width: 0px) and (max-width: 480px) 480px, (min-width: 481px) and (max-width: 980px) 980px, (min-width: 981px) and (max-width: 1280px) 1280px, (min-width: 1281px) 1920px, 100vw\" class=\"wp-image-1777\" \/><\/span><\/a><\/div>\n<\/div>\n\n<div class=\"et_pb_column_3 et_pb_column et-last-child et_flex_column et_pb_css_mix_blend_mode_passthrough et_flex_column_12_24 et_flex_column_12_24_tablet et_flex_column_24_24_phone\">\n<div class=\"et_pb_image_1 et_pb_image et_pb_module et_flex_module\"><a href=\"https:\/\/sitiabeach.com\/wp-content\/uploads\/2026\/04\/GYM.jpg\" class=\"et_pb_lightbox_image\"><span class=\"et_pb_image_wrap\"><img loading=\"lazy\" decoding=\"async\" src=\"https:\/\/sitiabeach.com\/wp-content\/uploads\/2026\/04\/GYM.jpg\" title=\"GYM\" width=\"1920\" height=\"1440\" srcset=\"https:\/\/sitiabeach.com\/wp-content\/uploads\/2026\/04\/GYM.jpg 1920w, https:\/\/sitiabeach.com\/wp-content\/uploads\/2026\/04\/GYM-1280x960.jpg 1280w, https:\/\/sitiabeach.com\/wp-content\/uploads\/2026\/04\/GYM-980x735.jpg 980w, https:\/\/sitiabeach.com\/wp-content\/uploads\/2026\/04\/GYM-480x360.jpg 480w\" sizes=\"(min-width: 0px) and (max-width: 480px) 480px, (min-width: 481px) and (max-width: 980px) 980px, (min-width: 981px) and (max-width: 1280px) 1280px, (min-width: 1281px) 1920px, 100vw\" class=\"wp-image-1779\" \/><\/span><\/a><\/div>\n<\/div>\n<\/div>\n<\/div>","protected":false},"excerpt":{"rendered":"","protected":false},"author":1,"featured_media":0,"parent":0,"menu_order":0,"comment_status":"closed","ping_status":"closed","template":"","meta":{"footnotes":""},"class_list":["post-1956","page","type-page","status-publish","hentry"],"_links":{"self":[{"href":"https:\/\/sitiabeach.com\/fr\/wp-json\/wp\/v2\/pages\/1956","targetHints":{"allow":["GET"]}}],"collection":[{"href":"https:\/\/sitiabeach.com\/fr\/wp-json\/wp\/v2\/pages"}],"about":[{"href":"https:\/\/sitiabeach.com\/fr\/wp-json\/wp\/v2\/types\/page"}],"author":[{"embeddable":true,"href":"https:\/\/sitiabeach.com\/fr\/wp-json\/wp\/v2\/users\/1"}],"replies":[{"embeddable":true,"href":"https:\/\/sitiabeach.com\/fr\/wp-json\/wp\/v2\/comments?post=1956"}],"version-history":[{"count":2,"href":"https:\/\/sitiabeach.com\/fr\/wp-json\/wp\/v2\/pages\/1956\/revisions"}],"predecessor-version":[{"id":1962,"href":"https:\/\/sitiabeach.com\/fr\/wp-json\/wp\/v2\/pages\/1956\/revisions\/1962"}],"wp:attachment":[{"href":"https:\/\/sitiabeach.com\/fr\/wp-json\/wp\/v2\/media?parent=1956"}],"curies":[{"name":"wp","href":"https:\/\/api.w.org\/{rel}","templated":true}]}}