{"id":1419,"date":"2020-07-30T10:33:29","date_gmt":"2020-07-30T10:33:29","guid":{"rendered":"http:\/\/www.sitiabeach.com\/?page_id=1419"},"modified":"2025-10-23T21:34:01","modified_gmt":"2025-10-23T18:34:01","slug":"informations-utiles","status":"publish","type":"page","link":"https:\/\/sitiabeach.com\/fr\/informations-utiles\/","title":{"rendered":"INFORMATIONS H\u00d4TELI\u00c8RES DE A \u00c0 Z"},"content":{"rendered":"","protected":false},"excerpt":{"rendered":"","protected":false},"author":1,"featured_media":1407,"parent":0,"menu_order":0,"comment_status":"closed","ping_status":"closed","template":"templates\/page_tabs.php","meta":{"footnotes":""},"class_list":["post-1419","page","type-page","status-publish","has-post-thumbnail","hentry"],"yoast_head":"<!-- This site is optimized with the Yoast SEO plugin v25.1 - https:\/\/yoast.com\/wordpress\/plugins\/seo\/ -->\n<title>INFORMATIONS H\u00d4TELI\u00c8RES DE A \u00c0 Z | SITIA BEACH CITY RESORT &amp; SPA<\/title>\n<meta name=\"robots\" content=\"index, follow, max-snippet:-1, max-image-preview:large, max-video-preview:-1\" \/>\n<link rel=\"canonical\" href=\"https:\/\/sitiabeach.com\/fr\/informations-utiles\/\" \/>\n<meta property=\"og:locale\" content=\"fr_FR\" \/>\n<meta property=\"og:type\" content=\"article\" \/>\n<meta property=\"og:title\" content=\"INFORMATIONS H\u00d4TELI\u00c8RES DE A \u00c0 Z | SITIA BEACH CITY RESORT &amp; SPA\" \/>\n<meta property=\"og:url\" content=\"https:\/\/sitiabeach.com\/fr\/informations-utiles\/\" \/>\n<meta property=\"og:site_name\" content=\"SITIA BEACH CITY RESORT &amp; SPA\" \/>\n<meta property=\"article:modified_time\" content=\"2025-10-23T18:34:01+00:00\" \/>\n<meta property=\"og:image\" content=\"http:\/\/sitiabeach.com\/wp-content\/uploads\/2020\/07\/Reception-1920.jpg\" \/>\n\t<meta property=\"og:image:width\" content=\"1920\" \/>\n\t<meta property=\"og:image:height\" content=\"1280\" \/>\n\t<meta property=\"og:image:type\" content=\"image\/jpeg\" \/>\n<meta name=\"twitter:card\" content=\"summary_large_image\" \/>\n<meta name=\"twitter:label1\" content=\"Dur\u00e9e de lecture estim\u00e9e\" \/>\n\t<meta name=\"twitter:data1\" content=\"1 minute\" \/>\n<script type=\"application\/ld+json\" class=\"yoast-schema-graph\">{\"@context\":\"https:\/\/schema.org\",\"@graph\":[{\"@type\":\"WebPage\",\"@id\":\"https:\/\/sitiabeach.com\/fr\/informations-utiles\/\",\"url\":\"https:\/\/sitiabeach.com\/fr\/informations-utiles\/\",\"name\":\"INFORMATIONS H\u00d4TELI\u00c8RES DE A \u00c0 Z | SITIA BEACH CITY RESORT &amp; SPA\",\"isPartOf\":{\"@id\":\"https:\/\/sitiabeach.com\/#website\"},\"primaryImageOfPage\":{\"@id\":\"https:\/\/sitiabeach.com\/fr\/informations-utiles\/#primaryimage\"},\"image\":{\"@id\":\"https:\/\/sitiabeach.com\/fr\/informations-utiles\/#primaryimage\"},\"thumbnailUrl\":\"https:\/\/sitiabeach.com\/wp-content\/uploads\/2020\/07\/Reception-1920.jpg\",\"datePublished\":\"2020-07-30T10:33:29+00:00\",\"dateModified\":\"2025-10-23T18:34:01+00:00\",\"breadcrumb\":{\"@id\":\"https:\/\/sitiabeach.com\/fr\/informations-utiles\/#breadcrumb\"},\"inLanguage\":\"fr-FR\",\"potentialAction\":[{\"@type\":\"ReadAction\",\"target\":[\"https:\/\/sitiabeach.com\/fr\/informations-utiles\/\"]}]},{\"@type\":\"ImageObject\",\"inLanguage\":\"fr-FR\",\"@id\":\"https:\/\/sitiabeach.com\/fr\/informations-utiles\/#primaryimage\",\"url\":\"https:\/\/sitiabeach.com\/wp-content\/uploads\/2020\/07\/Reception-1920.jpg\",\"contentUrl\":\"https:\/\/sitiabeach.com\/wp-content\/uploads\/2020\/07\/Reception-1920.jpg\",\"width\":1920,\"height\":1280},{\"@type\":\"BreadcrumbList\",\"@id\":\"https:\/\/sitiabeach.com\/fr\/informations-utiles\/#breadcrumb\",\"itemListElement\":[{\"@type\":\"ListItem\",\"position\":1,\"name\":\"Home\",\"item\":\"https:\/\/sitiabeach.com\/fr\/\"},{\"@type\":\"ListItem\",\"position\":2,\"name\":\"INFORMATIONS H\u00d4TELI\u00c8RES DE A \u00c0 Z\"}]},{\"@type\":\"WebSite\",\"@id\":\"https:\/\/sitiabeach.com\/#website\",\"url\":\"https:\/\/sitiabeach.com\/\",\"name\":\"SITIA BEACH CITY RESORT &amp; SPA\",\"description\":\"KNOSSIANS A COLLECTION OF STORIES\",\"publisher\":{\"@id\":\"https:\/\/sitiabeach.com\/#organization\"},\"potentialAction\":[{\"@type\":\"SearchAction\",\"target\":{\"@type\":\"EntryPoint\",\"urlTemplate\":\"https:\/\/sitiabeach.com\/?s={search_term_string}\"},\"query-input\":{\"@type\":\"PropertyValueSpecification\",\"valueRequired\":true,\"valueName\":\"search_term_string\"}}],\"inLanguage\":\"fr-FR\"},{\"@type\":\"Organization\",\"@id\":\"https:\/\/sitiabeach.com\/#organization\",\"name\":\"Sitia Beach City Resort & Spa\",\"url\":\"https:\/\/sitiabeach.com\/\",\"logo\":{\"@type\":\"ImageObject\",\"inLanguage\":\"fr-FR\",\"@id\":\"https:\/\/sitiabeach.com\/#\/schema\/logo\/image\/\",\"url\":\"https:\/\/www.sitiabeach.com\/wp-content\/uploads\/sites\/2\/2019\/08\/sitia-beach-resort-logo.png\",\"contentUrl\":\"https:\/\/www.sitiabeach.com\/wp-content\/uploads\/sites\/2\/2019\/08\/sitia-beach-resort-logo.png\",\"width\":320,\"height\":135,\"caption\":\"Sitia Beach City Resort & Spa\"},\"image\":{\"@id\":\"https:\/\/sitiabeach.com\/#\/schema\/logo\/image\/\"}}]}<\/script>\n<!-- \/ Yoast SEO plugin. -->","yoast_head_json":{"title":"INFORMATIONS H\u00d4TELI\u00c8RES DE A \u00c0 Z | SITIA BEACH CITY RESORT &amp; SPA","robots":{"index":"index","follow":"follow","max-snippet":"max-snippet:-1","max-image-preview":"max-image-preview:large","max-video-preview":"max-video-preview:-1"},"canonical":"https:\/\/sitiabeach.com\/fr\/informations-utiles\/","og_locale":"fr_FR","og_type":"article","og_title":"INFORMATIONS H\u00d4TELI\u00c8RES DE A \u00c0 Z | SITIA BEACH CITY RESORT &amp; SPA","og_url":"https:\/\/sitiabeach.com\/fr\/informations-utiles\/","og_site_name":"SITIA BEACH CITY RESORT &amp; SPA","article_modified_time":"2025-10-23T18:34:01+00:00","og_image":[{"width":1920,"height":1280,"url":"http:\/\/sitiabeach.com\/wp-content\/uploads\/2020\/07\/Reception-1920.jpg","type":"image\/jpeg"}],"twitter_card":"summary_large_image","twitter_misc":{"Dur\u00e9e de lecture estim\u00e9e":"1 minute"},"schema":{"@context":"https:\/\/schema.org","@graph":[{"@type":"WebPage","@id":"https:\/\/sitiabeach.com\/fr\/informations-utiles\/","url":"https:\/\/sitiabeach.com\/fr\/informations-utiles\/","name":"INFORMATIONS H\u00d4TELI\u00c8RES DE A \u00c0 Z | SITIA BEACH CITY RESORT &amp; SPA","isPartOf":{"@id":"https:\/\/sitiabeach.com\/#website"},"primaryImageOfPage":{"@id":"https:\/\/sitiabeach.com\/fr\/informations-utiles\/#primaryimage"},"image":{"@id":"https:\/\/sitiabeach.com\/fr\/informations-utiles\/#primaryimage"},"thumbnailUrl":"https:\/\/sitiabeach.com\/wp-content\/uploads\/2020\/07\/Reception-1920.jpg","datePublished":"2020-07-30T10:33:29+00:00","dateModified":"2025-10-23T18:34:01+00:00","breadcrumb":{"@id":"https:\/\/sitiabeach.com\/fr\/informations-utiles\/#breadcrumb"},"inLanguage":"fr-FR","potentialAction":[{"@type":"ReadAction","target":["https:\/\/sitiabeach.com\/fr\/informations-utiles\/"]}]},{"@type":"ImageObject","inLanguage":"fr-FR","@id":"https:\/\/sitiabeach.com\/fr\/informations-utiles\/#primaryimage","url":"https:\/\/sitiabeach.com\/wp-content\/uploads\/2020\/07\/Reception-1920.jpg","contentUrl":"https:\/\/sitiabeach.com\/wp-content\/uploads\/2020\/07\/Reception-1920.jpg","width":1920,"height":1280},{"@type":"BreadcrumbList","@id":"https:\/\/sitiabeach.com\/fr\/informations-utiles\/#breadcrumb","itemListElement":[{"@type":"ListItem","position":1,"name":"Home","item":"https:\/\/sitiabeach.com\/fr\/"},{"@type":"ListItem","position":2,"name":"INFORMATIONS H\u00d4TELI\u00c8RES DE A \u00c0 Z"}]},{"@type":"WebSite","@id":"https:\/\/sitiabeach.com\/#website","url":"https:\/\/sitiabeach.com\/","name":"SITIA BEACH CITY RESORT &amp; SPA","description":"KNOSSIANS A COLLECTION OF STORIES","publisher":{"@id":"https:\/\/sitiabeach.com\/#organization"},"potentialAction":[{"@type":"SearchAction","target":{"@type":"EntryPoint","urlTemplate":"https:\/\/sitiabeach.com\/?s={search_term_string}"},"query-input":{"@type":"PropertyValueSpecification","valueRequired":true,"valueName":"search_term_string"}}],"inLanguage":"fr-FR"},{"@type":"Organization","@id":"https:\/\/sitiabeach.com\/#organization","name":"Sitia Beach City Resort & Spa","url":"https:\/\/sitiabeach.com\/","logo":{"@type":"ImageObject","inLanguage":"fr-FR","@id":"https:\/\/sitiabeach.com\/#\/schema\/logo\/image\/","url":"https:\/\/www.sitiabeach.com\/wp-content\/uploads\/sites\/2\/2019\/08\/sitia-beach-resort-logo.png","contentUrl":"https:\/\/www.sitiabeach.com\/wp-content\/uploads\/sites\/2\/2019\/08\/sitia-beach-resort-logo.png","width":320,"height":135,"caption":"Sitia Beach City Resort & Spa"},"image":{"@id":"https:\/\/sitiabeach.com\/#\/schema\/logo\/image\/"}}]}},"_links":{"self":[{"href":"https:\/\/sitiabeach.com\/fr\/wp-json\/wp\/v2\/pages\/1419","targetHints":{"allow":["GET"]}}],"collection":[{"href":"https:\/\/sitiabeach.com\/fr\/wp-json\/wp\/v2\/pages"}],"about":[{"href":"https:\/\/sitiabeach.com\/fr\/wp-json\/wp\/v2\/types\/page"}],"author":[{"embeddable":true,"href":"https:\/\/sitiabeach.com\/fr\/wp-json\/wp\/v2\/users\/1"}],"replies":[{"embeddable":true,"href":"https:\/\/sitiabeach.com\/fr\/wp-json\/wp\/v2\/comments?post=1419"}],"version-history":[{"count":10,"href":"https:\/\/sitiabeach.com\/fr\/wp-json\/wp\/v2\/pages\/1419\/revisions"}],"predecessor-version":[{"id":1841,"href":"https:\/\/sitiabeach.com\/fr\/wp-json\/wp\/v2\/pages\/1419\/revisions\/1841"}],"wp:featuredmedia":[{"embeddable":true,"href":"https:\/\/sitiabeach.com\/fr\/wp-json\/wp\/v2\/media\/1407"}],"wp:attachment":[{"href":"https:\/\/sitiabeach.com\/fr\/wp-json\/wp\/v2\/media?parent=1419"}],"curies":[{"name":"wp","href":"https:\/\/api.w.org\/{rel}","templated":true}]}}