{"id":159,"date":"2019-08-07T10:02:50","date_gmt":"2019-08-07T10:02:50","guid":{"rendered":"http:\/\/www.sitiabeach.com\/accommodation\/"},"modified":"2022-10-10T23:44:09","modified_gmt":"2022-10-10T20:44:09","slug":"accommodation","status":"publish","type":"page","link":"https:\/\/sitiabeach.com\/de\/accommodation\/","title":{"rendered":"Unterbringung"},"content":{"rendered":"<p><img decoding=\"async\" src=\"https:\/\/pixel.sojern.com\/pixel\/img\/341870?p_v=2&amp;f_v=v3_image&amp;vid=hot\" alt=\"Sojern Pixel\" \/><br \/>\nAlles, was man f\u00fcr einen angenehmen und erholsamen Urlaub braucht!<\/p>\n<p>Die 162 ger\u00e4umigen und komfortabel eingerichtete Zimmern, Suiten und Bungalows bieten alle Annehmlichkeiten f\u00fcr einen angenehmen und komfortablen Aufenthalt im Urlaub oder auf Gesch\u00e4ftsreise.<\/p>\n<p>Die Zimmer verf\u00fcgen \u00fcber ein ger\u00e4umiges, in erdigen T\u00f6nen gehaltenes Bad. Alle Zimmer bieten einen herrlichen Blick in die gr\u00fcne Landschaft der Umgebung oder das weite Blau des Meeres.<\/p>\n<p>Alle Zimmer werden mit Respekt auf den <a href=\"https:\/\/www.sitiabeach.com\/de\/sustainability\/\">Umweltschutz<\/a> gereinigt und nach den Ma\u00dfst\u00e4ben der <a href=\"https:\/\/www.ecarf.org\/\">ECARF<\/a> (European Centre Allergy Research Foundation) mit R\u00fccksicht auf unsere allergischen G\u00e4ste gepflegt.<\/p>\n<p>Dar\u00fcber hinaus bietet das Hotel speziell ausgestattetes Zimmer f\u00fcr behinderte Menschen, um auch diesen einen angenehmen und barrierefreien Urlaub zu erm\u00f6glichen.<\/p>\n","protected":false},"excerpt":{"rendered":"<p>Alles, was man f\u00fcr einen angenehmen und erholsamen Urlaub braucht! Die 162 ger\u00e4umigen und komfortabel eingerichtete Zimmern, Suiten und Bungalows bieten alle Annehmlichkeiten f\u00fcr einen angenehmen und komfortablen Aufenthalt im Urlaub oder auf Gesch\u00e4ftsreise. Die Zimmer verf\u00fcgen \u00fcber ein ger\u00e4umiges, in erdigen T\u00f6nen gehaltenes Bad. Alle Zimmer bieten einen herrlichen Blick in die gr\u00fcne Landschaft [&hellip;]<\/p>\n","protected":false},"author":1,"featured_media":1913,"parent":0,"menu_order":0,"comment_status":"closed","ping_status":"closed","template":"templates\/accomodation.php","meta":{"footnotes":""},"class_list":["post-159","page","type-page","status-publish","has-post-thumbnail","hentry"],"yoast_head":"<!-- This site is optimized with the Yoast SEO plugin v25.1 - https:\/\/yoast.com\/wordpress\/plugins\/seo\/ -->\n<title>Unterbringung | SITIA BEACH CITY RESORT &amp; SPA<\/title>\n<meta name=\"robots\" content=\"index, follow, max-snippet:-1, max-image-preview:large, max-video-preview:-1\" \/>\n<link rel=\"canonical\" href=\"https:\/\/sitiabeach.com\/de\/accommodation\/\" \/>\n<meta property=\"og:locale\" content=\"de_DE\" \/>\n<meta property=\"og:type\" content=\"article\" \/>\n<meta property=\"og:title\" content=\"Unterbringung | SITIA BEACH CITY RESORT &amp; SPA\" \/>\n<meta property=\"og:description\" content=\"Alles, was man f\u00fcr einen angenehmen und erholsamen Urlaub braucht! Die 162 ger\u00e4umigen und komfortabel eingerichtete Zimmern, Suiten und Bungalows bieten alle Annehmlichkeiten f\u00fcr einen angenehmen und komfortablen Aufenthalt im Urlaub oder auf Gesch\u00e4ftsreise. Die Zimmer verf\u00fcgen \u00fcber ein ger\u00e4umiges, in erdigen T\u00f6nen gehaltenes Bad. Alle Zimmer bieten einen herrlichen Blick in die gr\u00fcne Landschaft [&hellip;]\" \/>\n<meta property=\"og:url\" content=\"https:\/\/sitiabeach.com\/de\/accommodation\/\" \/>\n<meta property=\"og:site_name\" content=\"SITIA BEACH CITY RESORT &amp; SPA\" \/>\n<meta property=\"article:modified_time\" content=\"2022-10-10T20:44:09+00:00\" \/>\n<meta property=\"og:image\" content=\"https:\/\/pixel.sojern.com\/pixel\/img\/341870?p_v=2&amp;f_v=v3_image&amp;vid=hot\" \/>\n<meta name=\"twitter:card\" content=\"summary_large_image\" \/>\n<meta name=\"twitter:label1\" content=\"Gesch\u00e4tzte Lesezeit\" \/>\n\t<meta name=\"twitter:data1\" content=\"1\u00a0Minute\" \/>\n<script type=\"application\/ld+json\" class=\"yoast-schema-graph\">{\"@context\":\"https:\/\/schema.org\",\"@graph\":[{\"@type\":\"WebPage\",\"@id\":\"https:\/\/sitiabeach.com\/de\/accommodation\/\",\"url\":\"https:\/\/sitiabeach.com\/de\/accommodation\/\",\"name\":\"Unterbringung | SITIA BEACH CITY RESORT &amp; SPA\",\"isPartOf\":{\"@id\":\"https:\/\/sitiabeach.com\/#website\"},\"primaryImageOfPage\":{\"@id\":\"https:\/\/sitiabeach.com\/de\/accommodation\/#primaryimage\"},\"image\":{\"@id\":\"https:\/\/sitiabeach.com\/de\/accommodation\/#primaryimage\"},\"thumbnailUrl\":\"https:\/\/sitiabeach.com\/wp-content\/uploads\/2025\/11\/Sitia-Beach0001.jpg\",\"datePublished\":\"2019-08-07T10:02:50+00:00\",\"dateModified\":\"2022-10-10T20:44:09+00:00\",\"breadcrumb\":{\"@id\":\"https:\/\/sitiabeach.com\/de\/accommodation\/#breadcrumb\"},\"inLanguage\":\"de\",\"potentialAction\":[{\"@type\":\"ReadAction\",\"target\":[\"https:\/\/sitiabeach.com\/de\/accommodation\/\"]}]},{\"@type\":\"ImageObject\",\"inLanguage\":\"de\",\"@id\":\"https:\/\/sitiabeach.com\/de\/accommodation\/#primaryimage\",\"url\":\"https:\/\/sitiabeach.com\/wp-content\/uploads\/2025\/11\/Sitia-Beach0001.jpg\",\"contentUrl\":\"https:\/\/sitiabeach.com\/wp-content\/uploads\/2025\/11\/Sitia-Beach0001.jpg\",\"width\":2048,\"height\":1536},{\"@type\":\"BreadcrumbList\",\"@id\":\"https:\/\/sitiabeach.com\/de\/accommodation\/#breadcrumb\",\"itemListElement\":[{\"@type\":\"ListItem\",\"position\":1,\"name\":\"Home\",\"item\":\"https:\/\/sitiabeach.com\/de\/\"},{\"@type\":\"ListItem\",\"position\":2,\"name\":\"Unterbringung\"}]},{\"@type\":\"WebSite\",\"@id\":\"https:\/\/sitiabeach.com\/#website\",\"url\":\"https:\/\/sitiabeach.com\/\",\"name\":\"SITIA BEACH CITY RESORT &amp; SPA\",\"description\":\"KNOSSIANS A COLLECTION OF STORIES\",\"publisher\":{\"@id\":\"https:\/\/sitiabeach.com\/#organization\"},\"potentialAction\":[{\"@type\":\"SearchAction\",\"target\":{\"@type\":\"EntryPoint\",\"urlTemplate\":\"https:\/\/sitiabeach.com\/?s={search_term_string}\"},\"query-input\":{\"@type\":\"PropertyValueSpecification\",\"valueRequired\":true,\"valueName\":\"search_term_string\"}}],\"inLanguage\":\"de\"},{\"@type\":\"Organization\",\"@id\":\"https:\/\/sitiabeach.com\/#organization\",\"name\":\"Sitia Beach City Resort & Spa\",\"url\":\"https:\/\/sitiabeach.com\/\",\"logo\":{\"@type\":\"ImageObject\",\"inLanguage\":\"de\",\"@id\":\"https:\/\/sitiabeach.com\/#\/schema\/logo\/image\/\",\"url\":\"https:\/\/www.sitiabeach.com\/wp-content\/uploads\/sites\/2\/2019\/08\/sitia-beach-resort-logo.png\",\"contentUrl\":\"https:\/\/www.sitiabeach.com\/wp-content\/uploads\/sites\/2\/2019\/08\/sitia-beach-resort-logo.png\",\"width\":320,\"height\":135,\"caption\":\"Sitia Beach City Resort & Spa\"},\"image\":{\"@id\":\"https:\/\/sitiabeach.com\/#\/schema\/logo\/image\/\"}}]}<\/script>\n<!-- \/ Yoast SEO plugin. -->","yoast_head_json":{"title":"Unterbringung | SITIA BEACH CITY RESORT &amp; SPA","robots":{"index":"index","follow":"follow","max-snippet":"max-snippet:-1","max-image-preview":"max-image-preview:large","max-video-preview":"max-video-preview:-1"},"canonical":"https:\/\/sitiabeach.com\/de\/accommodation\/","og_locale":"de_DE","og_type":"article","og_title":"Unterbringung | SITIA BEACH CITY RESORT &amp; SPA","og_description":"Alles, was man f\u00fcr einen angenehmen und erholsamen Urlaub braucht! Die 162 ger\u00e4umigen und komfortabel eingerichtete Zimmern, Suiten und Bungalows bieten alle Annehmlichkeiten f\u00fcr einen angenehmen und komfortablen Aufenthalt im Urlaub oder auf Gesch\u00e4ftsreise. Die Zimmer verf\u00fcgen \u00fcber ein ger\u00e4umiges, in erdigen T\u00f6nen gehaltenes Bad. Alle Zimmer bieten einen herrlichen Blick in die gr\u00fcne Landschaft [&hellip;]","og_url":"https:\/\/sitiabeach.com\/de\/accommodation\/","og_site_name":"SITIA BEACH CITY RESORT &amp; SPA","article_modified_time":"2022-10-10T20:44:09+00:00","og_image":[{"url":"https:\/\/pixel.sojern.com\/pixel\/img\/341870?p_v=2&amp;f_v=v3_image&amp;vid=hot","type":"","width":"","height":""}],"twitter_card":"summary_large_image","twitter_misc":{"Gesch\u00e4tzte Lesezeit":"1\u00a0Minute"},"schema":{"@context":"https:\/\/schema.org","@graph":[{"@type":"WebPage","@id":"https:\/\/sitiabeach.com\/de\/accommodation\/","url":"https:\/\/sitiabeach.com\/de\/accommodation\/","name":"Unterbringung | SITIA BEACH CITY RESORT &amp; SPA","isPartOf":{"@id":"https:\/\/sitiabeach.com\/#website"},"primaryImageOfPage":{"@id":"https:\/\/sitiabeach.com\/de\/accommodation\/#primaryimage"},"image":{"@id":"https:\/\/sitiabeach.com\/de\/accommodation\/#primaryimage"},"thumbnailUrl":"https:\/\/sitiabeach.com\/wp-content\/uploads\/2025\/11\/Sitia-Beach0001.jpg","datePublished":"2019-08-07T10:02:50+00:00","dateModified":"2022-10-10T20:44:09+00:00","breadcrumb":{"@id":"https:\/\/sitiabeach.com\/de\/accommodation\/#breadcrumb"},"inLanguage":"de","potentialAction":[{"@type":"ReadAction","target":["https:\/\/sitiabeach.com\/de\/accommodation\/"]}]},{"@type":"ImageObject","inLanguage":"de","@id":"https:\/\/sitiabeach.com\/de\/accommodation\/#primaryimage","url":"https:\/\/sitiabeach.com\/wp-content\/uploads\/2025\/11\/Sitia-Beach0001.jpg","contentUrl":"https:\/\/sitiabeach.com\/wp-content\/uploads\/2025\/11\/Sitia-Beach0001.jpg","width":2048,"height":1536},{"@type":"BreadcrumbList","@id":"https:\/\/sitiabeach.com\/de\/accommodation\/#breadcrumb","itemListElement":[{"@type":"ListItem","position":1,"name":"Home","item":"https:\/\/sitiabeach.com\/de\/"},{"@type":"ListItem","position":2,"name":"Unterbringung"}]},{"@type":"WebSite","@id":"https:\/\/sitiabeach.com\/#website","url":"https:\/\/sitiabeach.com\/","name":"SITIA BEACH CITY RESORT &amp; SPA","description":"KNOSSIANS A COLLECTION OF STORIES","publisher":{"@id":"https:\/\/sitiabeach.com\/#organization"},"potentialAction":[{"@type":"SearchAction","target":{"@type":"EntryPoint","urlTemplate":"https:\/\/sitiabeach.com\/?s={search_term_string}"},"query-input":{"@type":"PropertyValueSpecification","valueRequired":true,"valueName":"search_term_string"}}],"inLanguage":"de"},{"@type":"Organization","@id":"https:\/\/sitiabeach.com\/#organization","name":"Sitia Beach City Resort & Spa","url":"https:\/\/sitiabeach.com\/","logo":{"@type":"ImageObject","inLanguage":"de","@id":"https:\/\/sitiabeach.com\/#\/schema\/logo\/image\/","url":"https:\/\/www.sitiabeach.com\/wp-content\/uploads\/sites\/2\/2019\/08\/sitia-beach-resort-logo.png","contentUrl":"https:\/\/www.sitiabeach.com\/wp-content\/uploads\/sites\/2\/2019\/08\/sitia-beach-resort-logo.png","width":320,"height":135,"caption":"Sitia Beach City Resort & Spa"},"image":{"@id":"https:\/\/sitiabeach.com\/#\/schema\/logo\/image\/"}}]}},"_links":{"self":[{"href":"https:\/\/sitiabeach.com\/de\/wp-json\/wp\/v2\/pages\/159","targetHints":{"allow":["GET"]}}],"collection":[{"href":"https:\/\/sitiabeach.com\/de\/wp-json\/wp\/v2\/pages"}],"about":[{"href":"https:\/\/sitiabeach.com\/de\/wp-json\/wp\/v2\/types\/page"}],"author":[{"embeddable":true,"href":"https:\/\/sitiabeach.com\/de\/wp-json\/wp\/v2\/users\/1"}],"replies":[{"embeddable":true,"href":"https:\/\/sitiabeach.com\/de\/wp-json\/wp\/v2\/comments?post=159"}],"version-history":[{"count":2,"href":"https:\/\/sitiabeach.com\/de\/wp-json\/wp\/v2\/pages\/159\/revisions"}],"predecessor-version":[{"id":1635,"href":"https:\/\/sitiabeach.com\/de\/wp-json\/wp\/v2\/pages\/159\/revisions\/1635"}],"wp:featuredmedia":[{"embeddable":true,"href":"https:\/\/sitiabeach.com\/de\/wp-json\/wp\/v2\/media\/1913"}],"wp:attachment":[{"href":"https:\/\/sitiabeach.com\/de\/wp-json\/wp\/v2\/media?parent=159"}],"curies":[{"name":"wp","href":"https:\/\/api.w.org\/{rel}","templated":true}]}}