{"id":148,"date":"2019-08-07T08:51:27","date_gmt":"2019-08-07T08:51:27","guid":{"rendered":"http:\/\/www.sitiabeach.com\/the-hotel\/"},"modified":"2022-10-12T00:12:39","modified_gmt":"2022-10-11T21:12:39","slug":"the-hotel","status":"publish","type":"page","link":"https:\/\/sitiabeach.com\/de\/the-hotel\/","title":{"rendered":"Das Hotel"},"content":{"rendered":"<p>Sitia Beach City Resort &amp; Spa ist das einzige 5-Sterne-Hotel in Sitia, an einem privaten Sandstrand in der Bucht von Sitia gelegen und 300 Meter vom Stadtzentrum entfernt, ein ideales Ziel f\u00fcr kurze Spazierg\u00e4nge in den Stra\u00dfen von Sitia und f\u00fcr Ausfl\u00fcge zu wundersch\u00f6nen Zielen nat\u00fcrliche und kulturellen Reichtum der Region.<\/p>\n<p>Genie\u00dfen Sie Ihren Aufenthalt in unserem Hotel mit seinen modernen Einrichtungen und dem \u00fcppigen Garten. Genie\u00dfen Sie im Sommer die kretische Sonne an einem unserer Pools oder am Strand. Im Winter k\u00f6nnen Sie ein Glas griechischen Wein in der Lobby versuchen oder ein Buch lesen, das Sie in unserer kleinen Bibliothek finden. Probieren Sie traditionelle Gerichte in unserem Restaurant oder genie\u00dfen Sie eine Massage durch das geschulte Personal des Spa. Das ganze Jahr \u00fcber k\u00f6nnen Sie die Sehensw\u00fcrdigkeiten der Region erkunden.<\/p>\n<p>Das Sitia Beach City Resort &amp; Spa ist ein Ziel f\u00fcr jede Jahreszeit f\u00fcr ein unvergessliches Urlaubserlebnis!<\/p>\n","protected":false},"excerpt":{"rendered":"<p>Sitia Beach City Resort &amp; Spa ist das einzige 5-Sterne-Hotel in Sitia, an einem privaten Sandstrand in der Bucht von Sitia gelegen und 300 Meter vom Stadtzentrum entfernt, ein ideales Ziel f\u00fcr kurze Spazierg\u00e4nge in den Stra\u00dfen von Sitia und f\u00fcr Ausfl\u00fcge zu wundersch\u00f6nen Zielen nat\u00fcrliche und kulturellen Reichtum der Region. Genie\u00dfen Sie Ihren Aufenthalt [&hellip;]<\/p>\n","protected":false},"author":1,"featured_media":1913,"parent":0,"menu_order":0,"comment_status":"closed","ping_status":"closed","template":"templates\/hotel.php","meta":{"footnotes":""},"class_list":["post-148","page","type-page","status-publish","has-post-thumbnail","hentry"],"yoast_head":"<!-- This site is optimized with the Yoast SEO plugin v25.1 - https:\/\/yoast.com\/wordpress\/plugins\/seo\/ -->\n<title>Das Hotel | SITIA BEACH CITY RESORT &amp; SPA<\/title>\n<meta name=\"robots\" content=\"index, follow, max-snippet:-1, max-image-preview:large, max-video-preview:-1\" \/>\n<link rel=\"canonical\" href=\"https:\/\/sitiabeach.com\/de\/the-hotel\/\" \/>\n<meta property=\"og:locale\" content=\"de_DE\" \/>\n<meta property=\"og:type\" content=\"article\" \/>\n<meta property=\"og:title\" content=\"Das Hotel | SITIA BEACH CITY RESORT &amp; SPA\" \/>\n<meta property=\"og:description\" content=\"Sitia Beach City Resort &amp; Spa ist das einzige 5-Sterne-Hotel in Sitia, an einem privaten Sandstrand in der Bucht von Sitia gelegen und 300 Meter vom Stadtzentrum entfernt, ein ideales Ziel f\u00fcr kurze Spazierg\u00e4nge in den Stra\u00dfen von Sitia und f\u00fcr Ausfl\u00fcge zu wundersch\u00f6nen Zielen nat\u00fcrliche und kulturellen Reichtum der Region. Genie\u00dfen Sie Ihren Aufenthalt [&hellip;]\" \/>\n<meta property=\"og:url\" content=\"https:\/\/sitiabeach.com\/de\/the-hotel\/\" \/>\n<meta property=\"og:site_name\" content=\"SITIA BEACH CITY RESORT &amp; SPA\" \/>\n<meta property=\"article:modified_time\" content=\"2022-10-11T21:12:39+00:00\" \/>\n<meta property=\"og:image\" content=\"http:\/\/sitiabeach.com\/wp-content\/uploads\/2019\/08\/sitia-beach-resort-hotel-hp-slideshow-01.jpg\" \/>\n\t<meta property=\"og:image:width\" content=\"1920\" \/>\n\t<meta property=\"og:image:height\" content=\"980\" \/>\n\t<meta property=\"og:image:type\" content=\"image\/jpeg\" \/>\n<meta name=\"twitter:card\" content=\"summary_large_image\" \/>\n<meta name=\"twitter:label1\" content=\"Gesch\u00e4tzte Lesezeit\" \/>\n\t<meta name=\"twitter:data1\" content=\"1\u00a0Minute\" \/>\n<script type=\"application\/ld+json\" class=\"yoast-schema-graph\">{\"@context\":\"https:\/\/schema.org\",\"@graph\":[{\"@type\":\"WebPage\",\"@id\":\"https:\/\/sitiabeach.com\/de\/the-hotel\/\",\"url\":\"https:\/\/sitiabeach.com\/de\/the-hotel\/\",\"name\":\"Das Hotel | SITIA BEACH CITY RESORT &amp; SPA\",\"isPartOf\":{\"@id\":\"https:\/\/sitiabeach.com\/#website\"},\"primaryImageOfPage\":{\"@id\":\"https:\/\/sitiabeach.com\/de\/the-hotel\/#primaryimage\"},\"image\":{\"@id\":\"https:\/\/sitiabeach.com\/de\/the-hotel\/#primaryimage\"},\"thumbnailUrl\":\"https:\/\/sitiabeach.com\/wp-content\/uploads\/2025\/11\/Sitia-Beach0001.jpg\",\"datePublished\":\"2019-08-07T08:51:27+00:00\",\"dateModified\":\"2022-10-11T21:12:39+00:00\",\"breadcrumb\":{\"@id\":\"https:\/\/sitiabeach.com\/de\/the-hotel\/#breadcrumb\"},\"inLanguage\":\"de\",\"potentialAction\":[{\"@type\":\"ReadAction\",\"target\":[\"https:\/\/sitiabeach.com\/de\/the-hotel\/\"]}]},{\"@type\":\"ImageObject\",\"inLanguage\":\"de\",\"@id\":\"https:\/\/sitiabeach.com\/de\/the-hotel\/#primaryimage\",\"url\":\"https:\/\/sitiabeach.com\/wp-content\/uploads\/2025\/11\/Sitia-Beach0001.jpg\",\"contentUrl\":\"https:\/\/sitiabeach.com\/wp-content\/uploads\/2025\/11\/Sitia-Beach0001.jpg\",\"width\":2048,\"height\":1536},{\"@type\":\"BreadcrumbList\",\"@id\":\"https:\/\/sitiabeach.com\/de\/the-hotel\/#breadcrumb\",\"itemListElement\":[{\"@type\":\"ListItem\",\"position\":1,\"name\":\"Home\",\"item\":\"https:\/\/sitiabeach.com\/de\/\"},{\"@type\":\"ListItem\",\"position\":2,\"name\":\"Das Hotel\"}]},{\"@type\":\"WebSite\",\"@id\":\"https:\/\/sitiabeach.com\/#website\",\"url\":\"https:\/\/sitiabeach.com\/\",\"name\":\"SITIA BEACH CITY RESORT &amp; SPA\",\"description\":\"KNOSSIANS A COLLECTION OF STORIES\",\"publisher\":{\"@id\":\"https:\/\/sitiabeach.com\/#organization\"},\"potentialAction\":[{\"@type\":\"SearchAction\",\"target\":{\"@type\":\"EntryPoint\",\"urlTemplate\":\"https:\/\/sitiabeach.com\/?s={search_term_string}\"},\"query-input\":{\"@type\":\"PropertyValueSpecification\",\"valueRequired\":true,\"valueName\":\"search_term_string\"}}],\"inLanguage\":\"de\"},{\"@type\":\"Organization\",\"@id\":\"https:\/\/sitiabeach.com\/#organization\",\"name\":\"Sitia Beach City Resort & Spa\",\"url\":\"https:\/\/sitiabeach.com\/\",\"logo\":{\"@type\":\"ImageObject\",\"inLanguage\":\"de\",\"@id\":\"https:\/\/sitiabeach.com\/#\/schema\/logo\/image\/\",\"url\":\"https:\/\/www.sitiabeach.com\/wp-content\/uploads\/sites\/2\/2019\/08\/sitia-beach-resort-logo.png\",\"contentUrl\":\"https:\/\/www.sitiabeach.com\/wp-content\/uploads\/sites\/2\/2019\/08\/sitia-beach-resort-logo.png\",\"width\":320,\"height\":135,\"caption\":\"Sitia Beach City Resort & Spa\"},\"image\":{\"@id\":\"https:\/\/sitiabeach.com\/#\/schema\/logo\/image\/\"}}]}<\/script>\n<!-- \/ Yoast SEO plugin. -->","yoast_head_json":{"title":"Das Hotel | SITIA BEACH CITY RESORT &amp; SPA","robots":{"index":"index","follow":"follow","max-snippet":"max-snippet:-1","max-image-preview":"max-image-preview:large","max-video-preview":"max-video-preview:-1"},"canonical":"https:\/\/sitiabeach.com\/de\/the-hotel\/","og_locale":"de_DE","og_type":"article","og_title":"Das Hotel | SITIA BEACH CITY RESORT &amp; SPA","og_description":"Sitia Beach City Resort &amp; Spa ist das einzige 5-Sterne-Hotel in Sitia, an einem privaten Sandstrand in der Bucht von Sitia gelegen und 300 Meter vom Stadtzentrum entfernt, ein ideales Ziel f\u00fcr kurze Spazierg\u00e4nge in den Stra\u00dfen von Sitia und f\u00fcr Ausfl\u00fcge zu wundersch\u00f6nen Zielen nat\u00fcrliche und kulturellen Reichtum der Region. Genie\u00dfen Sie Ihren Aufenthalt [&hellip;]","og_url":"https:\/\/sitiabeach.com\/de\/the-hotel\/","og_site_name":"SITIA BEACH CITY RESORT &amp; SPA","article_modified_time":"2022-10-11T21:12:39+00:00","og_image":[{"width":1920,"height":980,"url":"http:\/\/sitiabeach.com\/wp-content\/uploads\/2019\/08\/sitia-beach-resort-hotel-hp-slideshow-01.jpg","type":"image\/jpeg"}],"twitter_card":"summary_large_image","twitter_misc":{"Gesch\u00e4tzte Lesezeit":"1\u00a0Minute"},"schema":{"@context":"https:\/\/schema.org","@graph":[{"@type":"WebPage","@id":"https:\/\/sitiabeach.com\/de\/the-hotel\/","url":"https:\/\/sitiabeach.com\/de\/the-hotel\/","name":"Das Hotel | SITIA BEACH CITY RESORT &amp; SPA","isPartOf":{"@id":"https:\/\/sitiabeach.com\/#website"},"primaryImageOfPage":{"@id":"https:\/\/sitiabeach.com\/de\/the-hotel\/#primaryimage"},"image":{"@id":"https:\/\/sitiabeach.com\/de\/the-hotel\/#primaryimage"},"thumbnailUrl":"https:\/\/sitiabeach.com\/wp-content\/uploads\/2025\/11\/Sitia-Beach0001.jpg","datePublished":"2019-08-07T08:51:27+00:00","dateModified":"2022-10-11T21:12:39+00:00","breadcrumb":{"@id":"https:\/\/sitiabeach.com\/de\/the-hotel\/#breadcrumb"},"inLanguage":"de","potentialAction":[{"@type":"ReadAction","target":["https:\/\/sitiabeach.com\/de\/the-hotel\/"]}]},{"@type":"ImageObject","inLanguage":"de","@id":"https:\/\/sitiabeach.com\/de\/the-hotel\/#primaryimage","url":"https:\/\/sitiabeach.com\/wp-content\/uploads\/2025\/11\/Sitia-Beach0001.jpg","contentUrl":"https:\/\/sitiabeach.com\/wp-content\/uploads\/2025\/11\/Sitia-Beach0001.jpg","width":2048,"height":1536},{"@type":"BreadcrumbList","@id":"https:\/\/sitiabeach.com\/de\/the-hotel\/#breadcrumb","itemListElement":[{"@type":"ListItem","position":1,"name":"Home","item":"https:\/\/sitiabeach.com\/de\/"},{"@type":"ListItem","position":2,"name":"Das Hotel"}]},{"@type":"WebSite","@id":"https:\/\/sitiabeach.com\/#website","url":"https:\/\/sitiabeach.com\/","name":"SITIA BEACH CITY RESORT &amp; SPA","description":"KNOSSIANS A COLLECTION OF STORIES","publisher":{"@id":"https:\/\/sitiabeach.com\/#organization"},"potentialAction":[{"@type":"SearchAction","target":{"@type":"EntryPoint","urlTemplate":"https:\/\/sitiabeach.com\/?s={search_term_string}"},"query-input":{"@type":"PropertyValueSpecification","valueRequired":true,"valueName":"search_term_string"}}],"inLanguage":"de"},{"@type":"Organization","@id":"https:\/\/sitiabeach.com\/#organization","name":"Sitia Beach City Resort & Spa","url":"https:\/\/sitiabeach.com\/","logo":{"@type":"ImageObject","inLanguage":"de","@id":"https:\/\/sitiabeach.com\/#\/schema\/logo\/image\/","url":"https:\/\/www.sitiabeach.com\/wp-content\/uploads\/sites\/2\/2019\/08\/sitia-beach-resort-logo.png","contentUrl":"https:\/\/www.sitiabeach.com\/wp-content\/uploads\/sites\/2\/2019\/08\/sitia-beach-resort-logo.png","width":320,"height":135,"caption":"Sitia Beach City Resort & Spa"},"image":{"@id":"https:\/\/sitiabeach.com\/#\/schema\/logo\/image\/"}}]}},"_links":{"self":[{"href":"https:\/\/sitiabeach.com\/de\/wp-json\/wp\/v2\/pages\/148","targetHints":{"allow":["GET"]}}],"collection":[{"href":"https:\/\/sitiabeach.com\/de\/wp-json\/wp\/v2\/pages"}],"about":[{"href":"https:\/\/sitiabeach.com\/de\/wp-json\/wp\/v2\/types\/page"}],"author":[{"embeddable":true,"href":"https:\/\/sitiabeach.com\/de\/wp-json\/wp\/v2\/users\/1"}],"replies":[{"embeddable":true,"href":"https:\/\/sitiabeach.com\/de\/wp-json\/wp\/v2\/comments?post=148"}],"version-history":[{"count":4,"href":"https:\/\/sitiabeach.com\/de\/wp-json\/wp\/v2\/pages\/148\/revisions"}],"predecessor-version":[{"id":1658,"href":"https:\/\/sitiabeach.com\/de\/wp-json\/wp\/v2\/pages\/148\/revisions\/1658"}],"wp:featuredmedia":[{"embeddable":true,"href":"https:\/\/sitiabeach.com\/de\/wp-json\/wp\/v2\/media\/1913"}],"wp:attachment":[{"href":"https:\/\/sitiabeach.com\/de\/wp-json\/wp\/v2\/media?parent=148"}],"curies":[{"name":"wp","href":"https:\/\/api.w.org\/{rel}","templated":true}]}}